{"id":8784,"date":"2024-09-27T17:21:21","date_gmt":"2024-09-27T17:21:21","guid":{"rendered":"https:\/\/arhainteriors.ee\/?post_type=product&#038;p=8784"},"modified":"2024-09-27T17:21:21","modified_gmt":"2024-09-27T17:21:21","slug":"soogitool-hele-beez-6","status":"publish","type":"product","link":"https:\/\/arhainteriors.ee\/en\/toode\/soogitool-hele-beez-6\/","title":{"rendered":"S\u00f6\u00f6gitool, hele bee\u017e"},"content":{"rendered":"","protected":false},"excerpt":{"rendered":"<p>M\u00f5\u00f5dud: 46x54x81cm<br \/>\nIstekohtade laius (cm): 44<br \/>\nIstmete s\u00fcgavus (cm): 44<br \/>\nIstekohtade k\u00f5rgus (cm): 47<br \/>\nSeljatoe k\u00f5rgus (cm): 34<\/p>\n","protected":false},"featured_media":8785,"template":"","meta":{"_gspb_post_css":""},"product_brand":[286],"product_cat":[180,237],"product_tag":[],"class_list":{"0":"post-8784","1":"product","2":"type-product","3":"status-publish","4":"has-post-thumbnail","6":"product_brand-hk-living","7":"product_cat-toolid","8":"product_cat-soogilaua-toolid","10":"first","11":"instock","12":"taxable","13":"shipping-taxable","14":"purchasable","15":"product-type-simple"},"ct_brands":[{"id":286,"name":"HK Living","slug":"hk-living"}],"_links":{"self":[{"href":"https:\/\/arhainteriors.ee\/en\/wp-json\/wp\/v2\/product\/8784","targetHints":{"allow":["GET"]}}],"collection":[{"href":"https:\/\/arhainteriors.ee\/en\/wp-json\/wp\/v2\/product"}],"about":[{"href":"https:\/\/arhainteriors.ee\/en\/wp-json\/wp\/v2\/types\/product"}],"wp:featuredmedia":[{"embeddable":true,"href":"https:\/\/arhainteriors.ee\/en\/wp-json\/wp\/v2\/media\/8785"}],"wp:attachment":[{"href":"https:\/\/arhainteriors.ee\/en\/wp-json\/wp\/v2\/media?parent=8784"}],"wp:term":[{"taxonomy":"product_brand","embeddable":true,"href":"https:\/\/arhainteriors.ee\/en\/wp-json\/wp\/v2\/product_brand?post=8784"},{"taxonomy":"product_cat","embeddable":true,"href":"https:\/\/arhainteriors.ee\/en\/wp-json\/wp\/v2\/product_cat?post=8784"},{"taxonomy":"product_tag","embeddable":true,"href":"https:\/\/arhainteriors.ee\/en\/wp-json\/wp\/v2\/product_tag?post=8784"}],"curies":[{"name":"wp","href":"https:\/\/api.w.org\/{rel}","templated":true}]}}