{"id":8581,"date":"2024-09-27T13:30:11","date_gmt":"2024-09-27T13:30:11","guid":{"rendered":"https:\/\/arhainteriors.ee\/?post_type=product&#038;p=8581"},"modified":"2024-09-27T13:30:11","modified_gmt":"2024-09-27T13:30:11","slug":"soogilaud-kreemjas-2","status":"publish","type":"product","link":"https:\/\/arhainteriors.ee\/en\/toode\/soogilaud-kreemjas-2\/","title":{"rendered":"S\u00f6\u00f6gilaud, kreemjas"},"content":{"rendered":"","protected":false},"excerpt":{"rendered":"<p>M\u00f5\u00f5dud: 280x100x74cm<\/p>\n","protected":false},"featured_media":8582,"template":"","meta":{"_gspb_post_css":""},"product_brand":[286],"product_cat":[173,233],"product_tag":[],"class_list":{"0":"post-8581","1":"product","2":"type-product","3":"status-publish","4":"has-post-thumbnail","6":"product_brand-hk-living","7":"product_cat-lauad","8":"product_cat-soogilauad","10":"first","11":"instock","12":"taxable","13":"shipping-taxable","14":"purchasable","15":"product-type-simple"},"ct_brands":[{"id":286,"name":"HK Living","slug":"hk-living"}],"_links":{"self":[{"href":"https:\/\/arhainteriors.ee\/en\/wp-json\/wp\/v2\/product\/8581","targetHints":{"allow":["GET"]}}],"collection":[{"href":"https:\/\/arhainteriors.ee\/en\/wp-json\/wp\/v2\/product"}],"about":[{"href":"https:\/\/arhainteriors.ee\/en\/wp-json\/wp\/v2\/types\/product"}],"wp:featuredmedia":[{"embeddable":true,"href":"https:\/\/arhainteriors.ee\/en\/wp-json\/wp\/v2\/media\/8582"}],"wp:attachment":[{"href":"https:\/\/arhainteriors.ee\/en\/wp-json\/wp\/v2\/media?parent=8581"}],"wp:term":[{"taxonomy":"product_brand","embeddable":true,"href":"https:\/\/arhainteriors.ee\/en\/wp-json\/wp\/v2\/product_brand?post=8581"},{"taxonomy":"product_cat","embeddable":true,"href":"https:\/\/arhainteriors.ee\/en\/wp-json\/wp\/v2\/product_cat?post=8581"},{"taxonomy":"product_tag","embeddable":true,"href":"https:\/\/arhainteriors.ee\/en\/wp-json\/wp\/v2\/product_tag?post=8581"}],"curies":[{"name":"wp","href":"https:\/\/api.w.org\/{rel}","templated":true}]}}