{"id":8563,"date":"2024-09-27T13:19:58","date_gmt":"2024-09-27T13:19:58","guid":{"rendered":"https:\/\/arhainteriors.ee\/?post_type=product&#038;p=8563"},"modified":"2024-09-27T13:19:58","modified_gmt":"2024-09-27T13:19:58","slug":"soogilaud-oranz","status":"publish","type":"product","link":"https:\/\/arhainteriors.ee\/en\/toode\/soogilaud-oranz\/","title":{"rendered":"S\u00f6\u00f6gilaud, oran\u017e"},"content":{"rendered":"","protected":false},"excerpt":{"rendered":"<p>M\u00f5\u00f5dud: 220x90x74cm<\/p>\n","protected":false},"featured_media":8564,"template":"","meta":{"_gspb_post_css":""},"product_brand":[286],"product_cat":[173,233],"product_tag":[],"class_list":{"0":"post-8563","1":"product","2":"type-product","3":"status-publish","4":"has-post-thumbnail","6":"product_brand-hk-living","7":"product_cat-lauad","8":"product_cat-soogilauad","10":"first","11":"instock","12":"taxable","13":"shipping-taxable","14":"purchasable","15":"product-type-simple"},"ct_brands":[{"id":286,"name":"HK Living","slug":"hk-living"}],"_links":{"self":[{"href":"https:\/\/arhainteriors.ee\/en\/wp-json\/wp\/v2\/product\/8563","targetHints":{"allow":["GET"]}}],"collection":[{"href":"https:\/\/arhainteriors.ee\/en\/wp-json\/wp\/v2\/product"}],"about":[{"href":"https:\/\/arhainteriors.ee\/en\/wp-json\/wp\/v2\/types\/product"}],"wp:featuredmedia":[{"embeddable":true,"href":"https:\/\/arhainteriors.ee\/en\/wp-json\/wp\/v2\/media\/8564"}],"wp:attachment":[{"href":"https:\/\/arhainteriors.ee\/en\/wp-json\/wp\/v2\/media?parent=8563"}],"wp:term":[{"taxonomy":"product_brand","embeddable":true,"href":"https:\/\/arhainteriors.ee\/en\/wp-json\/wp\/v2\/product_brand?post=8563"},{"taxonomy":"product_cat","embeddable":true,"href":"https:\/\/arhainteriors.ee\/en\/wp-json\/wp\/v2\/product_cat?post=8563"},{"taxonomy":"product_tag","embeddable":true,"href":"https:\/\/arhainteriors.ee\/en\/wp-json\/wp\/v2\/product_tag?post=8563"}],"curies":[{"name":"wp","href":"https:\/\/api.w.org\/{rel}","templated":true}]}}