{"id":5687,"date":"2024-07-02T21:08:51","date_gmt":"2024-07-02T21:08:51","guid":{"rendered":"https:\/\/arhainteriors.ee\/?post_type=product&#038;p=5687"},"modified":"2024-08-09T22:46:56","modified_gmt":"2024-08-09T22:46:56","slug":"cs6046-f-boston-ookapp-avatud-sahtliga-calligaris","status":"publish","type":"product","link":"https:\/\/arhainteriors.ee\/en\/toode\/cs6046-f-boston-ookapp-avatud-sahtliga-calligaris\/","title":{"rendered":"CS6046-F BOSTON &#8211; \u00d6\u00f6kapp avatud sahtliga, Calligaris"},"content":{"rendered":"","protected":false},"excerpt":{"rendered":"<p><strong>Toote k\u00f5rgus:<\/strong> 50.16 cm \u00a0<strong>Laius: <\/strong>61.27 cm \u00a0<strong>S\u00fcgavus: <\/strong>45.08 cm<\/p>\n<p><strong><img loading=\"lazy\" decoding=\"async\" class=\"alignnone wp-image-7782\" src=\"https:\/\/arhainteriors.ee\/wp-content\/uploads\/2024\/07\/icons8-upload-32.png\" alt=\"\" width=\"18\" height=\"18\" \/><a href=\"https:\/\/www.calligaris.com\/media-prods\/3d2d\/cs6046-f1.dwg\"> fail <\/a><\/strong><a href=\"https:\/\/www.calligaris.com\/media-prods\/3d2d\/cs6046-f1.dwg\">dwg<\/a> , <strong><img loading=\"lazy\" decoding=\"async\" class=\"alignnone wp-image-7782\" src=\"https:\/\/arhainteriors.ee\/wp-content\/uploads\/2024\/07\/icons8-upload-32.png\" alt=\"\" width=\"18\" height=\"18\" \/> <a href=\"https:\/\/www.calligaris.com\/media-prods\/3d2d\/cs6046-f1.ndw\">fail<\/a><\/strong><strong>\u00a0<\/strong><a href=\"https:\/\/www.calligaris.com\/media-prods\/3d2d\/cs6046-f1.ndw\">ndw<\/a>\u00a0 , <strong><img loading=\"lazy\" decoding=\"async\" class=\"alignnone wp-image-7782\" src=\"https:\/\/arhainteriors.ee\/wp-content\/uploads\/2024\/07\/icons8-upload-32.png\" alt=\"\" width=\"18\" height=\"18\" \/> <a href=\"https:\/\/www.calligaris.com\/media-prods\/3d2d\/cs6046-f1.obj\">fail <\/a><\/strong><a href=\"https:\/\/www.calligaris.com\/media-prods\/3d2d\/cs6046-f1.obj\">obj<\/a><\/p>\n<p>CS6046-F BOSTON \u00f6\u00f6kapp, mis kiirgab elegantset modernsust. Sellel on \u00fcks k\u00e4epidemeta sahtel, mis avaneb t\u00f5uke-t\u00f5mbes\u00fcsteemi abil, mida t\u00e4iendab pehme sulgumismehhanism, et s\u00e4ilitada puhas ja voolujooneline v\u00e4limus. Lisaks on seal avatud sahtel hoiustamise paindlikkuse suurendamiseks. Saate valida alumiiniumist v\u00f5i puidust jalgade vahel, et sobitada raam sujuvalt oma eelistustega.<\/p>\n","protected":false},"featured_media":5688,"template":"","meta":{"_gspb_post_css":""},"product_brand":[266],"product_cat":[210],"product_tag":[],"class_list":{"0":"post-5687","1":"product","2":"type-product","3":"status-publish","4":"has-post-thumbnail","6":"product_brand-calligaris","7":"product_cat-ookapid","9":"first","10":"instock","11":"taxable","12":"shipping-taxable","13":"purchasable","14":"product-type-simple"},"ct_brands":[{"id":266,"name":"Calligaris","slug":"calligaris"}],"_links":{"self":[{"href":"https:\/\/arhainteriors.ee\/en\/wp-json\/wp\/v2\/product\/5687","targetHints":{"allow":["GET"]}}],"collection":[{"href":"https:\/\/arhainteriors.ee\/en\/wp-json\/wp\/v2\/product"}],"about":[{"href":"https:\/\/arhainteriors.ee\/en\/wp-json\/wp\/v2\/types\/product"}],"wp:featuredmedia":[{"embeddable":true,"href":"https:\/\/arhainteriors.ee\/en\/wp-json\/wp\/v2\/media\/5688"}],"wp:attachment":[{"href":"https:\/\/arhainteriors.ee\/en\/wp-json\/wp\/v2\/media?parent=5687"}],"wp:term":[{"taxonomy":"product_brand","embeddable":true,"href":"https:\/\/arhainteriors.ee\/en\/wp-json\/wp\/v2\/product_brand?post=5687"},{"taxonomy":"product_cat","embeddable":true,"href":"https:\/\/arhainteriors.ee\/en\/wp-json\/wp\/v2\/product_cat?post=5687"},{"taxonomy":"product_tag","embeddable":true,"href":"https:\/\/arhainteriors.ee\/en\/wp-json\/wp\/v2\/product_tag?post=5687"}],"curies":[{"name":"wp","href":"https:\/\/api.w.org\/{rel}","templated":true}]}}