{"id":5683,"date":"2024-07-02T21:04:59","date_gmt":"2024-07-02T21:04:59","guid":{"rendered":"https:\/\/arhainteriors.ee\/?post_type=product&#038;p=5683"},"modified":"2024-08-09T22:39:15","modified_gmt":"2024-08-09T22:39:15","slug":"cs4116-biblio-laud-koos-kaablihaldusega-calligaris","status":"publish","type":"product","link":"https:\/\/arhainteriors.ee\/en\/toode\/cs4116-biblio-laud-koos-kaablihaldusega-calligaris\/","title":{"rendered":"CS4116 BIBLIO &#8211;  Laud koos kaablihaldusega, Calligaris"},"content":{"rendered":"","protected":false},"excerpt":{"rendered":"<p><strong>Toote k\u00f5rgus:<\/strong> 102.23 cm \u00a0<strong>Laius: <\/strong>104.14\u00a0cm \u00a0<strong>S\u00fcgavus: <\/strong>53.02\u00a0cm<\/p>\n<p><strong><img loading=\"lazy\" decoding=\"async\" class=\"alignnone wp-image-7782\" src=\"https:\/\/arhainteriors.ee\/wp-content\/uploads\/2024\/07\/icons8-upload-32.png\" alt=\"\" width=\"18\" height=\"18\" \/> <a href=\"https:\/\/www.calligaris.com\/media-prods\/3d2d\/cs4116.dwg\">fail <\/a><\/strong><a href=\"https:\/\/www.calligaris.com\/media-prods\/3d2d\/cs4116.dwg\">dwg<\/a> , <strong><img loading=\"lazy\" decoding=\"async\" class=\"alignnone wp-image-7782\" src=\"https:\/\/arhainteriors.ee\/wp-content\/uploads\/2024\/07\/icons8-upload-32.png\" alt=\"\" width=\"18\" height=\"18\" \/> <a href=\"https:\/\/www.calligaris.com\/media-prods\/3d2d\/cs4116.ndw\">fail<\/a><\/strong><strong>\u00a0<\/strong><a href=\"https:\/\/www.calligaris.com\/media-prods\/3d2d\/cs4116.ndw\">ndw<\/a>\u00a0 , <strong><img loading=\"lazy\" decoding=\"async\" class=\"alignnone wp-image-7782\" src=\"https:\/\/arhainteriors.ee\/wp-content\/uploads\/2024\/07\/icons8-upload-32.png\" alt=\"\" width=\"18\" height=\"18\" \/> <a href=\"https:\/\/www.calligaris.com\/media-prods\/3d2d\/cs4116.obj\">fail <\/a><\/strong><a href=\"https:\/\/www.calligaris.com\/media-prods\/3d2d\/cs4116.obj\">obj<\/a> , <strong><img loading=\"lazy\" decoding=\"async\" class=\"alignnone wp-image-7782\" src=\"https:\/\/arhainteriors.ee\/wp-content\/uploads\/2024\/07\/icons8-upload-32.png\" alt=\"\" width=\"18\" height=\"18\" \/> <a href=\"https:\/\/www.calligaris.com\/media-prods\/imo\/H-A%204116%2001%2000.pdf\">monteerimisjuhend<\/a><\/strong><\/p>\n<p>CS4116 BIBLIO laud on kaasaegne kodukontori kirjutuslaud, millest \u00f5hkub peent retroh\u00f5ngu. Sellel on torujas metallraam, puidust pealispind, polsterdatud privaatsuspaneelid ja varjatud hoiusahtel.<\/p>\n<p>Nutika t\u00f6\u00f6 kontseptsioon kujundab tulevikku ja \u00f5ige t\u00f6\u00f6laua olemasolu kodus on \u00fclioluline. Elegantse regenereeritud nahkpaneeliga BIBLIO v\u00f5imaldab teil luua hubase ja produktiivse kontoriruumi mugavalt oma kodus. See on ideaalne valik inimestele, kes otsivad kodus spetsiaalset t\u00f6\u00f6ruumi.<\/p>\n","protected":false},"featured_media":5684,"template":"","meta":{"_gspb_post_css":""},"product_brand":[266],"product_cat":[235,173],"product_tag":[],"class_list":{"0":"post-5683","1":"product","2":"type-product","3":"status-publish","4":"has-post-thumbnail","6":"product_brand-calligaris","7":"product_cat-kirjutuslauad","8":"product_cat-lauad","10":"first","11":"instock","12":"taxable","13":"shipping-taxable","14":"purchasable","15":"product-type-simple"},"ct_brands":[{"id":266,"name":"Calligaris","slug":"calligaris"}],"_links":{"self":[{"href":"https:\/\/arhainteriors.ee\/en\/wp-json\/wp\/v2\/product\/5683","targetHints":{"allow":["GET"]}}],"collection":[{"href":"https:\/\/arhainteriors.ee\/en\/wp-json\/wp\/v2\/product"}],"about":[{"href":"https:\/\/arhainteriors.ee\/en\/wp-json\/wp\/v2\/types\/product"}],"wp:featuredmedia":[{"embeddable":true,"href":"https:\/\/arhainteriors.ee\/en\/wp-json\/wp\/v2\/media\/5684"}],"wp:attachment":[{"href":"https:\/\/arhainteriors.ee\/en\/wp-json\/wp\/v2\/media?parent=5683"}],"wp:term":[{"taxonomy":"product_brand","embeddable":true,"href":"https:\/\/arhainteriors.ee\/en\/wp-json\/wp\/v2\/product_brand?post=5683"},{"taxonomy":"product_cat","embeddable":true,"href":"https:\/\/arhainteriors.ee\/en\/wp-json\/wp\/v2\/product_cat?post=5683"},{"taxonomy":"product_tag","embeddable":true,"href":"https:\/\/arhainteriors.ee\/en\/wp-json\/wp\/v2\/product_tag?post=5683"}],"curies":[{"name":"wp","href":"https:\/\/api.w.org\/{rel}","templated":true}]}}