{"id":5681,"date":"2024-07-02T21:01:32","date_gmt":"2024-07-02T21:01:32","guid":{"rendered":"https:\/\/arhainteriors.ee\/?post_type=product&#038;p=5681"},"modified":"2024-08-09T22:43:32","modified_gmt":"2024-08-09T22:43:32","slug":"cs5139-r-bevel-peegel-raamita-ristkulikukujuline-calligaris","status":"publish","type":"product","link":"https:\/\/arhainteriors.ee\/en\/toode\/cs5139-r-bevel-peegel-raamita-ristkulikukujuline-calligaris\/","title":{"rendered":"CS5139-R BEVEL &#8211; Peegel raamita ristk\u00fclikukujuline, Calligaris"},"content":{"rendered":"","protected":false},"excerpt":{"rendered":"<p><strong>Toote k\u00f5rgus:<\/strong> 180.02 cm \u00a0<strong>Laius: <\/strong>90.17\u00a0cm \u00a0<strong>S\u00fcgavus: <\/strong>2.22 cm<\/p>\n<p><strong><img loading=\"lazy\" decoding=\"async\" class=\"alignnone wp-image-7782\" src=\"https:\/\/arhainteriors.ee\/wp-content\/uploads\/2024\/07\/icons8-upload-32.png\" alt=\"\" width=\"18\" height=\"18\" \/> <a href=\"https:\/\/www.calligaris.com\/media-prods\/imo\/H-A%205139%2001%2000.pdf\">monteerimisjuhend<\/a><\/strong><\/p>\n<p>CS5139-R BEVEL &#8211; Peegel \u00a0on hoolika disaini tulemus, mille eesm\u00e4rk on t\u00e4iustada pronksklaasist peegli t\u00f6\u00f6tlemist. Selle pehmet ja kutsuvat kuju t\u00f5stavad k\u00f5rgemale t\u00e4pselt valmistatud kalded, mis on strateegiliselt paigutatud, et r\u00f5hutada selle graatsilisi kumerusi. Peegelduste m\u00e4ng ja k\u00f5verjoonelised kujundid m\u00e4\u00e4ravad peegli elegantse v\u00e4limuse.<\/p>\n<p>Beveli peegel on saadaval nii ruudu- kui ka ristk\u00fclikukujulises suuruses ning valida on kahe k\u00fctkestava v\u00e4rvivariandi vahel. Ristk\u00fclikukujuline mudel pakub mitmek\u00fclgsust, v\u00f5imaldades seda paigutada nii vertikaalselt kui ka horisontaalselt, lisades igale ruumile rafineeritust.<\/p>\n","protected":false},"featured_media":5682,"template":"","meta":{"_gspb_post_css":""},"product_brand":[266],"product_cat":[215],"product_tag":[],"class_list":{"0":"post-5681","1":"product","2":"type-product","3":"status-publish","4":"has-post-thumbnail","6":"product_brand-calligaris","7":"product_cat-peeglid","9":"first","10":"instock","11":"taxable","12":"shipping-taxable","13":"purchasable","14":"product-type-simple"},"ct_brands":[{"id":266,"name":"Calligaris","slug":"calligaris"}],"_links":{"self":[{"href":"https:\/\/arhainteriors.ee\/en\/wp-json\/wp\/v2\/product\/5681","targetHints":{"allow":["GET"]}}],"collection":[{"href":"https:\/\/arhainteriors.ee\/en\/wp-json\/wp\/v2\/product"}],"about":[{"href":"https:\/\/arhainteriors.ee\/en\/wp-json\/wp\/v2\/types\/product"}],"wp:featuredmedia":[{"embeddable":true,"href":"https:\/\/arhainteriors.ee\/en\/wp-json\/wp\/v2\/media\/5682"}],"wp:attachment":[{"href":"https:\/\/arhainteriors.ee\/en\/wp-json\/wp\/v2\/media?parent=5681"}],"wp:term":[{"taxonomy":"product_brand","embeddable":true,"href":"https:\/\/arhainteriors.ee\/en\/wp-json\/wp\/v2\/product_brand?post=5681"},{"taxonomy":"product_cat","embeddable":true,"href":"https:\/\/arhainteriors.ee\/en\/wp-json\/wp\/v2\/product_cat?post=5681"},{"taxonomy":"product_tag","embeddable":true,"href":"https:\/\/arhainteriors.ee\/en\/wp-json\/wp\/v2\/product_tag?post=5681"}],"curies":[{"name":"wp","href":"https:\/\/api.w.org\/{rel}","templated":true}]}}