{"id":5679,"date":"2024-07-02T20:59:40","date_gmt":"2024-07-02T20:59:40","guid":{"rendered":"https:\/\/arhainteriors.ee\/?post_type=product&#038;p=5679"},"modified":"2024-08-09T22:46:24","modified_gmt":"2024-08-09T22:46:24","slug":"cs5139-q-bevel-peegel-raamita-kandiline-calligaris","status":"publish","type":"product","link":"https:\/\/arhainteriors.ee\/en\/toode\/cs5139-q-bevel-peegel-raamita-kandiline-calligaris\/","title":{"rendered":"CS5139-Q BEVEL &#8211; Peegel raamita kandiline, Calligaris"},"content":{"rendered":"","protected":false},"excerpt":{"rendered":"<p><strong>Toote k\u00f5rgus:<\/strong> 120.01 cm \u00a0<strong>Laius: <\/strong>120.01\u00a0cm \u00a0<strong>S\u00fcgavus: <\/strong>2.22 cm<\/p>\n<p><strong><img loading=\"lazy\" decoding=\"async\" class=\"alignnone wp-image-7782\" src=\"https:\/\/arhainteriors.ee\/wp-content\/uploads\/2024\/07\/icons8-upload-32.png\" alt=\"\" width=\"18\" height=\"18\" \/> <a href=\"https:\/\/www.calligaris.com\/media-prods\/imo\/H-A%205139%2001%2000.pdf\">monteerimisjuhend<\/a><\/strong><\/p>\n<p>CS5139-Q BEVEL &#8211; Peegel on hoolikalt disainitud, et t\u00f5sta pronksklaasist peegli t\u00f6\u00f6tlemise ilu. Selle pehmet ja graatsilist kuju t\u00e4iustavad strateegiliselt paigutatud kalded, mis m\u00f5nikord on l\u00e4bim\u00f5eldult katkestatud, et tuua esile selle ahvatlevad k\u00f5verad. See peegelduste ja k\u00f5verjooneliste vormide koosm\u00e4ng m\u00e4\u00e4rab peegli elegantse ja k\u00fctkestava v\u00e4limuse.<\/p>\n<p>Beveli peegel on saadaval nii ruudu- kui ka ristk\u00fclikukujulises suuruses, pakkudes kahte k\u00fctkestavat v\u00e4rvivariatsiooni. Ristk\u00fclikukujulist mudelit saab paigutada nii vertikaalselt kui ka horisontaalselt, lisades selle silmatorkavale disainile mitmek\u00fclgsust.<\/p>\n","protected":false},"featured_media":5680,"template":"","meta":{"_gspb_post_css":""},"product_brand":[266],"product_cat":[215],"product_tag":[],"class_list":{"0":"post-5679","1":"product","2":"type-product","3":"status-publish","4":"has-post-thumbnail","6":"product_brand-calligaris","7":"product_cat-peeglid","9":"first","10":"instock","11":"taxable","12":"shipping-taxable","13":"purchasable","14":"product-type-simple"},"ct_brands":[{"id":266,"name":"Calligaris","slug":"calligaris"}],"_links":{"self":[{"href":"https:\/\/arhainteriors.ee\/en\/wp-json\/wp\/v2\/product\/5679","targetHints":{"allow":["GET"]}}],"collection":[{"href":"https:\/\/arhainteriors.ee\/en\/wp-json\/wp\/v2\/product"}],"about":[{"href":"https:\/\/arhainteriors.ee\/en\/wp-json\/wp\/v2\/types\/product"}],"wp:featuredmedia":[{"embeddable":true,"href":"https:\/\/arhainteriors.ee\/en\/wp-json\/wp\/v2\/media\/5680"}],"wp:attachment":[{"href":"https:\/\/arhainteriors.ee\/en\/wp-json\/wp\/v2\/media?parent=5679"}],"wp:term":[{"taxonomy":"product_brand","embeddable":true,"href":"https:\/\/arhainteriors.ee\/en\/wp-json\/wp\/v2\/product_brand?post=5679"},{"taxonomy":"product_cat","embeddable":true,"href":"https:\/\/arhainteriors.ee\/en\/wp-json\/wp\/v2\/product_cat?post=5679"},{"taxonomy":"product_tag","embeddable":true,"href":"https:\/\/arhainteriors.ee\/en\/wp-json\/wp\/v2\/product_tag?post=5679"}],"curies":[{"name":"wp","href":"https:\/\/api.w.org\/{rel}","templated":true}]}}