{"id":5676,"date":"2024-07-02T20:56:14","date_gmt":"2024-07-02T20:56:14","guid":{"rendered":"https:\/\/arhainteriors.ee\/?post_type=product&#038;p=5676"},"modified":"2024-08-09T22:52:05","modified_gmt":"2024-08-09T22:52:05","slug":"cs1463-bess-tool-puidust-jalgadega-polsterdatud-calligaris","status":"publish","type":"product","link":"https:\/\/arhainteriors.ee\/en\/toode\/cs1463-bess-tool-puidust-jalgadega-polsterdatud-calligaris\/","title":{"rendered":"CS1463 BESS &#8211; Tool puidust jalgadega, polsterdatud, Calligaris"},"content":{"rendered":"","protected":false},"excerpt":{"rendered":"<p><strong>Toote k\u00f5rgus:<\/strong> 87.31 cm \u00a0<strong>Laius: <\/strong>47.30\u00a0cm \u00a0<strong>S\u00fcgavus: <\/strong>54.29 cm <strong>Istme k\u00f5rgus: <\/strong>45.08 cm<\/p>\n<p><strong><img loading=\"lazy\" decoding=\"async\" class=\"alignnone wp-image-7782\" src=\"https:\/\/arhainteriors.ee\/wp-content\/uploads\/2024\/07\/icons8-upload-32.png\" alt=\"\" width=\"18\" height=\"18\" \/> <a href=\"https:\/\/www.calligaris.com\/media-prods\/3d2d\/cs1463.dwg\">fail <\/a><\/strong><a href=\"https:\/\/www.calligaris.com\/media-prods\/3d2d\/cs1463.dwg\">dwg<\/a> , <strong><img loading=\"lazy\" decoding=\"async\" class=\"alignnone wp-image-7782\" src=\"https:\/\/arhainteriors.ee\/wp-content\/uploads\/2024\/07\/icons8-upload-32.png\" alt=\"\" width=\"18\" height=\"18\" \/> <a href=\"https:\/\/www.calligaris.com\/media-prods\/3d2d\/cs1463.ndw\">fail<\/a><\/strong><strong>\u00a0<\/strong><a href=\"https:\/\/www.calligaris.com\/media-prods\/3d2d\/cs1463.ndw\">ndw<\/a>\u00a0 , <strong><img loading=\"lazy\" decoding=\"async\" class=\"alignnone wp-image-7782\" src=\"https:\/\/arhainteriors.ee\/wp-content\/uploads\/2024\/07\/icons8-upload-32.png\" alt=\"\" width=\"18\" height=\"18\" \/> <a href=\"https:\/\/www.calligaris.com\/media-prods\/3d2d\/cs1463.obj\">fail <\/a><\/strong><a href=\"https:\/\/www.calligaris.com\/media-prods\/3d2d\/cs1463.obj\">obj<\/a> , <strong><img loading=\"lazy\" decoding=\"async\" class=\"alignnone wp-image-7782\" src=\"https:\/\/arhainteriors.ee\/wp-content\/uploads\/2024\/07\/icons8-upload-32.png\" alt=\"\" width=\"18\" height=\"18\" \/> <a href=\"https:\/\/www.calligaris.com\/media-prods\/imo\/H-A%201294%2001%2000-5.pdf\">monteerimisjuhend<\/a><\/strong><\/p>\n<p>CS1463 BESS &#8211; Tool puidust jalgadega, polsterdatud, Calligaris. T\u00e4ispuidust raami ja mugava istmega, mida toetavad elastsed v\u00f6\u00f6d, pakub BESS LOW nii stiili kui ka mugavust. Tooli elegantset disaini t\u00e4iendavad kolmnurksed puidust jalad ja visuaalselt h\u00f5ljuv iste, mis loob voolujoonelise elegantsi tunde, mis lisab teie s\u00f6\u00f6giruumile rafineeritust.<\/p>\n","protected":false},"featured_media":5677,"template":"","meta":{"_gspb_post_css":""},"product_brand":[266],"product_cat":[237,180],"product_tag":[],"class_list":{"0":"post-5676","1":"product","2":"type-product","3":"status-publish","4":"has-post-thumbnail","6":"product_brand-calligaris","7":"product_cat-soogilaua-toolid","8":"product_cat-toolid","10":"first","11":"instock","12":"taxable","13":"shipping-taxable","14":"purchasable","15":"product-type-simple"},"ct_brands":[{"id":266,"name":"Calligaris","slug":"calligaris"}],"_links":{"self":[{"href":"https:\/\/arhainteriors.ee\/en\/wp-json\/wp\/v2\/product\/5676","targetHints":{"allow":["GET"]}}],"collection":[{"href":"https:\/\/arhainteriors.ee\/en\/wp-json\/wp\/v2\/product"}],"about":[{"href":"https:\/\/arhainteriors.ee\/en\/wp-json\/wp\/v2\/types\/product"}],"wp:featuredmedia":[{"embeddable":true,"href":"https:\/\/arhainteriors.ee\/en\/wp-json\/wp\/v2\/media\/5677"}],"wp:attachment":[{"href":"https:\/\/arhainteriors.ee\/en\/wp-json\/wp\/v2\/media?parent=5676"}],"wp:term":[{"taxonomy":"product_brand","embeddable":true,"href":"https:\/\/arhainteriors.ee\/en\/wp-json\/wp\/v2\/product_brand?post=5676"},{"taxonomy":"product_cat","embeddable":true,"href":"https:\/\/arhainteriors.ee\/en\/wp-json\/wp\/v2\/product_cat?post=5676"},{"taxonomy":"product_tag","embeddable":true,"href":"https:\/\/arhainteriors.ee\/en\/wp-json\/wp\/v2\/product_tag?post=5676"}],"curies":[{"name":"wp","href":"https:\/\/api.w.org\/{rel}","templated":true}]}}