{"id":5652,"date":"2024-07-02T20:05:08","date_gmt":"2024-07-02T20:05:08","guid":{"rendered":"https:\/\/arhainteriors.ee\/?post_type=product&#038;p=5652"},"modified":"2024-08-12T20:45:10","modified_gmt":"2024-08-12T20:45:10","slug":"cs4121-fd-105-balance-umarlaud-pjedestaalialusega-calligaris","status":"publish","type":"product","link":"https:\/\/arhainteriors.ee\/en\/toode\/cs4121-fd-105-balance-umarlaud-pjedestaalialusega-calligaris\/","title":{"rendered":"CS4121-FD 105 BALANCE &#8211; \u00dcmarlaud pjedestaalialusega, Calligaris"},"content":{"rendered":"","protected":false},"excerpt":{"rendered":"<p><strong>Toote k\u00f5rgus:<\/strong> 75 cm \u00a0<strong>Laius:<\/strong> 105 cm \u00a0<strong>S\u00fcgavus: <\/strong>105 cm<\/p>\n<p><strong><img loading=\"lazy\" decoding=\"async\" class=\"alignnone wp-image-7782\" src=\"https:\/\/arhainteriors.ee\/wp-content\/uploads\/2024\/07\/icons8-upload-32.png\" alt=\"\" width=\"18\" height=\"18\" \/> fail <\/strong>dwg , <strong><img loading=\"lazy\" decoding=\"async\" class=\"alignnone wp-image-7782\" src=\"https:\/\/arhainteriors.ee\/wp-content\/uploads\/2024\/07\/icons8-upload-32.png\" alt=\"\" width=\"18\" height=\"18\" \/> fail<\/strong><strong>\u00a0<\/strong>ndw\u00a0 , <strong><img loading=\"lazy\" decoding=\"async\" class=\"alignnone wp-image-7782\" src=\"https:\/\/arhainteriors.ee\/wp-content\/uploads\/2024\/07\/icons8-upload-32.png\" alt=\"\" width=\"18\" height=\"18\" \/> fail <\/strong>obj<\/p>\n<p>CS4121-FD 105 BALANCE &#8211; \u00dcmarlaud pjedestaalialusega on\u00a0elegants ja stabiilsus. Selle disaini iseloomustavad kolm p\u00f5hielementi: lai \u00fcmmargune alus, kesksammas ja \u00fcmar \u00fclaosa.<\/p>\n<p>\u00dcmmargune \u00fclaosa toetub kaetud metallist samba postamendile. Vaatamata v\u00e4ikesele kontaktpinnale kandva samba ja aluse vahel pakub see laud t\u00e4nu oma kaalutud metallalusele erakordset stabiilsust.<\/p>\n","protected":false},"featured_media":5653,"template":"","meta":{"_gspb_post_css":""},"product_brand":[266],"product_cat":[174,222,173,228],"product_tag":[],"class_list":{"0":"post-5652","1":"product","2":"type-product","3":"status-publish","4":"has-post-thumbnail","6":"product_brand-calligaris","7":"product_cat-diivanilauad","8":"product_cat-kohvilauad","9":"product_cat-lauad","10":"product_cat-serveerimislauad","12":"first","13":"instock","14":"taxable","15":"shipping-taxable","16":"purchasable","17":"product-type-simple"},"ct_brands":[{"id":266,"name":"Calligaris","slug":"calligaris"}],"_links":{"self":[{"href":"https:\/\/arhainteriors.ee\/en\/wp-json\/wp\/v2\/product\/5652","targetHints":{"allow":["GET"]}}],"collection":[{"href":"https:\/\/arhainteriors.ee\/en\/wp-json\/wp\/v2\/product"}],"about":[{"href":"https:\/\/arhainteriors.ee\/en\/wp-json\/wp\/v2\/types\/product"}],"wp:featuredmedia":[{"embeddable":true,"href":"https:\/\/arhainteriors.ee\/en\/wp-json\/wp\/v2\/media\/5653"}],"wp:attachment":[{"href":"https:\/\/arhainteriors.ee\/en\/wp-json\/wp\/v2\/media?parent=5652"}],"wp:term":[{"taxonomy":"product_brand","embeddable":true,"href":"https:\/\/arhainteriors.ee\/en\/wp-json\/wp\/v2\/product_brand?post=5652"},{"taxonomy":"product_cat","embeddable":true,"href":"https:\/\/arhainteriors.ee\/en\/wp-json\/wp\/v2\/product_cat?post=5652"},{"taxonomy":"product_tag","embeddable":true,"href":"https:\/\/arhainteriors.ee\/en\/wp-json\/wp\/v2\/product_tag?post=5652"}],"curies":[{"name":"wp","href":"https:\/\/api.w.org\/{rel}","templated":true}]}}