{"id":5638,"date":"2024-07-02T19:35:38","date_gmt":"2024-07-02T19:35:38","guid":{"rendered":"https:\/\/arhainteriors.ee\/?post_type=product&#038;p=5638"},"modified":"2024-08-12T21:01:24","modified_gmt":"2024-08-12T21:01:24","slug":"cs5104-atollo-taburett-polsterdatud-istme-ja-metallraamiga-calligaris","status":"publish","type":"product","link":"https:\/\/arhainteriors.ee\/en\/toode\/cs5104-atollo-taburett-polsterdatud-istme-ja-metallraamiga-calligaris\/","title":{"rendered":"CS5104 ATOLLO &#8211; Taburett polsterdatud istme ja metallraamiga, Calligaris"},"content":{"rendered":"","protected":false},"excerpt":{"rendered":"<p><strong>Toote k\u00f5rgus:<\/strong> 43 cm \u00a0<strong>Laius:<\/strong> 43 cm \u00a0<strong>S\u00fcgavus: <\/strong>43 cm \u00a0<strong>Istme k\u00f5rgus: <\/strong>43 cm<\/p>\n<p><strong><img loading=\"lazy\" decoding=\"async\" class=\"alignnone wp-image-7782\" src=\"https:\/\/arhainteriors.ee\/wp-content\/uploads\/2024\/07\/icons8-upload-32.png\" alt=\"\" width=\"18\" height=\"18\" \/> <a href=\"https:\/\/www.calligaris.com\/media-prods\/3d2d\/cs5104.dwg\">fail <\/a><\/strong><a href=\"https:\/\/www.calligaris.com\/media-prods\/3d2d\/cs5104.dwg\">dwg<\/a> , <strong><img loading=\"lazy\" decoding=\"async\" class=\"alignnone wp-image-7782\" src=\"https:\/\/arhainteriors.ee\/wp-content\/uploads\/2024\/07\/icons8-upload-32.png\" alt=\"\" width=\"18\" height=\"18\" \/> <a href=\"https:\/\/www.calligaris.com\/media-prods\/3d2d\/cs5104.ndw\">fail<\/a><\/strong><strong>\u00a0<\/strong><a href=\"https:\/\/www.calligaris.com\/media-prods\/3d2d\/cs5104.ndw\">ndw<\/a>\u00a0 , <strong><img loading=\"lazy\" decoding=\"async\" class=\"alignnone wp-image-7782\" src=\"https:\/\/arhainteriors.ee\/wp-content\/uploads\/2024\/07\/icons8-upload-32.png\" alt=\"\" width=\"18\" height=\"18\" \/> <a href=\"https:\/\/www.calligaris.com\/media-prods\/3d2d\/cs5104.obj\">fail <\/a><\/strong><a href=\"https:\/\/www.calligaris.com\/media-prods\/3d2d\/cs5104.obj\">obj<\/a> , <strong><img loading=\"lazy\" decoding=\"async\" class=\"alignnone wp-image-7782\" src=\"https:\/\/arhainteriors.ee\/wp-content\/uploads\/2024\/07\/icons8-upload-32.png\" alt=\"\" width=\"18\" height=\"18\" \/> <a href=\"https:\/\/www.calligaris.com\/media-prods\/imo\/H-A%205098%2001%2000-1.pdf\">monteerimisjuhend<\/a><\/strong><\/p>\n<p>CS5104 ATOLLO &#8211; Taburett polsterdatud istme ja metallraamiga, mis on mitmek\u00fclgne t\u00e4iendus harmoonilisele tootekollektsioonile, mis sisaldab kohvilaudu, taburette ja pinke.<\/p>\n<p>Selle tootesarja keskmes on iseloomulik tunnus: klanitud \u00f811 mm raam, mis on saadaval poleeritud messingist, mattmustast v\u00f5i mustast niklist. Ringikujuline istmepadi pakub luksuslikku polsterdust ja on polsterdatud teie valitud sameti v\u00f5i kunstnahaga, millele on lisatud dekoratiivsed \u00f5mblused.<\/p>\n","protected":false},"featured_media":5639,"template":"","meta":{"_gspb_post_css":""},"product_brand":[266],"product_cat":[268,180],"product_tag":[],"class_list":{"0":"post-5638","1":"product","2":"type-product","3":"status-publish","4":"has-post-thumbnail","6":"product_brand-calligaris","7":"product_cat-taburetid","8":"product_cat-toolid","10":"first","11":"instock","12":"taxable","13":"shipping-taxable","14":"purchasable","15":"product-type-simple"},"ct_brands":[{"id":266,"name":"Calligaris","slug":"calligaris"}],"_links":{"self":[{"href":"https:\/\/arhainteriors.ee\/en\/wp-json\/wp\/v2\/product\/5638","targetHints":{"allow":["GET"]}}],"collection":[{"href":"https:\/\/arhainteriors.ee\/en\/wp-json\/wp\/v2\/product"}],"about":[{"href":"https:\/\/arhainteriors.ee\/en\/wp-json\/wp\/v2\/types\/product"}],"wp:featuredmedia":[{"embeddable":true,"href":"https:\/\/arhainteriors.ee\/en\/wp-json\/wp\/v2\/media\/5639"}],"wp:attachment":[{"href":"https:\/\/arhainteriors.ee\/en\/wp-json\/wp\/v2\/media?parent=5638"}],"wp:term":[{"taxonomy":"product_brand","embeddable":true,"href":"https:\/\/arhainteriors.ee\/en\/wp-json\/wp\/v2\/product_brand?post=5638"},{"taxonomy":"product_cat","embeddable":true,"href":"https:\/\/arhainteriors.ee\/en\/wp-json\/wp\/v2\/product_cat?post=5638"},{"taxonomy":"product_tag","embeddable":true,"href":"https:\/\/arhainteriors.ee\/en\/wp-json\/wp\/v2\/product_tag?post=5638"}],"curies":[{"name":"wp","href":"https:\/\/api.w.org\/{rel}","templated":true}]}}