{"id":5635,"date":"2024-07-02T19:32:06","date_gmt":"2024-07-02T19:32:06","guid":{"rendered":"https:\/\/arhainteriors.ee\/?post_type=product&#038;p=5635"},"modified":"2024-08-12T21:04:47","modified_gmt":"2024-08-12T21:04:47","slug":"cs5098-p-atollo-otsalaud-ummargune-metallraamiga-calligaris","status":"publish","type":"product","link":"https:\/\/arhainteriors.ee\/en\/toode\/cs5098-p-atollo-otsalaud-ummargune-metallraamiga-calligaris\/","title":{"rendered":"CS5098-P ATOLLO &#8211; Otsalaud \u00fcmmargune metallraamiga, Calligaris"},"content":{"rendered":"","protected":false},"excerpt":{"rendered":"<p><strong>Toote k\u00f5rgus:<\/strong> 50 cm \u00a0<strong>Laius:<\/strong> 42,5 cm \u00a0<strong>S\u00fcgavus: <\/strong>42,5 \u00a0cm<\/p>\n<p><strong><img loading=\"lazy\" decoding=\"async\" class=\"alignnone wp-image-7782\" src=\"https:\/\/arhainteriors.ee\/wp-content\/uploads\/2024\/07\/icons8-upload-32.png\" alt=\"\" width=\"18\" height=\"18\" \/> <a href=\"https:\/\/www.calligaris.com\/media-prods\/3d2d\/cs5098-p.dwg\">fail <\/a><\/strong><a href=\"https:\/\/www.calligaris.com\/media-prods\/3d2d\/cs5098-p.dwg\">dwg<\/a> , <strong><img loading=\"lazy\" decoding=\"async\" class=\"alignnone wp-image-7782\" src=\"https:\/\/arhainteriors.ee\/wp-content\/uploads\/2024\/07\/icons8-upload-32.png\" alt=\"\" width=\"18\" height=\"18\" \/> <a href=\"https:\/\/www.calligaris.com\/media-prods\/3d2d\/cs5098-p.ndw\">fail<\/a><\/strong><strong>\u00a0<\/strong><a href=\"https:\/\/www.calligaris.com\/media-prods\/3d2d\/cs5098-p.ndw\">ndw<\/a>\u00a0 , <strong><img loading=\"lazy\" decoding=\"async\" class=\"alignnone wp-image-7782\" src=\"https:\/\/arhainteriors.ee\/wp-content\/uploads\/2024\/07\/icons8-upload-32.png\" alt=\"\" width=\"18\" height=\"18\" \/> <a href=\"https:\/\/www.calligaris.com\/media-prods\/3d2d\/cs5098-p.obj\">fail <\/a><\/strong><a href=\"https:\/\/www.calligaris.com\/media-prods\/3d2d\/cs5098-p.obj\">obj<\/a> , <strong><img loading=\"lazy\" decoding=\"async\" class=\"alignnone wp-image-7782\" src=\"https:\/\/arhainteriors.ee\/wp-content\/uploads\/2024\/07\/icons8-upload-32.png\" alt=\"\" width=\"18\" height=\"18\" \/> <a href=\"https:\/\/www.calligaris.com\/media-prods\/imo\/H-A%205098%2001%2000-1.pdf\">monteerimisjuhend<\/a><\/strong><\/p>\n<p>CS5098-P ATOLLO &#8211; Otsalaud \u00fcmmargune metallraamiga, mis on tuntud oma \u00f5hukese metallvardakonstruktsiooni poolest. Need lauad on saadaval nii matt- kui ka messingv\u00e4rviga v\u00e4rvitud metallviimistlusega ning neid saab siduda kas puidust v\u00f5i keraamiliste plaatidega.<\/p>\n<p>T\u00e4nu minimalistlikule stiilile ja kohandatavatele proportsioonidele t\u00e4iendavad ATOLLO diivanilauad sujuvalt kogu Calligarise tootevalikut, muutes need t\u00e4iuslikuks lisandiks teie elutuppa. Leidke oma stiilile k\u00f5ige paremini sobiv ATOLLO laud.<\/p>\n","protected":false},"featured_media":5636,"template":"","meta":{"_gspb_post_css":""},"product_brand":[266],"product_cat":[174,173,228],"product_tag":[],"class_list":{"0":"post-5635","1":"product","2":"type-product","3":"status-publish","4":"has-post-thumbnail","6":"product_brand-calligaris","7":"product_cat-diivanilauad","8":"product_cat-lauad","9":"product_cat-serveerimislauad","11":"first","12":"instock","13":"taxable","14":"shipping-taxable","15":"purchasable","16":"product-type-simple"},"ct_brands":[{"id":266,"name":"Calligaris","slug":"calligaris"}],"_links":{"self":[{"href":"https:\/\/arhainteriors.ee\/en\/wp-json\/wp\/v2\/product\/5635","targetHints":{"allow":["GET"]}}],"collection":[{"href":"https:\/\/arhainteriors.ee\/en\/wp-json\/wp\/v2\/product"}],"about":[{"href":"https:\/\/arhainteriors.ee\/en\/wp-json\/wp\/v2\/types\/product"}],"wp:featuredmedia":[{"embeddable":true,"href":"https:\/\/arhainteriors.ee\/en\/wp-json\/wp\/v2\/media\/5636"}],"wp:attachment":[{"href":"https:\/\/arhainteriors.ee\/en\/wp-json\/wp\/v2\/media?parent=5635"}],"wp:term":[{"taxonomy":"product_brand","embeddable":true,"href":"https:\/\/arhainteriors.ee\/en\/wp-json\/wp\/v2\/product_brand?post=5635"},{"taxonomy":"product_cat","embeddable":true,"href":"https:\/\/arhainteriors.ee\/en\/wp-json\/wp\/v2\/product_cat?post=5635"},{"taxonomy":"product_tag","embeddable":true,"href":"https:\/\/arhainteriors.ee\/en\/wp-json\/wp\/v2\/product_tag?post=5635"}],"curies":[{"name":"wp","href":"https:\/\/api.w.org\/{rel}","templated":true}]}}