{"id":5631,"date":"2024-07-02T19:20:17","date_gmt":"2024-07-02T19:20:17","guid":{"rendered":"https:\/\/arhainteriors.ee\/?post_type=product&#038;p=5631"},"modified":"2024-08-12T21:08:06","modified_gmt":"2024-08-12T21:08:06","slug":"cs5098-m-atollo-kohvilaud-ummargune-metallraamiga-calligaris","status":"publish","type":"product","link":"https:\/\/arhainteriors.ee\/en\/toode\/cs5098-m-atollo-kohvilaud-ummargune-metallraamiga-calligaris\/","title":{"rendered":"CS5098-M ATOLLO &#8211; Kohvilaud \u00fcmmargune metallraamiga, Calligaris"},"content":{"rendered":"","protected":false},"excerpt":{"rendered":"<p><strong>Toote k\u00f5rgus:<\/strong> 40 cm \u00a0<strong>Laius:<\/strong> 62,5 cm \u00a0<strong>S\u00fcgavus: <\/strong>62,5 \u00a0cm<\/p>\n<p><strong><img loading=\"lazy\" decoding=\"async\" class=\"alignnone wp-image-7782\" src=\"https:\/\/arhainteriors.ee\/wp-content\/uploads\/2024\/07\/icons8-upload-32.png\" alt=\"\" width=\"18\" height=\"18\" \/> <a href=\"https:\/\/www.calligaris.com\/media-prods\/3d2d\/cs5098-m.dwg\">fail <\/a><\/strong><a href=\"https:\/\/www.calligaris.com\/media-prods\/3d2d\/cs5098-m.dwg\">dwg<\/a> , <strong><img loading=\"lazy\" decoding=\"async\" class=\"alignnone wp-image-7782\" src=\"https:\/\/arhainteriors.ee\/wp-content\/uploads\/2024\/07\/icons8-upload-32.png\" alt=\"\" width=\"18\" height=\"18\" \/> <a href=\"https:\/\/www.calligaris.com\/media-prods\/3d2d\/cs5098-m.ndw\">fail<\/a><\/strong><strong>\u00a0<\/strong><a href=\"https:\/\/www.calligaris.com\/media-prods\/3d2d\/cs5098-m.ndw\">ndw<\/a>\u00a0 , <strong><img loading=\"lazy\" decoding=\"async\" class=\"alignnone wp-image-7782\" src=\"https:\/\/arhainteriors.ee\/wp-content\/uploads\/2024\/07\/icons8-upload-32.png\" alt=\"\" width=\"18\" height=\"18\" \/> <a href=\"https:\/\/www.calligaris.com\/media-prods\/3d2d\/cs5098-m.obj\">fail <\/a><\/strong><a href=\"https:\/\/www.calligaris.com\/media-prods\/3d2d\/cs5098-m.obj\">obj<\/a> , <strong><img loading=\"lazy\" decoding=\"async\" class=\"alignnone wp-image-7782\" src=\"https:\/\/arhainteriors.ee\/wp-content\/uploads\/2024\/07\/icons8-upload-32.png\" alt=\"\" width=\"18\" height=\"18\" \/> <a href=\"https:\/\/www.calligaris.com\/media-prods\/imo\/H-A%205098%2001%2000-1.pdf\">monteerimisjuhend<\/a><\/strong><\/p>\n<p>CS5098-M ATOLLO &#8211; Kohvilaud \u00fcmmargune metallraamiga, mida iseloomustab nende \u00f5huke ja paljastatud metallvarda struktuur. Need lauad on saadaval kahe elegantse viimistlusega: matt ja messingiga kaetud v\u00e4rvitud metall, teie valitud puidust v\u00f5i klaaskeraamilise plaadiga.<\/p>\n<p>ATOLLO diivanilauad on saadaval kolmes erinevas k\u00f5rguses, alates madalatest diivanilaudadest kuni standardsuuruses valikuni. Neil on veatult s\u00fcmmeetriline p\u00f5hi ja pealispind, mis pakuvad nii \u00fcmaraid kui ka elliptilisi kujundusi, mis vastavad teie eelistustele.<\/p>\n<p>T\u00e4nu minimalistlikule disainile ja mitmek\u00fclgsetele proportsioonidele t\u00e4iendavad ATOLLO diivanilauad vaevata kogu Calligarise tootevalikut, integreerudes sujuvalt teie elutuppa.<\/p>\n","protected":false},"featured_media":5632,"template":"","meta":{"_gspb_post_css":""},"product_brand":[266],"product_cat":[174,222,173],"product_tag":[],"class_list":{"0":"post-5631","1":"product","2":"type-product","3":"status-publish","4":"has-post-thumbnail","6":"product_brand-calligaris","7":"product_cat-diivanilauad","8":"product_cat-kohvilauad","9":"product_cat-lauad","11":"first","12":"instock","13":"taxable","14":"shipping-taxable","15":"purchasable","16":"product-type-simple"},"ct_brands":[{"id":266,"name":"Calligaris","slug":"calligaris"}],"_links":{"self":[{"href":"https:\/\/arhainteriors.ee\/en\/wp-json\/wp\/v2\/product\/5631","targetHints":{"allow":["GET"]}}],"collection":[{"href":"https:\/\/arhainteriors.ee\/en\/wp-json\/wp\/v2\/product"}],"about":[{"href":"https:\/\/arhainteriors.ee\/en\/wp-json\/wp\/v2\/types\/product"}],"wp:featuredmedia":[{"embeddable":true,"href":"https:\/\/arhainteriors.ee\/en\/wp-json\/wp\/v2\/media\/5632"}],"wp:attachment":[{"href":"https:\/\/arhainteriors.ee\/en\/wp-json\/wp\/v2\/media?parent=5631"}],"wp:term":[{"taxonomy":"product_brand","embeddable":true,"href":"https:\/\/arhainteriors.ee\/en\/wp-json\/wp\/v2\/product_brand?post=5631"},{"taxonomy":"product_cat","embeddable":true,"href":"https:\/\/arhainteriors.ee\/en\/wp-json\/wp\/v2\/product_cat?post=5631"},{"taxonomy":"product_tag","embeddable":true,"href":"https:\/\/arhainteriors.ee\/en\/wp-json\/wp\/v2\/product_tag?post=5631"}],"curies":[{"name":"wp","href":"https:\/\/api.w.org\/{rel}","templated":true}]}}