{"id":5627,"date":"2024-07-02T19:03:08","date_gmt":"2024-07-02T19:03:08","guid":{"rendered":"https:\/\/arhainteriors.ee\/?post_type=product&#038;p=5627"},"modified":"2024-08-23T11:53:51","modified_gmt":"2024-08-23T11:53:51","slug":"cs5098-g-atollo-kohvilaud-elliptiline-metallraamiga-calligaris","status":"publish","type":"product","link":"https:\/\/arhainteriors.ee\/en\/toode\/cs5098-g-atollo-kohvilaud-elliptiline-metallraamiga-calligaris\/","title":{"rendered":"CS5098-G ATOLLO &#8211; Kohvilaud elliptiline metallraamiga, Calligaris"},"content":{"rendered":"","protected":false},"excerpt":{"rendered":"<p><strong>Toote k\u00f5rgus:<\/strong> 30cm \u00a0<strong>Laius:<\/strong> 112,5 cm \u00a0<strong>S\u00fcgavus: <\/strong>52,5\u00a0 cm<\/p>\n<p><strong><img loading=\"lazy\" decoding=\"async\" class=\"alignnone wp-image-7782\" src=\"https:\/\/arhainteriors.ee\/wp-content\/uploads\/2024\/07\/icons8-upload-32.png\" alt=\"\" width=\"18\" height=\"18\" \/> <a href=\"https:\/\/www.calligaris.com\/media-prods\/3d2d\/cs5098-g.dwg\">fail <\/a><\/strong><a href=\"https:\/\/www.calligaris.com\/media-prods\/3d2d\/cs5098-g.dwg\">dwg<\/a> , <strong><img loading=\"lazy\" decoding=\"async\" class=\"alignnone wp-image-7782\" src=\"https:\/\/arhainteriors.ee\/wp-content\/uploads\/2024\/07\/icons8-upload-32.png\" alt=\"\" width=\"18\" height=\"18\" \/> <a href=\"https:\/\/www.calligaris.com\/media-prods\/3d2d\/cs5098-g.ndw\">fail<\/a><\/strong><strong>\u00a0<\/strong><a href=\"https:\/\/www.calligaris.com\/media-prods\/3d2d\/cs5098-g.ndw\">ndw<\/a>\u00a0 , <strong><img loading=\"lazy\" decoding=\"async\" class=\"alignnone wp-image-7782\" src=\"https:\/\/arhainteriors.ee\/wp-content\/uploads\/2024\/07\/icons8-upload-32.png\" alt=\"\" width=\"18\" height=\"18\" \/> <a href=\"https:\/\/www.calligaris.com\/media-prods\/3d2d\/cs5098-g.obj\">fail <\/a><\/strong><a href=\"https:\/\/www.calligaris.com\/media-prods\/3d2d\/cs5098-g.obj\">obj<\/a> , <strong><img loading=\"lazy\" decoding=\"async\" class=\"alignnone wp-image-7782\" src=\"https:\/\/arhainteriors.ee\/wp-content\/uploads\/2024\/07\/icons8-upload-32.png\" alt=\"\" width=\"18\" height=\"18\" \/> <a href=\"https:\/\/www.calligaris.com\/media-prods\/imo\/H-A%205098%2001%2000-1.pdf\">monteerimisjuhend<\/a><\/strong><\/p>\n<p>CS5098-G ATOLLO &#8211; Kohvilaud elliptiline metallraamiga, Calligaris. Need lauad on saadaval nii matt- kui ka messingv\u00e4rviga v\u00e4rvitud metallviimistlusega ning neid saab siduda kas puidust v\u00f5i klaaskeraamiliste plaatidega.<\/p>\n<p>T\u00e4nu minimalistlikule stiilile ja kohandatavatele proportsioonidele t\u00e4iendavad ATOLLO diivanilauad sujuvalt kogu Calligarise tootevalikut, muutes need t\u00e4iuslikuks lisandiks teie elutuppa. Leidke oma stiilile k\u00f5ige paremini sobiv ATOLLO laud.<\/p>\n","protected":false},"featured_media":5628,"template":"","meta":{"_gspb_post_css":""},"product_brand":[266],"product_cat":[174,173,228],"product_tag":[],"class_list":{"0":"post-5627","1":"product","2":"type-product","3":"status-publish","4":"has-post-thumbnail","6":"product_brand-calligaris","7":"product_cat-diivanilauad","8":"product_cat-lauad","9":"product_cat-serveerimislauad","11":"first","12":"instock","13":"taxable","14":"shipping-taxable","15":"purchasable","16":"product-type-simple"},"ct_brands":[{"id":266,"name":"Calligaris","slug":"calligaris"}],"_links":{"self":[{"href":"https:\/\/arhainteriors.ee\/en\/wp-json\/wp\/v2\/product\/5627","targetHints":{"allow":["GET"]}}],"collection":[{"href":"https:\/\/arhainteriors.ee\/en\/wp-json\/wp\/v2\/product"}],"about":[{"href":"https:\/\/arhainteriors.ee\/en\/wp-json\/wp\/v2\/types\/product"}],"wp:featuredmedia":[{"embeddable":true,"href":"https:\/\/arhainteriors.ee\/en\/wp-json\/wp\/v2\/media\/5628"}],"wp:attachment":[{"href":"https:\/\/arhainteriors.ee\/en\/wp-json\/wp\/v2\/media?parent=5627"}],"wp:term":[{"taxonomy":"product_brand","embeddable":true,"href":"https:\/\/arhainteriors.ee\/en\/wp-json\/wp\/v2\/product_brand?post=5627"},{"taxonomy":"product_cat","embeddable":true,"href":"https:\/\/arhainteriors.ee\/en\/wp-json\/wp\/v2\/product_cat?post=5627"},{"taxonomy":"product_tag","embeddable":true,"href":"https:\/\/arhainteriors.ee\/en\/wp-json\/wp\/v2\/product_tag?post=5627"}],"curies":[{"name":"wp","href":"https:\/\/api.w.org\/{rel}","templated":true}]}}