{"id":5620,"date":"2024-07-02T18:53:54","date_gmt":"2024-07-02T18:53:54","guid":{"rendered":"https:\/\/arhainteriors.ee\/?post_type=product&#038;p=5620"},"modified":"2024-08-23T12:07:03","modified_gmt":"2024-08-23T12:07:03","slug":"cs4117-d-127-atlante-umarlaud-metallist-aluspinna-ja-laiendusega-calligaris","status":"publish","type":"product","link":"https:\/\/arhainteriors.ee\/en\/toode\/cs4117-d-127-atlante-umarlaud-metallist-aluspinna-ja-laiendusega-calligaris\/","title":{"rendered":"CS4117-D 127 ATLANTE &#8211; \u00dcmarlaud metallist aluspinna ja laiendusega, Calligaris"},"content":{"rendered":"","protected":false},"excerpt":{"rendered":"<p><strong>Toote k\u00f5rgus:<\/strong> 76 cm \u00a0<strong>Laius:<\/strong> 127 cm \u00a0<strong>S\u00fcgavus: <\/strong>127\u00a0 cm<\/p>\n<p><strong><img loading=\"lazy\" decoding=\"async\" class=\"alignnone wp-image-7782\" src=\"https:\/\/arhainteriors.ee\/wp-content\/uploads\/2024\/07\/icons8-upload-32.png\" alt=\"\" width=\"18\" height=\"18\" \/> <a href=\"https:\/\/www.calligaris.com\/media-prods\/3d2d\/cs4117.dwg\">fail <\/a><\/strong><a href=\"https:\/\/www.calligaris.com\/media-prods\/3d2d\/cs4117.dwg\">dwg<\/a> , <strong><img loading=\"lazy\" decoding=\"async\" class=\"alignnone wp-image-7782\" src=\"https:\/\/arhainteriors.ee\/wp-content\/uploads\/2024\/07\/icons8-upload-32.png\" alt=\"\" width=\"18\" height=\"18\" \/> <a href=\"https:\/\/www.calligaris.com\/media-prods\/3d2d\/cs4117.ndw\">fail<\/a><\/strong><strong>\u00a0<\/strong><a href=\"https:\/\/www.calligaris.com\/media-prods\/3d2d\/cs4117.ndw\">ndw<\/a>\u00a0 , <strong><img loading=\"lazy\" decoding=\"async\" class=\"alignnone wp-image-7782\" src=\"https:\/\/arhainteriors.ee\/wp-content\/uploads\/2024\/07\/icons8-upload-32.png\" alt=\"\" width=\"18\" height=\"18\" \/> <a href=\"https:\/\/www.calligaris.com\/media-prods\/3d2d\/cs4117.obj\">fail <\/a><\/strong><a href=\"https:\/\/www.calligaris.com\/media-prods\/3d2d\/cs4117.obj\">obj<\/a><\/p>\n<p>CS4117-D 127 ATLANTE &#8211; \u00dcmarlaud metallist aluspinna ja laiendusega, Calligaris. Sellel \u00fcmarlaual on keskne fikseeritud alus, mis on varustatud mugava liblikapikenduslehega, mis v\u00f5imaldab teil vaevata majutada kaks lisak\u00fclalist v\u00f5i luua laua \u00fcmber rohkem ruumi. Sellel on metallist alus, samal ajal kui pealmine ja pikendusleht on valmistatud 3-mm mattkeraamikast \u2013 see on t\u00e4iuslik segu elegantsist ja funktsionaalsusest.<\/p>\n","protected":false},"featured_media":5621,"template":"","meta":{"_gspb_post_css":""},"product_brand":[266],"product_cat":[174,173,228],"product_tag":[],"class_list":{"0":"post-5620","1":"product","2":"type-product","3":"status-publish","4":"has-post-thumbnail","6":"product_brand-calligaris","7":"product_cat-diivanilauad","8":"product_cat-lauad","9":"product_cat-serveerimislauad","11":"first","12":"instock","13":"taxable","14":"shipping-taxable","15":"purchasable","16":"product-type-simple"},"ct_brands":[{"id":266,"name":"Calligaris","slug":"calligaris"}],"_links":{"self":[{"href":"https:\/\/arhainteriors.ee\/en\/wp-json\/wp\/v2\/product\/5620","targetHints":{"allow":["GET"]}}],"collection":[{"href":"https:\/\/arhainteriors.ee\/en\/wp-json\/wp\/v2\/product"}],"about":[{"href":"https:\/\/arhainteriors.ee\/en\/wp-json\/wp\/v2\/types\/product"}],"wp:featuredmedia":[{"embeddable":true,"href":"https:\/\/arhainteriors.ee\/en\/wp-json\/wp\/v2\/media\/5621"}],"wp:attachment":[{"href":"https:\/\/arhainteriors.ee\/en\/wp-json\/wp\/v2\/media?parent=5620"}],"wp:term":[{"taxonomy":"product_brand","embeddable":true,"href":"https:\/\/arhainteriors.ee\/en\/wp-json\/wp\/v2\/product_brand?post=5620"},{"taxonomy":"product_cat","embeddable":true,"href":"https:\/\/arhainteriors.ee\/en\/wp-json\/wp\/v2\/product_cat?post=5620"},{"taxonomy":"product_tag","embeddable":true,"href":"https:\/\/arhainteriors.ee\/en\/wp-json\/wp\/v2\/product_tag?post=5620"}],"curies":[{"name":"wp","href":"https:\/\/api.w.org\/{rel}","templated":true}]}}