{"id":5612,"date":"2024-07-02T18:42:41","date_gmt":"2024-07-02T18:42:41","guid":{"rendered":"https:\/\/arhainteriors.ee\/?post_type=product&#038;p=5612"},"modified":"2024-08-23T12:17:20","modified_gmt":"2024-08-23T12:17:20","slug":"cs7166-b-arabia-vaip-parsia-inspireeritud-calligaris","status":"publish","type":"product","link":"https:\/\/arhainteriors.ee\/en\/toode\/cs7166-b-arabia-vaip-parsia-inspireeritud-calligaris\/","title":{"rendered":"CS7166-B ARABIA &#8211; Vaip p\u00e4rsia inspireeritud, Calligaris"},"content":{"rendered":"","protected":false},"excerpt":{"rendered":"<p><strong>Toote k\u00f5rgus:<\/strong> 1 cm \u00a0<strong>Laius:<\/strong> 200 cm \u00a0<strong>S\u00fcgavus: <\/strong>300 \u00a0cm<\/p>\n<p>CS7166-B ARABIA &#8211; Vaip p\u00e4rsia inspireeritud, Calligaris. See vaip on oskuslikult valmistatud esmaklassiliste materjalide, sealhulgas puuvilla, akr\u00fc\u00fcl\u0161enill ja pol\u00fcester segust, tagades nii vastupidavuse kui ka pehme tekstuuri.<\/p>\n<p>Vaiba keerukas muster on maailma suurima vaiba l\u00f5igu v\u00e4hendatud \u00fcmbert\u00f5lgendus, muutes selle ainulaadseks kunstiteoseks. Disainis on lummavad geomeetrilised mustrid, mis on inspireeritud traditsioonilistest arabeskitest kujunditest. Need mustrid \u00fchinevad t\u00e4htede ja lillemotiivide k\u00e4igutaolise koosm\u00f5juga, luues teie sisekujundusele visuaalselt k\u00fctkestava keskse elemendi.<\/p>\n<p>&nbsp;<\/p>\n","protected":false},"featured_media":5613,"template":"","meta":{"_gspb_post_css":""},"product_brand":[266],"product_cat":[177],"product_tag":[],"class_list":{"0":"post-5612","1":"product","2":"type-product","3":"status-publish","4":"has-post-thumbnail","6":"product_brand-calligaris","7":"product_cat-vaibad","9":"first","10":"instock","11":"taxable","12":"shipping-taxable","13":"purchasable","14":"product-type-simple"},"ct_brands":[{"id":266,"name":"Calligaris","slug":"calligaris"}],"_links":{"self":[{"href":"https:\/\/arhainteriors.ee\/en\/wp-json\/wp\/v2\/product\/5612","targetHints":{"allow":["GET"]}}],"collection":[{"href":"https:\/\/arhainteriors.ee\/en\/wp-json\/wp\/v2\/product"}],"about":[{"href":"https:\/\/arhainteriors.ee\/en\/wp-json\/wp\/v2\/types\/product"}],"wp:featuredmedia":[{"embeddable":true,"href":"https:\/\/arhainteriors.ee\/en\/wp-json\/wp\/v2\/media\/5613"}],"wp:attachment":[{"href":"https:\/\/arhainteriors.ee\/en\/wp-json\/wp\/v2\/media?parent=5612"}],"wp:term":[{"taxonomy":"product_brand","embeddable":true,"href":"https:\/\/arhainteriors.ee\/en\/wp-json\/wp\/v2\/product_brand?post=5612"},{"taxonomy":"product_cat","embeddable":true,"href":"https:\/\/arhainteriors.ee\/en\/wp-json\/wp\/v2\/product_cat?post=5612"},{"taxonomy":"product_tag","embeddable":true,"href":"https:\/\/arhainteriors.ee\/en\/wp-json\/wp\/v2\/product_tag?post=5612"}],"curies":[{"name":"wp","href":"https:\/\/api.w.org\/{rel}","templated":true}]}}