{"id":5608,"date":"2024-07-02T18:38:50","date_gmt":"2024-07-02T18:38:50","guid":{"rendered":"https:\/\/arhainteriors.ee\/?post_type=product&#038;p=5608"},"modified":"2024-08-23T12:21:16","modified_gmt":"2024-08-23T12:21:16","slug":"cs4132-r-200-laud-pikendatava-ristkulikukujulise-plaadi-ja-metalljalgadega-calligaris","status":"publish","type":"product","link":"https:\/\/arhainteriors.ee\/en\/toode\/cs4132-r-200-laud-pikendatava-ristkulikukujulise-plaadi-ja-metalljalgadega-calligaris\/","title":{"rendered":"CS4132-R 200 &#8211; Laud pikendatava ristk\u00fclikukujulise plaadi ja metalljalgadega, Calligaris"},"content":{"rendered":"","protected":false},"excerpt":{"rendered":"<p><strong>Toote k\u00f5rgus:<\/strong> 75 cm \u00a0<strong>Laius:<\/strong> 200 cm \u00a0<strong>S\u00fcgavus: <\/strong>110 cm<\/p>\n<p><strong><img loading=\"lazy\" decoding=\"async\" class=\"alignnone wp-image-7782\" src=\"https:\/\/arhainteriors.ee\/wp-content\/uploads\/2024\/07\/icons8-upload-32.png\" alt=\"\" width=\"18\" height=\"18\" \/> <a href=\"https:\/\/www.calligaris.com\/media-prods\/3d2d\/cs4132.dwg\">fail <\/a><\/strong><a href=\"https:\/\/www.calligaris.com\/media-prods\/3d2d\/cs4132.dwg\">dwg<\/a> , <strong><img loading=\"lazy\" decoding=\"async\" class=\"alignnone wp-image-7782\" src=\"https:\/\/arhainteriors.ee\/wp-content\/uploads\/2024\/07\/icons8-upload-32.png\" alt=\"\" width=\"18\" height=\"18\" \/> <a href=\"https:\/\/www.calligaris.com\/media-prods\/3d2d\/cs4132.ndw\">fail<\/a><\/strong><strong>\u00a0<\/strong><a href=\"https:\/\/www.calligaris.com\/media-prods\/3d2d\/cs4132.ndw\">ndw<\/a>\u00a0 , <strong><img loading=\"lazy\" decoding=\"async\" class=\"alignnone wp-image-7782\" src=\"https:\/\/arhainteriors.ee\/wp-content\/uploads\/2024\/07\/icons8-upload-32.png\" alt=\"\" width=\"18\" height=\"18\" \/> <a href=\"https:\/\/www.calligaris.com\/media-prods\/3d2d\/cs4132.obj\">fail <\/a><\/strong><a href=\"https:\/\/www.calligaris.com\/media-prods\/3d2d\/cs4132.obj\">obj<\/a> , \u00a0<a href=\"https:\/\/www.calligaris.com\/media-prods\/3d2d\/cs5118-p.obj\"><strong><img loading=\"lazy\" decoding=\"async\" class=\"alignnone wp-image-7782\" src=\"https:\/\/arhainteriors.ee\/wp-content\/uploads\/2024\/07\/icons8-upload-32.png\" alt=\"\" width=\"18\" height=\"18\" \/> <\/strong><\/a><a href=\"https:\/\/www.calligaris.com\/media-prods\/imo\/_H-A%204132%2001%2000-0.pdf\"><b>monteerimisjuhend<\/b><\/a><\/p>\n<p>CS4132-R 200 &#8211; Laud pikendatava ristk\u00fclikukujulise plaadi ja metalljalgadega, Calligaris. Apian laud kehastab disainifilosoofiat, mis r\u00f5hutab arhitektuurset elegantsi ja on konstrueeritud, p\u00f6\u00f6rates erilist t\u00e4helepanu detailidele, kasutades hoolikalt t\u00f6\u00f6deldud materjale. Selle disainil on l\u00e4bim\u00f5eldud proportsioonid ja \u00f5huline esteetika, mis on inspireeritud lehtmetalli poolsilindrilisest kujust, mis on \u00f5rnalt \u00fclespoole kaldu, et luua t\u00e4pselt m\u00e4\u00e4ratletud alus. Laud on k\u00e4sitsi pikendatav kahe k\u00fcljega, mis v\u00f5imaldab ulatuda kokku 3 meetri pikkuseks.<\/p>\n<p>Meeldiv detail pjedestaalialusel on topeltpleki kate, mis p\u00fc\u00fcab ja peegeldab valgust, valgustades muidu varjutatud ala. Apian on oman\u00e4oline t\u00fckk, millel on v\u00f5imalus sisekujundusprojekti koheselt muuta.<\/p>\n","protected":false},"featured_media":5609,"template":"","meta":{"_gspb_post_css":""},"product_brand":[266],"product_cat":[174,173],"product_tag":[],"class_list":{"0":"post-5608","1":"product","2":"type-product","3":"status-publish","4":"has-post-thumbnail","6":"product_brand-calligaris","7":"product_cat-diivanilauad","8":"product_cat-lauad","10":"first","11":"instock","12":"taxable","13":"shipping-taxable","14":"purchasable","15":"product-type-simple"},"ct_brands":[{"id":266,"name":"Calligaris","slug":"calligaris"}],"_links":{"self":[{"href":"https:\/\/arhainteriors.ee\/en\/wp-json\/wp\/v2\/product\/5608","targetHints":{"allow":["GET"]}}],"collection":[{"href":"https:\/\/arhainteriors.ee\/en\/wp-json\/wp\/v2\/product"}],"about":[{"href":"https:\/\/arhainteriors.ee\/en\/wp-json\/wp\/v2\/types\/product"}],"wp:featuredmedia":[{"embeddable":true,"href":"https:\/\/arhainteriors.ee\/en\/wp-json\/wp\/v2\/media\/5609"}],"wp:attachment":[{"href":"https:\/\/arhainteriors.ee\/en\/wp-json\/wp\/v2\/media?parent=5608"}],"wp:term":[{"taxonomy":"product_brand","embeddable":true,"href":"https:\/\/arhainteriors.ee\/en\/wp-json\/wp\/v2\/product_brand?post=5608"},{"taxonomy":"product_cat","embeddable":true,"href":"https:\/\/arhainteriors.ee\/en\/wp-json\/wp\/v2\/product_cat?post=5608"},{"taxonomy":"product_tag","embeddable":true,"href":"https:\/\/arhainteriors.ee\/en\/wp-json\/wp\/v2\/product_tag?post=5608"}],"curies":[{"name":"wp","href":"https:\/\/api.w.org\/{rel}","templated":true}]}}