{"id":5601,"date":"2024-07-02T18:32:06","date_gmt":"2024-07-02T18:32:06","guid":{"rendered":"https:\/\/arhainteriors.ee\/?post_type=product&#038;p=5601"},"modified":"2024-08-23T13:34:03","modified_gmt":"2024-08-23T13:34:03","slug":"cs4132-fe-250-laud-ovaalse-plaadi-ja-metallist-alusega-calligaris","status":"publish","type":"product","link":"https:\/\/arhainteriors.ee\/en\/toode\/cs4132-fe-250-laud-ovaalse-plaadi-ja-metallist-alusega-calligaris\/","title":{"rendered":"CS4132-FE 250 &#8211; Laud ovaalse plaadi ja metallist alusega, Calligaris"},"content":{"rendered":"","protected":false},"excerpt":{"rendered":"<p><strong>Toote k\u00f5rgus:<\/strong> 76 cm \u00a0<strong>Laius:<\/strong> 249 cm \u00a0<strong>S\u00fcgavus: <\/strong>119 cm<\/p>\n<p><strong><img loading=\"lazy\" decoding=\"async\" class=\"alignnone wp-image-7782\" src=\"https:\/\/arhainteriors.ee\/wp-content\/uploads\/2024\/07\/icons8-upload-32.png\" alt=\"\" width=\"18\" height=\"18\" \/> <a href=\"https:\/\/www.calligaris.com\/media-prods\/3d2d\/CS4132-FR-250-MTO.dwg\">fail <\/a><\/strong><a href=\"https:\/\/www.calligaris.com\/media-prods\/3d2d\/CS4132-FR-250-MTO.dwg\">dwg<\/a> , <strong><img loading=\"lazy\" decoding=\"async\" class=\"alignnone wp-image-7782\" src=\"https:\/\/arhainteriors.ee\/wp-content\/uploads\/2024\/07\/icons8-upload-32.png\" alt=\"\" width=\"18\" height=\"18\" \/> <a href=\"https:\/\/www.calligaris.com\/media-prods\/3d2d\/CS4132-FR-250-MTO.ndw\">fail<\/a><\/strong><strong>\u00a0<\/strong><a href=\"https:\/\/www.calligaris.com\/media-prods\/3d2d\/CS4132-FR-250-MTO.ndw\">ndw<\/a>\u00a0 , <strong><img loading=\"lazy\" decoding=\"async\" class=\"alignnone wp-image-7782\" src=\"https:\/\/arhainteriors.ee\/wp-content\/uploads\/2024\/07\/icons8-upload-32.png\" alt=\"\" width=\"18\" height=\"18\" \/> <a href=\"https:\/\/www.calligaris.com\/media-prods\/3d2d\/CS4132-FR-250-MTO.obj\">fail <\/a><\/strong><a href=\"https:\/\/www.calligaris.com\/media-prods\/3d2d\/CS4132-FR-250-MTO.obj\">obj<\/a> , \u00a0<a href=\"https:\/\/www.calligaris.com\/media-prods\/3d2d\/cs5118-p.obj\"><strong><img loading=\"lazy\" decoding=\"async\" class=\"alignnone wp-image-7782\" src=\"https:\/\/arhainteriors.ee\/wp-content\/uploads\/2024\/07\/icons8-upload-32.png\" alt=\"\" width=\"18\" height=\"18\" \/> <\/strong><\/a><a href=\"https:\/\/www.calligaris.com\/media-prods\/imo\/_H-A%204132%2002%2000-1.pdf\"><b>monteerimisjuhend<\/b><\/a><\/p>\n<p>CS4132-FE 250 &#8211; Laud ovaalse plaadi ja metallist alusega, Calligaris. Apian laud kehastab disainifilosoofiat, mis seab esikohale arhitektuurse elegantsi ja on valmistatud detailidele suurt t\u00e4helepanu p\u00f6\u00f6rates, kasutades hoolikalt t\u00f6\u00f6deldud materjale. Selle disainil on l\u00e4bim\u00f5eldud proportsioonid ja \u00f5huline esteetika, mis on inspireeritud lehtmetalli poolsilindrilisest kujust, mis on painutatud ja \u00f5rnalt \u00fclespoole kaldu, moodustades h\u00e4sti m\u00e4\u00e4ratletud aluse mittepikenevale \u00fclaosale. Ahvatlev detail pjedestaalil on topeltpleki kate, mis p\u00fc\u00fcab kinni ja peegeldab valgust, valgustades muidu varjutatud ala. Apian on oman\u00e4oline t\u00fckk, millel on v\u00f5imalus sisekujundusprojekti koheselt muuta.<\/p>\n","protected":false},"featured_media":5602,"template":"","meta":{"_gspb_post_css":""},"product_brand":[266],"product_cat":[174,173],"product_tag":[],"class_list":{"0":"post-5601","1":"product","2":"type-product","3":"status-publish","4":"has-post-thumbnail","6":"product_brand-calligaris","7":"product_cat-diivanilauad","8":"product_cat-lauad","10":"first","11":"instock","12":"taxable","13":"shipping-taxable","14":"purchasable","15":"product-type-simple"},"ct_brands":[{"id":266,"name":"Calligaris","slug":"calligaris"}],"_links":{"self":[{"href":"https:\/\/arhainteriors.ee\/en\/wp-json\/wp\/v2\/product\/5601","targetHints":{"allow":["GET"]}}],"collection":[{"href":"https:\/\/arhainteriors.ee\/en\/wp-json\/wp\/v2\/product"}],"about":[{"href":"https:\/\/arhainteriors.ee\/en\/wp-json\/wp\/v2\/types\/product"}],"wp:featuredmedia":[{"embeddable":true,"href":"https:\/\/arhainteriors.ee\/en\/wp-json\/wp\/v2\/media\/5602"}],"wp:attachment":[{"href":"https:\/\/arhainteriors.ee\/en\/wp-json\/wp\/v2\/media?parent=5601"}],"wp:term":[{"taxonomy":"product_brand","embeddable":true,"href":"https:\/\/arhainteriors.ee\/en\/wp-json\/wp\/v2\/product_brand?post=5601"},{"taxonomy":"product_cat","embeddable":true,"href":"https:\/\/arhainteriors.ee\/en\/wp-json\/wp\/v2\/product_cat?post=5601"},{"taxonomy":"product_tag","embeddable":true,"href":"https:\/\/arhainteriors.ee\/en\/wp-json\/wp\/v2\/product_tag?post=5601"}],"curies":[{"name":"wp","href":"https:\/\/api.w.org\/{rel}","templated":true}]}}