{"id":5597,"date":"2024-07-02T18:29:18","date_gmt":"2024-07-02T18:29:18","guid":{"rendered":"https:\/\/arhainteriors.ee\/?post_type=product&#038;p=5597"},"modified":"2024-08-23T13:50:08","modified_gmt":"2024-08-23T13:50:08","slug":"cs4132-fb-250-apian-laud-elliptilise-plaadi-ja-metallist-alusega-calligaris","status":"publish","type":"product","link":"https:\/\/arhainteriors.ee\/en\/toode\/cs4132-fb-250-apian-laud-elliptilise-plaadi-ja-metallist-alusega-calligaris\/","title":{"rendered":"CS4132-FB 250 APIAN &#8211; Laud elliptilise plaadi ja metallist alusega, Calligaris"},"content":{"rendered":"","protected":false},"excerpt":{"rendered":"<p><strong>Toote k\u00f5rgus:<\/strong> 76 cm \u00a0<strong>Laius:<\/strong> 250 cm \u00a0<strong>S\u00fcgavus: <\/strong>110 cm<\/p>\n<p><strong><img loading=\"lazy\" decoding=\"async\" class=\"alignnone wp-image-7782\" src=\"https:\/\/arhainteriors.ee\/wp-content\/uploads\/2024\/07\/icons8-upload-32.png\" alt=\"\" width=\"18\" height=\"18\" \/> <a href=\"https:\/\/www.calligaris.com\/media-prods\/3d2d\/CS4132-FE-250-MTO.dwg\">fail <\/a><\/strong><a href=\"https:\/\/www.calligaris.com\/media-prods\/3d2d\/CS4132-FE-250-MTO.dwg\">dwg<\/a> , <strong><img loading=\"lazy\" decoding=\"async\" class=\"alignnone wp-image-7782\" src=\"https:\/\/arhainteriors.ee\/wp-content\/uploads\/2024\/07\/icons8-upload-32.png\" alt=\"\" width=\"18\" height=\"18\" \/> <a href=\"https:\/\/www.calligaris.com\/media-prods\/3d2d\/CS4132-FE-250-MTO.ndw\">fail<\/a><\/strong><strong>\u00a0<\/strong><a href=\"https:\/\/www.calligaris.com\/media-prods\/3d2d\/CS4132-FE-250-MTO.ndw\">ndw<\/a>\u00a0 , <strong><img loading=\"lazy\" decoding=\"async\" class=\"alignnone wp-image-7782\" src=\"https:\/\/arhainteriors.ee\/wp-content\/uploads\/2024\/07\/icons8-upload-32.png\" alt=\"\" width=\"18\" height=\"18\" \/> <a href=\"https:\/\/www.calligaris.com\/media-prods\/3d2d\/CS4132-FE-250-MTO.obj\">fail <\/a><\/strong><a href=\"https:\/\/www.calligaris.com\/media-prods\/3d2d\/CS4132-FE-250-MTO.obj\">obj<\/a> , \u00a0<a href=\"https:\/\/www.calligaris.com\/media-prods\/3d2d\/cs5118-p.obj\"><strong><img loading=\"lazy\" decoding=\"async\" class=\"alignnone wp-image-7782\" src=\"https:\/\/arhainteriors.ee\/wp-content\/uploads\/2024\/07\/icons8-upload-32.png\" alt=\"\" width=\"18\" height=\"18\" \/> <\/strong><\/a><a href=\"https:\/\/www.calligaris.com\/media-prods\/imo\/_H-A%204132%2002%2000-1.pdf\"><b>monteerimisjuhend<\/b><\/a><\/p>\n<p>CS4132-FB 250 APIAN &#8211; Laud elliptilise plaadi ja metallist alusega, Calligaris. Apian laud kehastab disainifilosoofiat, mis paneb suurt r\u00f5hku arhitektuurilisele elegantsile ja kasutab hoolikalt valmistatud materjale. Selle disainist \u00f5hkub \u00f5hulisust, v\u00f5ttes inspiratsiooni lehtmetalli poolsilindrilisest kujust, mis kaldub \u00f5rnalt \u00fclespoole, mille tulemuseks on j\u00e4rsult m\u00e4\u00e4ratletud alus, millele asetatakse mittepikenev pealispind.<\/p>\n<p>Ahvatlev detail pjedestaali alusel on topeltpleki kate, mis p\u00fc\u00fcab ja peegeldab valgust muidu varjutatud aladel. Apian paistab silma oman\u00e4olise esemena, mis v\u00f5ib koheselt t\u00f5sta esile mis tahes sisekujundusprojekti.<\/p>\n","protected":false},"featured_media":5598,"template":"","meta":{"_gspb_post_css":""},"product_brand":[266],"product_cat":[174,173],"product_tag":[],"class_list":{"0":"post-5597","1":"product","2":"type-product","3":"status-publish","4":"has-post-thumbnail","6":"product_brand-calligaris","7":"product_cat-diivanilauad","8":"product_cat-lauad","10":"first","11":"instock","12":"taxable","13":"shipping-taxable","14":"purchasable","15":"product-type-simple"},"ct_brands":[{"id":266,"name":"Calligaris","slug":"calligaris"}],"_links":{"self":[{"href":"https:\/\/arhainteriors.ee\/en\/wp-json\/wp\/v2\/product\/5597","targetHints":{"allow":["GET"]}}],"collection":[{"href":"https:\/\/arhainteriors.ee\/en\/wp-json\/wp\/v2\/product"}],"about":[{"href":"https:\/\/arhainteriors.ee\/en\/wp-json\/wp\/v2\/types\/product"}],"wp:featuredmedia":[{"embeddable":true,"href":"https:\/\/arhainteriors.ee\/en\/wp-json\/wp\/v2\/media\/5598"}],"wp:attachment":[{"href":"https:\/\/arhainteriors.ee\/en\/wp-json\/wp\/v2\/media?parent=5597"}],"wp:term":[{"taxonomy":"product_brand","embeddable":true,"href":"https:\/\/arhainteriors.ee\/en\/wp-json\/wp\/v2\/product_brand?post=5597"},{"taxonomy":"product_cat","embeddable":true,"href":"https:\/\/arhainteriors.ee\/en\/wp-json\/wp\/v2\/product_cat?post=5597"},{"taxonomy":"product_tag","embeddable":true,"href":"https:\/\/arhainteriors.ee\/en\/wp-json\/wp\/v2\/product_tag?post=5597"}],"curies":[{"name":"wp","href":"https:\/\/api.w.org\/{rel}","templated":true}]}}