{"id":5587,"date":"2024-07-02T18:19:08","date_gmt":"2024-07-02T18:19:08","guid":{"rendered":"https:\/\/arhainteriors.ee\/?post_type=product&#038;p=5587"},"modified":"2024-08-23T14:00:45","modified_gmt":"2024-08-23T14:00:45","slug":"cs1846-annie-tool-pehme-istme-ja-puidust-alusega-calligaris","status":"publish","type":"product","link":"https:\/\/arhainteriors.ee\/en\/toode\/cs1846-annie-tool-pehme-istme-ja-puidust-alusega-calligaris\/","title":{"rendered":"CS1846 ANNIE &#8211; Tool pehme istme ja puidust alusega, Calligaris"},"content":{"rendered":"","protected":false},"excerpt":{"rendered":"<p><strong>Toote k\u00f5rgus:<\/strong> 85 cm \u00a0<strong>Laius:<\/strong> 51 cm \u00a0<strong>S\u00fcgavus: <\/strong>58 cm \u00a0<strong>Istme k\u00f5rgus: <\/strong>48\u00a0cm<\/p>\n<p><strong><img loading=\"lazy\" decoding=\"async\" class=\"alignnone wp-image-7782\" src=\"https:\/\/arhainteriors.ee\/wp-content\/uploads\/2024\/07\/icons8-upload-32.png\" alt=\"\" width=\"18\" height=\"18\" \/> <a href=\"https:\/\/www.calligaris.com\/media-prods\/3d2d\/cs1846.dwg\">fail <\/a><\/strong><a href=\"https:\/\/www.calligaris.com\/media-prods\/3d2d\/cs1846.dwg\">dwg<\/a> , <strong><img loading=\"lazy\" decoding=\"async\" class=\"alignnone wp-image-7782\" src=\"https:\/\/arhainteriors.ee\/wp-content\/uploads\/2024\/07\/icons8-upload-32.png\" alt=\"\" width=\"18\" height=\"18\" \/> <a href=\"https:\/\/www.calligaris.com\/media-prods\/3d2d\/cs1846.ndw\">fail<\/a><\/strong><strong>\u00a0<\/strong><a href=\"https:\/\/www.calligaris.com\/media-prods\/3d2d\/cs1846.ndw\">ndw<\/a>\u00a0 , <strong><img loading=\"lazy\" decoding=\"async\" class=\"alignnone wp-image-7782\" src=\"https:\/\/arhainteriors.ee\/wp-content\/uploads\/2024\/07\/icons8-upload-32.png\" alt=\"\" width=\"18\" height=\"18\" \/> <a href=\"https:\/\/www.calligaris.com\/media-prods\/3d2d\/cs1846.obj\">fail <\/a><\/strong><a href=\"https:\/\/www.calligaris.com\/media-prods\/3d2d\/cs1846.obj\">obj<\/a> , \u00a0<a href=\"https:\/\/www.calligaris.com\/media-prods\/3d2d\/cs5118-p.obj\"><strong><img loading=\"lazy\" decoding=\"async\" class=\"alignnone wp-image-7782\" src=\"https:\/\/arhainteriors.ee\/wp-content\/uploads\/2024\/07\/icons8-upload-32.png\" alt=\"\" width=\"18\" height=\"18\" \/> <\/strong><\/a><a href=\"https:\/\/www.calligaris.com\/media-prods\/imo\/H-A%201809%2001%2000-2.pdf\"><b>monteerimisjuhend<\/b><\/a><\/p>\n<p>CS1846 ANNIE &#8211; Tool pehme istme ja puidust alusega, Calligaris. ANNIE SOFT pakub v\u00e4rske t\u00f5lgenduse l\u00f5bususest. Sellel versioonil on puidust alus ja pehme iste, mis on \u00fcmbritsetud luksusliku pehme kunstnaha v\u00f5i sametiga ning maitsekate tepitud detailidega.<\/p>\n","protected":false},"featured_media":5588,"template":"","meta":{"_gspb_post_css":""},"product_brand":[266],"product_cat":[237,180],"product_tag":[],"class_list":{"0":"post-5587","1":"product","2":"type-product","3":"status-publish","4":"has-post-thumbnail","6":"product_brand-calligaris","7":"product_cat-soogilaua-toolid","8":"product_cat-toolid","10":"first","11":"instock","12":"taxable","13":"shipping-taxable","14":"purchasable","15":"product-type-simple"},"ct_brands":[{"id":266,"name":"Calligaris","slug":"calligaris"}],"_links":{"self":[{"href":"https:\/\/arhainteriors.ee\/en\/wp-json\/wp\/v2\/product\/5587","targetHints":{"allow":["GET"]}}],"collection":[{"href":"https:\/\/arhainteriors.ee\/en\/wp-json\/wp\/v2\/product"}],"about":[{"href":"https:\/\/arhainteriors.ee\/en\/wp-json\/wp\/v2\/types\/product"}],"wp:featuredmedia":[{"embeddable":true,"href":"https:\/\/arhainteriors.ee\/en\/wp-json\/wp\/v2\/media\/5588"}],"wp:attachment":[{"href":"https:\/\/arhainteriors.ee\/en\/wp-json\/wp\/v2\/media?parent=5587"}],"wp:term":[{"taxonomy":"product_brand","embeddable":true,"href":"https:\/\/arhainteriors.ee\/en\/wp-json\/wp\/v2\/product_brand?post=5587"},{"taxonomy":"product_cat","embeddable":true,"href":"https:\/\/arhainteriors.ee\/en\/wp-json\/wp\/v2\/product_cat?post=5587"},{"taxonomy":"product_tag","embeddable":true,"href":"https:\/\/arhainteriors.ee\/en\/wp-json\/wp\/v2\/product_tag?post=5587"}],"curies":[{"name":"wp","href":"https:\/\/api.w.org\/{rel}","templated":true}]}}