{"id":5576,"date":"2024-07-02T18:09:53","date_gmt":"2024-07-02T18:09:53","guid":{"rendered":"https:\/\/arhainteriors.ee\/?post_type=product&#038;p=5576"},"modified":"2024-08-23T14:07:23","modified_gmt":"2024-08-23T14:07:23","slug":"cs4120-r-180-alpha-laud-pikendatava-ristkulikukujulise-keraamilise-plaadi-ja-puidust-jalgadega-calligaris","status":"publish","type":"product","link":"https:\/\/arhainteriors.ee\/en\/toode\/cs4120-r-180-alpha-laud-pikendatava-ristkulikukujulise-keraamilise-plaadi-ja-puidust-jalgadega-calligaris\/","title":{"rendered":"CS4120-R 180 ALPHA &#8211; Laud pikendatava ristk\u00fclikukujulise keraamilise plaadi ja puidust jalgadega, Calligaris"},"content":{"rendered":"","protected":false},"excerpt":{"rendered":"<p><strong>Toote k\u00f5rgus:<\/strong> 75 cm \u00a0<strong>Laius:<\/strong> 180 cm \u00a0<strong>S\u00fcgavus: <\/strong>100\u00a0cm<\/p>\n<p><strong><img loading=\"lazy\" decoding=\"async\" class=\"alignnone wp-image-7782\" src=\"https:\/\/arhainteriors.ee\/wp-content\/uploads\/2024\/07\/icons8-upload-32.png\" alt=\"\" width=\"18\" height=\"18\" \/> <a href=\"https:\/\/www.calligaris.com\/media-prods\/3d2d\/cs4120_r180.dwg\">fail <\/a><\/strong><a href=\"https:\/\/www.calligaris.com\/media-prods\/3d2d\/cs4120_r180.dwg\">dwg<\/a> , <strong><img loading=\"lazy\" decoding=\"async\" class=\"alignnone wp-image-7782\" src=\"https:\/\/arhainteriors.ee\/wp-content\/uploads\/2024\/07\/icons8-upload-32.png\" alt=\"\" width=\"18\" height=\"18\" \/> <a href=\"https:\/\/www.calligaris.com\/media-prods\/3d2d\/cs4120_r180.ndw\">fail<\/a><\/strong><strong>\u00a0<\/strong><a href=\"https:\/\/www.calligaris.com\/media-prods\/3d2d\/cs4120_r180.ndw\">ndw<\/a>\u00a0 , <strong><img loading=\"lazy\" decoding=\"async\" class=\"alignnone wp-image-7782\" src=\"https:\/\/arhainteriors.ee\/wp-content\/uploads\/2024\/07\/icons8-upload-32.png\" alt=\"\" width=\"18\" height=\"18\" \/> <a href=\"https:\/\/www.calligaris.com\/media-prods\/3d2d\/cs4120_r180.obj\">fail <\/a><\/strong><a href=\"https:\/\/www.calligaris.com\/media-prods\/3d2d\/cs4120_r180.obj\">obj<\/a> , \u00a0<a href=\"https:\/\/www.calligaris.com\/media-prods\/3d2d\/cs5118-p.obj\"><strong><img loading=\"lazy\" decoding=\"async\" class=\"alignnone wp-image-7782\" src=\"https:\/\/arhainteriors.ee\/wp-content\/uploads\/2024\/07\/icons8-upload-32.png\" alt=\"\" width=\"18\" height=\"18\" \/> <\/strong><\/a><a href=\"https:\/\/www.calligaris.com\/media-prods\/imo\/H-A%204058%2007%2000-8\"><b>monteerimisjuhend<\/b><\/a><\/p>\n<p>CS4120-R 180 ALPHA &#8211; Laud pikendatava ristk\u00fclikukujulise keraamilise plaadi ja puidust jalgadega, Calligaris. Pikendatav laud ALPHA kehastab nutika, elegantse ja mitmek\u00fclgse m\u00f6\u00f6bli kontseptsiooni, rahuldades eluj\u00f5ulise kodu d\u00fcnaamilisi vajadusi, t\u00e4iustades igap\u00e4evaelu lihtsuse ja naudinguga.<\/p>\n<p>Selle disaini paindlikkus tuleneb puidust jalgade ja erinevate keraamiliste lauaplaatide kombinatsioonist. Lisaks tagavad peenelt kitsenevad ja mitmetahulised v\u00e4limised jalad istuvatele k\u00fclalistele k\u00f5rgeima mugavuse, samas kui pikendused on sujuvalt integreeritud juhitavasse avamisraami.<\/p>\n","protected":false},"featured_media":5580,"template":"","meta":{"_gspb_post_css":""},"product_brand":[266],"product_cat":[174,173,233],"product_tag":[],"class_list":{"0":"post-5576","1":"product","2":"type-product","3":"status-publish","4":"has-post-thumbnail","6":"product_brand-calligaris","7":"product_cat-diivanilauad","8":"product_cat-lauad","9":"product_cat-soogilauad","11":"first","12":"instock","13":"taxable","14":"shipping-taxable","15":"purchasable","16":"product-type-simple"},"ct_brands":[{"id":266,"name":"Calligaris","slug":"calligaris"}],"_links":{"self":[{"href":"https:\/\/arhainteriors.ee\/en\/wp-json\/wp\/v2\/product\/5576","targetHints":{"allow":["GET"]}}],"collection":[{"href":"https:\/\/arhainteriors.ee\/en\/wp-json\/wp\/v2\/product"}],"about":[{"href":"https:\/\/arhainteriors.ee\/en\/wp-json\/wp\/v2\/types\/product"}],"wp:featuredmedia":[{"embeddable":true,"href":"https:\/\/arhainteriors.ee\/en\/wp-json\/wp\/v2\/media\/5580"}],"wp:attachment":[{"href":"https:\/\/arhainteriors.ee\/en\/wp-json\/wp\/v2\/media?parent=5576"}],"wp:term":[{"taxonomy":"product_brand","embeddable":true,"href":"https:\/\/arhainteriors.ee\/en\/wp-json\/wp\/v2\/product_brand?post=5576"},{"taxonomy":"product_cat","embeddable":true,"href":"https:\/\/arhainteriors.ee\/en\/wp-json\/wp\/v2\/product_cat?post=5576"},{"taxonomy":"product_tag","embeddable":true,"href":"https:\/\/arhainteriors.ee\/en\/wp-json\/wp\/v2\/product_tag?post=5576"}],"curies":[{"name":"wp","href":"https:\/\/api.w.org\/{rel}","templated":true}]}}