{"id":5556,"date":"2024-07-02T17:47:35","date_gmt":"2024-07-02T17:47:35","guid":{"rendered":"https:\/\/arhainteriors.ee\/?post_type=product&#038;p=5556"},"modified":"2024-08-23T14:24:34","modified_gmt":"2024-08-23T14:24:34","slug":"cs2202-adel-tugitool-viini-olgadega-puidust-calligaris","status":"publish","type":"product","link":"https:\/\/arhainteriors.ee\/en\/toode\/cs2202-adel-tugitool-viini-olgadega-puidust-calligaris\/","title":{"rendered":"CS2202 AD\u00c8L &#8211; Tugitool viini \u00f5lgadega puidust, Calligaris"},"content":{"rendered":"","protected":false},"excerpt":{"rendered":"<p><strong>Toote k\u00f5rgus:<\/strong> 79 cm \u00a0<strong>Laius:<\/strong> 54 cm \u00a0<strong>S\u00fcgavus: <\/strong>60\u00a0cm<\/p>\n<p><strong><img loading=\"lazy\" decoding=\"async\" class=\"alignnone wp-image-7782\" src=\"https:\/\/arhainteriors.ee\/wp-content\/uploads\/2024\/07\/icons8-upload-32.png\" alt=\"\" width=\"18\" height=\"18\" \/> <a href=\"https:\/\/www.calligaris.com\/media-prods\/3d2d\/CS2202.dwg\">fail <\/a><\/strong><a href=\"https:\/\/www.calligaris.com\/media-prods\/3d2d\/CS2202.dwg\">dwg<\/a> , <strong><img loading=\"lazy\" decoding=\"async\" class=\"alignnone wp-image-7782\" src=\"https:\/\/arhainteriors.ee\/wp-content\/uploads\/2024\/07\/icons8-upload-32.png\" alt=\"\" width=\"18\" height=\"18\" \/> <a href=\"https:\/\/www.calligaris.com\/media-prods\/3d2d\/CS2202.ndw\">fail<\/a><\/strong><strong>\u00a0<\/strong><a href=\"https:\/\/www.calligaris.com\/media-prods\/3d2d\/CS2202.ndw\">ndw<\/a>\u00a0 , <strong><img loading=\"lazy\" decoding=\"async\" class=\"alignnone wp-image-7782\" src=\"https:\/\/arhainteriors.ee\/wp-content\/uploads\/2024\/07\/icons8-upload-32.png\" alt=\"\" width=\"18\" height=\"18\" \/> <a href=\"https:\/\/www.calligaris.com\/media-prods\/3d2d\/CS2202.obj\">fail <\/a><\/strong><a href=\"https:\/\/www.calligaris.com\/media-prods\/3d2d\/CS2202.obj\">obj<\/a><\/p>\n<p>CS2202 AD\u00c8L &#8211; Tugitool viini \u00f5lgadega puidust, Calligaris. Kogege moodsa rafineerituse kehastust Ad\u00e8liga, puidust tugitooliga, millel on \u0161ikk siluett, rafineeritud esteetika ja hoolikalt kureeritud detailid. Selle klassikalise disaini kaasaegne keerdk\u00e4ik on esile t\u00f5stetud l\u00e4bim\u00f5eldud proportsioonide kaudu, mis t\u00f5stab selle ilu uutesse k\u00f5rgustesse.<\/p>\n<p>Puitraami ja Viini \u00f5lgseljatoega Ad\u00e8l kuulub kutsuvate istmete kollektsiooni, mis on tuntud erakordse mugavuse poolest. Mitmek\u00fclgne ja kohandatav, see t\u00e4iendab vaevata erinevaid kompositsioone, siirdudes sujuvalt kodustest s\u00f6\u00f6gisaalidest restoranide v\u00f5i \u00e4riruumide rafineeritud \u00f5hkkonda. Suurendage oma \u00fcmbrust Ad\u00e8liga \u2013 kus ajatu stiil kohtub v\u00f5rratu mugavusega igas keskkonnas.<\/p>\n","protected":false},"featured_media":5557,"template":"","meta":{"_gspb_post_css":""},"product_brand":[266],"product_cat":[180,158],"product_tag":[],"class_list":{"0":"post-5556","1":"product","2":"type-product","3":"status-publish","4":"has-post-thumbnail","6":"product_brand-calligaris","7":"product_cat-toolid","8":"product_cat-tugitoolid","10":"first","11":"instock","12":"taxable","13":"shipping-taxable","14":"purchasable","15":"product-type-simple"},"ct_brands":[{"id":266,"name":"Calligaris","slug":"calligaris"}],"_links":{"self":[{"href":"https:\/\/arhainteriors.ee\/en\/wp-json\/wp\/v2\/product\/5556","targetHints":{"allow":["GET"]}}],"collection":[{"href":"https:\/\/arhainteriors.ee\/en\/wp-json\/wp\/v2\/product"}],"about":[{"href":"https:\/\/arhainteriors.ee\/en\/wp-json\/wp\/v2\/types\/product"}],"wp:featuredmedia":[{"embeddable":true,"href":"https:\/\/arhainteriors.ee\/en\/wp-json\/wp\/v2\/media\/5557"}],"wp:attachment":[{"href":"https:\/\/arhainteriors.ee\/en\/wp-json\/wp\/v2\/media?parent=5556"}],"wp:term":[{"taxonomy":"product_brand","embeddable":true,"href":"https:\/\/arhainteriors.ee\/en\/wp-json\/wp\/v2\/product_brand?post=5556"},{"taxonomy":"product_cat","embeddable":true,"href":"https:\/\/arhainteriors.ee\/en\/wp-json\/wp\/v2\/product_cat?post=5556"},{"taxonomy":"product_tag","embeddable":true,"href":"https:\/\/arhainteriors.ee\/en\/wp-json\/wp\/v2\/product_tag?post=5556"}],"curies":[{"name":"wp","href":"https:\/\/api.w.org\/{rel}","templated":true}]}}