{"id":5550,"date":"2024-07-02T17:44:15","date_gmt":"2024-07-02T17:44:15","guid":{"rendered":"https:\/\/arhainteriors.ee\/?post_type=product&#038;p=5550"},"modified":"2024-08-23T14:27:13","modified_gmt":"2024-08-23T14:27:13","slug":"cs2096-adel-tugitool-puidust-alusega-polsterdatuda-calligaris","status":"publish","type":"product","link":"https:\/\/arhainteriors.ee\/en\/toode\/cs2096-adel-tugitool-puidust-alusega-polsterdatuda-calligaris\/","title":{"rendered":"CS2096 AD\u00c8L &#8211; Tugitool puidust alusega polsterdatuda, Calligaris"},"content":{"rendered":"","protected":false},"excerpt":{"rendered":"<p><strong>Toote k\u00f5rgus:<\/strong> 79 cm \u00a0<strong>Laius:<\/strong> 53,5 cm \u00a0<strong>S\u00fcgavus: <\/strong>60\u00a0cm<\/p>\n<p><strong><img loading=\"lazy\" decoding=\"async\" class=\"alignnone wp-image-7782\" src=\"https:\/\/arhainteriors.ee\/wp-content\/uploads\/2024\/07\/icons8-upload-32.png\" alt=\"\" width=\"18\" height=\"18\" \/> <a href=\"https:\/\/www.calligaris.com\/media-prods\/3d2d\/CS2096.dwg\">fail <\/a><\/strong><a href=\"https:\/\/www.calligaris.com\/media-prods\/3d2d\/CS2096.dwg\">dwg<\/a> , <strong><img loading=\"lazy\" decoding=\"async\" class=\"alignnone wp-image-7782\" src=\"https:\/\/arhainteriors.ee\/wp-content\/uploads\/2024\/07\/icons8-upload-32.png\" alt=\"\" width=\"18\" height=\"18\" \/> <a href=\"https:\/\/www.calligaris.com\/media-prods\/3d2d\/CS2096.ndw\">fail<\/a><\/strong><strong>\u00a0<\/strong><a href=\"https:\/\/www.calligaris.com\/media-prods\/3d2d\/CS2096.ndw\">ndw<\/a>\u00a0 , <strong><img loading=\"lazy\" decoding=\"async\" class=\"alignnone wp-image-7782\" src=\"https:\/\/arhainteriors.ee\/wp-content\/uploads\/2024\/07\/icons8-upload-32.png\" alt=\"\" width=\"18\" height=\"18\" \/> <a href=\"https:\/\/www.calligaris.com\/media-prods\/3d2d\/CS2096.obj\">fail <\/a><\/strong><a href=\"https:\/\/www.calligaris.com\/media-prods\/3d2d\/CS2096.obj\">obj<\/a><\/p>\n<p>CS2096 AD\u00c8L &#8211; Tugitool puidust alusega polsterdatuda, Calligaris. Ad\u00e8l on puitraamiga tool, mida tunnustatakse selle elegantse silueti, elegantse esteetika ja hoolika viimistluse poolest. Selle klassikalise disaini kaasaegset \u00fcmbert\u00f5lgendust r\u00f5hutavad h\u00e4sti proportsionaalsed ja hoolikalt l\u00e4bim\u00f5eldud detailid.<\/p>\n<p>Tuhapuidust raam t\u00e4iendab kutsuvat polsterdatud istet, millel on erakordse mugavuse tagamiseks ka elastne rihm. Jalade ja istme sujuv integreerimine puidust raami sisse kiirgab soojust ja peenust. Kollektsiooni osana pakub Ad\u00e8l mitmek\u00fclgsust erinevate kompositsioonide jaoks ja seda saab kohandada v\u00e4ga erinevatele seadetele, alates kodustest s\u00f6\u00f6gitubadest kuni restoranide ja \u00e4riasutusteni.<\/p>\n","protected":false},"featured_media":5551,"template":"","meta":{"_gspb_post_css":""},"product_brand":[266],"product_cat":[180,158],"product_tag":[],"class_list":{"0":"post-5550","1":"product","2":"type-product","3":"status-publish","4":"has-post-thumbnail","6":"product_brand-calligaris","7":"product_cat-toolid","8":"product_cat-tugitoolid","10":"first","11":"instock","12":"taxable","13":"shipping-taxable","14":"purchasable","15":"product-type-simple"},"ct_brands":[{"id":266,"name":"Calligaris","slug":"calligaris"}],"_links":{"self":[{"href":"https:\/\/arhainteriors.ee\/en\/wp-json\/wp\/v2\/product\/5550","targetHints":{"allow":["GET"]}}],"collection":[{"href":"https:\/\/arhainteriors.ee\/en\/wp-json\/wp\/v2\/product"}],"about":[{"href":"https:\/\/arhainteriors.ee\/en\/wp-json\/wp\/v2\/types\/product"}],"wp:featuredmedia":[{"embeddable":true,"href":"https:\/\/arhainteriors.ee\/en\/wp-json\/wp\/v2\/media\/5551"}],"wp:attachment":[{"href":"https:\/\/arhainteriors.ee\/en\/wp-json\/wp\/v2\/media?parent=5550"}],"wp:term":[{"taxonomy":"product_brand","embeddable":true,"href":"https:\/\/arhainteriors.ee\/en\/wp-json\/wp\/v2\/product_brand?post=5550"},{"taxonomy":"product_cat","embeddable":true,"href":"https:\/\/arhainteriors.ee\/en\/wp-json\/wp\/v2\/product_cat?post=5550"},{"taxonomy":"product_tag","embeddable":true,"href":"https:\/\/arhainteriors.ee\/en\/wp-json\/wp\/v2\/product_tag?post=5550"}],"curies":[{"name":"wp","href":"https:\/\/api.w.org\/{rel}","templated":true}]}}