{"id":5546,"date":"2024-07-02T17:40:19","date_gmt":"2024-07-02T17:40:19","guid":{"rendered":"https:\/\/arhainteriors.ee\/?post_type=product&#038;p=5546"},"modified":"2024-08-23T14:29:37","modified_gmt":"2024-08-23T14:29:37","slug":"cs2200-adel-taburet-polsterdatud-puidust-alusega-calligaris","status":"publish","type":"product","link":"https:\/\/arhainteriors.ee\/en\/toode\/cs2200-adel-taburet-polsterdatud-puidust-alusega-calligaris\/","title":{"rendered":"CS2200 AD\u00c8L &#8211; Taburet polsterdatud puidust alusega, Calligaris"},"content":{"rendered":"","protected":false},"excerpt":{"rendered":"<p><strong>Toote k\u00f5rgus:<\/strong> 91 cm \u00a0<strong>Laius:<\/strong> 54 cm \u00a0<strong>S\u00fcgavus: <\/strong>58\u00a0cm<\/p>\n<p><strong><img loading=\"lazy\" decoding=\"async\" class=\"alignnone wp-image-7782\" src=\"https:\/\/arhainteriors.ee\/wp-content\/uploads\/2024\/07\/icons8-upload-32.png\" alt=\"\" width=\"18\" height=\"18\" \/> <a href=\"https:\/\/www.calligaris.com\/media-prods\/3d2d\/CS2200.dwg\">fail <\/a><\/strong><a href=\"https:\/\/www.calligaris.com\/media-prods\/3d2d\/CS2200.dwg\">dwg<\/a> , <strong><img loading=\"lazy\" decoding=\"async\" class=\"alignnone wp-image-7782\" src=\"https:\/\/arhainteriors.ee\/wp-content\/uploads\/2024\/07\/icons8-upload-32.png\" alt=\"\" width=\"18\" height=\"18\" \/> <a href=\"https:\/\/www.calligaris.com\/media-prods\/3d2d\/CS2200.ndw\">fail<\/a><\/strong><strong>\u00a0<\/strong><a href=\"https:\/\/www.calligaris.com\/media-prods\/3d2d\/CS2200.ndw\">ndw<\/a>\u00a0 , <strong><img loading=\"lazy\" decoding=\"async\" class=\"alignnone wp-image-7782\" src=\"https:\/\/arhainteriors.ee\/wp-content\/uploads\/2024\/07\/icons8-upload-32.png\" alt=\"\" width=\"18\" height=\"18\" \/> <a href=\"https:\/\/www.calligaris.com\/media-prods\/3d2d\/CS2200.obj\">fail <\/a><\/strong><a href=\"https:\/\/www.calligaris.com\/media-prods\/3d2d\/CS2200.obj\">obj<\/a><\/p>\n<p>CS2200 AD\u00c8L &#8211; Taburet polsterdatud puidust alusega, Calligaris. Ad\u00e8l, puidust taburet, \u00f5hkab rafineeritust oma elegantse silueti, elegantse esteetika ja hoolikalt kureeritud detailidega. Selle teose ilu r\u00f5hutavad rafineeritud proportsioonid, mis \u00fchendavad sujuvalt kaasaegse elegantsi klassikalise v\u00f5luga. Puitraami ja polsterdatud seljatoega Ad\u00e8l on osa kutsuvate istmete perekonda, mis on tuntud oma erakordse mugavuse poolest. Mitmek\u00fclgne ja kohandatav, see t\u00e4iendab vaevata erinevaid kompositsioone, muutes selle sobivaks erinevatesse oludesse, alates kodustest s\u00f6\u00f6gitubadest kuni restoranide v\u00f5i \u00e4riruumide peene \u00f5hkkonnani.<\/p>\n<p>Kogege t\u00e4iuslikku stiili ja mugavuse sulandumist Ad\u00e8liga \u2013 mitmek\u00fclgse puidust taburetiga, mis on loodud t\u00e4iustama iga ruumi oma kaasaegse tundlikkusega.<\/p>\n","protected":false},"featured_media":5547,"template":"","meta":{"_gspb_post_css":""},"product_brand":[266],"product_cat":[268],"product_tag":[],"class_list":{"0":"post-5546","1":"product","2":"type-product","3":"status-publish","4":"has-post-thumbnail","6":"product_brand-calligaris","7":"product_cat-taburetid","9":"first","10":"instock","11":"taxable","12":"shipping-taxable","13":"purchasable","14":"product-type-simple"},"ct_brands":[{"id":266,"name":"Calligaris","slug":"calligaris"}],"_links":{"self":[{"href":"https:\/\/arhainteriors.ee\/en\/wp-json\/wp\/v2\/product\/5546","targetHints":{"allow":["GET"]}}],"collection":[{"href":"https:\/\/arhainteriors.ee\/en\/wp-json\/wp\/v2\/product"}],"about":[{"href":"https:\/\/arhainteriors.ee\/en\/wp-json\/wp\/v2\/types\/product"}],"wp:featuredmedia":[{"embeddable":true,"href":"https:\/\/arhainteriors.ee\/en\/wp-json\/wp\/v2\/media\/5547"}],"wp:attachment":[{"href":"https:\/\/arhainteriors.ee\/en\/wp-json\/wp\/v2\/media?parent=5546"}],"wp:term":[{"taxonomy":"product_brand","embeddable":true,"href":"https:\/\/arhainteriors.ee\/en\/wp-json\/wp\/v2\/product_brand?post=5546"},{"taxonomy":"product_cat","embeddable":true,"href":"https:\/\/arhainteriors.ee\/en\/wp-json\/wp\/v2\/product_cat?post=5546"},{"taxonomy":"product_tag","embeddable":true,"href":"https:\/\/arhainteriors.ee\/en\/wp-json\/wp\/v2\/product_tag?post=5546"}],"curies":[{"name":"wp","href":"https:\/\/api.w.org\/{rel}","templated":true}]}}