{"id":5539,"date":"2024-07-02T17:29:44","date_gmt":"2024-07-02T17:29:44","guid":{"rendered":"https:\/\/arhainteriors.ee\/?post_type=product&#038;p=5539"},"modified":"2024-09-03T18:44:43","modified_gmt":"2024-09-03T18:44:43","slug":"cs5137-c-abrey-puidust-alusega-elliptiline-kohvilaud-calligaris","status":"publish","type":"product","link":"https:\/\/arhainteriors.ee\/en\/toode\/cs5137-c-abrey-puidust-alusega-elliptiline-kohvilaud-calligaris\/","title":{"rendered":"CS5137-C ABREY &#8211; Puidust alusega elliptiline kohvilaud, Calligaris"},"content":{"rendered":"","protected":false},"excerpt":{"rendered":"<p><strong>Toote k\u00f5rgus:<\/strong> 35 cm \u00a0<strong>Laius:<\/strong> 130 cm \u00a0<strong>S\u00fcgavus: <\/strong>80\u00a0cm<\/p>\n<p><strong><img loading=\"lazy\" decoding=\"async\" class=\"alignnone wp-image-7782\" src=\"https:\/\/arhainteriors.ee\/wp-content\/uploads\/2024\/07\/icons8-upload-32.png\" alt=\"\" width=\"18\" height=\"18\" \/> <a href=\"https:\/\/www.calligaris.com\/media-prods\/3d2d\/cs5137-c.dwg\">fail <\/a><\/strong><a href=\"https:\/\/www.calligaris.com\/media-prods\/3d2d\/cs5137-c.dwg\">dwg<\/a> , <strong><img loading=\"lazy\" decoding=\"async\" class=\"alignnone wp-image-7782\" src=\"https:\/\/arhainteriors.ee\/wp-content\/uploads\/2024\/07\/icons8-upload-32.png\" alt=\"\" width=\"18\" height=\"18\" \/> <a href=\"https:\/\/www.calligaris.com\/media-prods\/3d2d\/cs5137-c.ndw\">fail<\/a><\/strong><strong>\u00a0<\/strong><a href=\"https:\/\/www.calligaris.com\/media-prods\/3d2d\/cs5137-c.ndw\">ndw<\/a>\u00a0 , <strong><img loading=\"lazy\" decoding=\"async\" class=\"alignnone wp-image-7782\" src=\"https:\/\/arhainteriors.ee\/wp-content\/uploads\/2024\/07\/icons8-upload-32.png\" alt=\"\" width=\"18\" height=\"18\" \/> <a href=\"https:\/\/www.calligaris.com\/media-prods\/3d2d\/cs5137-c.obj\">fail <\/a><\/strong><a href=\"https:\/\/www.calligaris.com\/media-prods\/3d2d\/cs5137-c.obj\">obj<\/a><\/p>\n<p>Kohvilaudadel on puitkonstruktsioon ning peen disain. Neid on erineva kujuga, sealhulgas \u00fcmmargused, ruudukujulised, ovaalsed ja ristk\u00fclikukujulised, erineva suurusega saadaval. Saate valida puidust v\u00f5i \u00fchendatud kivikeraamikast, mida pakutakse laias v\u00e4rvi- ja viimistlusvalikus.<\/p>\n<p>Need mitmek\u00fclgsed kohvilauad sobivad ideaalselt eluruumide t\u00e4iustamiseks. \u00dcksk\u00f5ik, kas neid kasutatakse eraldi v\u00f5i diivanitega v\u00f5i koos \u00fche v\u00f5i mitme ABREY tugitooliga, loovad need \u00fchtse ja stiilse atmosf\u00e4\u00e4ri.<\/p>\n","protected":false},"featured_media":5540,"template":"","meta":{"_gspb_post_css":""},"product_brand":[266],"product_cat":[222,173],"product_tag":[],"class_list":{"0":"post-5539","1":"product","2":"type-product","3":"status-publish","4":"has-post-thumbnail","6":"product_brand-calligaris","7":"product_cat-kohvilauad","8":"product_cat-lauad","10":"first","11":"instock","12":"taxable","13":"shipping-taxable","14":"purchasable","15":"product-type-simple"},"ct_brands":[{"id":266,"name":"Calligaris","slug":"calligaris"}],"_links":{"self":[{"href":"https:\/\/arhainteriors.ee\/en\/wp-json\/wp\/v2\/product\/5539","targetHints":{"allow":["GET"]}}],"collection":[{"href":"https:\/\/arhainteriors.ee\/en\/wp-json\/wp\/v2\/product"}],"about":[{"href":"https:\/\/arhainteriors.ee\/en\/wp-json\/wp\/v2\/types\/product"}],"wp:featuredmedia":[{"embeddable":true,"href":"https:\/\/arhainteriors.ee\/en\/wp-json\/wp\/v2\/media\/5540"}],"wp:attachment":[{"href":"https:\/\/arhainteriors.ee\/en\/wp-json\/wp\/v2\/media?parent=5539"}],"wp:term":[{"taxonomy":"product_brand","embeddable":true,"href":"https:\/\/arhainteriors.ee\/en\/wp-json\/wp\/v2\/product_brand?post=5539"},{"taxonomy":"product_cat","embeddable":true,"href":"https:\/\/arhainteriors.ee\/en\/wp-json\/wp\/v2\/product_cat?post=5539"},{"taxonomy":"product_tag","embeddable":true,"href":"https:\/\/arhainteriors.ee\/en\/wp-json\/wp\/v2\/product_tag?post=5539"}],"curies":[{"name":"wp","href":"https:\/\/api.w.org\/{rel}","templated":true}]}}