{"id":5535,"date":"2024-07-02T17:22:34","date_gmt":"2024-07-02T17:22:34","guid":{"rendered":"https:\/\/arhainteriors.ee\/?post_type=product&#038;p=5535"},"modified":"2024-09-04T14:04:23","modified_gmt":"2024-09-04T14:04:23","slug":"cs5137-b-abrey-puidust-alusega-ummargune-kohvilaud-calligaris","status":"publish","type":"product","link":"https:\/\/arhainteriors.ee\/en\/toode\/cs5137-b-abrey-puidust-alusega-ummargune-kohvilaud-calligaris\/","title":{"rendered":"CS5137-B ABREY &#8211; Puidust alusega \u00fcmmargune kohvilaud, Calligaris"},"content":{"rendered":"","protected":false},"excerpt":{"rendered":"<p><strong>Toote k\u00f5rgus:<\/strong> 40 cm \u00a0<strong>Laius:<\/strong> 90 cm \u00a0<strong>S\u00fcgavus:\u00a0<\/strong>90 cm<\/p>\n<p><strong><img loading=\"lazy\" decoding=\"async\" class=\"alignnone wp-image-7782\" src=\"https:\/\/arhainteriors.ee\/wp-content\/uploads\/2024\/07\/icons8-upload-32.png\" alt=\"\" width=\"18\" height=\"18\" \/>\u00a0<a href=\"https:\/\/www.calligaris.com\/media-prods\/3d2d\/cs5137-b.dwg\">fail\u00a0<\/a><\/strong><a href=\"https:\/\/www.calligaris.com\/media-prods\/3d2d\/cs5137-b.dwg\">dwg\u00a0<\/a>,\u00a0<strong><img loading=\"lazy\" decoding=\"async\" class=\"alignnone wp-image-7782\" src=\"https:\/\/arhainteriors.ee\/wp-content\/uploads\/2024\/07\/icons8-upload-32.png\" alt=\"\" width=\"18\" height=\"18\" \/>\u00a0<a href=\"https:\/\/www.calligaris.com\/media-prods\/3d2d\/cs5137-b.ndw\">fail<\/a><\/strong><strong>\u00a0<\/strong><a href=\"https:\/\/www.calligaris.com\/media-prods\/3d2d\/cs5137-b.ndw\">ndw\u00a0<\/a> ,\u00a0<strong><img loading=\"lazy\" decoding=\"async\" class=\"alignnone wp-image-7782\" src=\"https:\/\/arhainteriors.ee\/wp-content\/uploads\/2024\/07\/icons8-upload-32.png\" alt=\"\" width=\"18\" height=\"18\" \/>\u00a0<a href=\"https:\/\/www.calligaris.com\/media-prods\/3d2d\/cs5137-b.obj\">fail<\/a>\u00a0<\/strong><a href=\"https:\/\/www.calligaris.com\/media-prods\/3d2d\/cs5137-b.obj\">obj<\/a>,\u00a0 <strong><img loading=\"lazy\" decoding=\"async\" class=\"alignnone wp-image-7782\" src=\"https:\/\/arhainteriors.ee\/wp-content\/uploads\/2024\/07\/icons8-upload-32.png\" alt=\"\" width=\"18\" height=\"18\" \/> <a href=\"https:\/\/www.calligaris.com\/media-prods\/imo\/H-A%205137%2001%2000.pdf\">montaa\u017eijuhend<\/a><\/strong><\/p>\n<p>Avastage ABREY diivanilauad, mis on t\u00e4iuslik t\u00e4iendus ulatuslikule laudade ja toolide perekonnale.<\/p>\n<p>Nendel kohvilaudadel on sama puitkonstruktsioon ja keerukas disain, pakkudes erinevaid kujundeid, sealhulgas \u00fcmmargusi, ruudukujulisi, ovaalseid ja ristk\u00fclikukujulisi. Valige erinevate suuruste hulgast ja valige puidust v\u00f5i \u00fchendatud kivikeraamikast, mis on saadaval erinevates v\u00e4rvides ja viimistluses.<\/p>\n<p>&nbsp;<\/p>\n","protected":false},"featured_media":5536,"template":"","meta":{"_gspb_post_css":""},"product_brand":[266],"product_cat":[222,173],"product_tag":[],"class_list":{"0":"post-5535","1":"product","2":"type-product","3":"status-publish","4":"has-post-thumbnail","6":"product_brand-calligaris","7":"product_cat-kohvilauad","8":"product_cat-lauad","10":"first","11":"instock","12":"taxable","13":"shipping-taxable","14":"purchasable","15":"product-type-simple"},"ct_brands":[{"id":266,"name":"Calligaris","slug":"calligaris"}],"_links":{"self":[{"href":"https:\/\/arhainteriors.ee\/en\/wp-json\/wp\/v2\/product\/5535","targetHints":{"allow":["GET"]}}],"collection":[{"href":"https:\/\/arhainteriors.ee\/en\/wp-json\/wp\/v2\/product"}],"about":[{"href":"https:\/\/arhainteriors.ee\/en\/wp-json\/wp\/v2\/types\/product"}],"wp:featuredmedia":[{"embeddable":true,"href":"https:\/\/arhainteriors.ee\/en\/wp-json\/wp\/v2\/media\/5536"}],"wp:attachment":[{"href":"https:\/\/arhainteriors.ee\/en\/wp-json\/wp\/v2\/media?parent=5535"}],"wp:term":[{"taxonomy":"product_brand","embeddable":true,"href":"https:\/\/arhainteriors.ee\/en\/wp-json\/wp\/v2\/product_brand?post=5535"},{"taxonomy":"product_cat","embeddable":true,"href":"https:\/\/arhainteriors.ee\/en\/wp-json\/wp\/v2\/product_cat?post=5535"},{"taxonomy":"product_tag","embeddable":true,"href":"https:\/\/arhainteriors.ee\/en\/wp-json\/wp\/v2\/product_tag?post=5535"}],"curies":[{"name":"wp","href":"https:\/\/api.w.org\/{rel}","templated":true}]}}