{"id":5343,"date":"2024-06-14T18:52:14","date_gmt":"2024-06-14T18:52:14","guid":{"rendered":"https:\/\/arhainteriors.ee\/?post_type=product&#038;p=5343"},"modified":"2024-09-04T14:17:02","modified_gmt":"2024-09-04T14:17:02","slug":"cs5137-a-abrey-kohvilauad-calligaris-bronks","status":"publish","type":"product","link":"https:\/\/arhainteriors.ee\/en\/toode\/cs5137-a-abrey-kohvilauad-calligaris-bronks\/","title":{"rendered":"CS5137-A ABREY &#8211; Kohvilauad Calligaris, bronks"},"content":{"rendered":"","protected":false},"excerpt":{"rendered":"<p><strong>Toote k\u00f5rgus:<\/strong> 50cm \u00a0<strong>Laius:<\/strong> 50 cm \u00a0<strong>S\u00fcgavus: <\/strong>50 cm<\/p>\n<p><strong><img loading=\"lazy\" decoding=\"async\" class=\"alignnone wp-image-7782\" src=\"https:\/\/arhainteriors.ee\/wp-content\/uploads\/2024\/07\/icons8-upload-32.png\" alt=\"\" width=\"18\" height=\"18\" \/>\u00a0<a href=\"https:\/\/www.calligaris.com\/media-prods\/3d2d\/cs5137-a.dwg\">fail<\/a>\u00a0<\/strong><a href=\"https:\/\/www.calligaris.com\/media-prods\/3d2d\/cs5137-a.dwg\">dwg<\/a>\u00a0,\u00a0<strong><img loading=\"lazy\" decoding=\"async\" class=\"alignnone wp-image-7782\" src=\"https:\/\/arhainteriors.ee\/wp-content\/uploads\/2024\/07\/icons8-upload-32.png\" alt=\"\" width=\"18\" height=\"18\" \/>\u00a0<a href=\"https:\/\/www.calligaris.com\/media-prods\/3d2d\/cs5137-a.ndw\">fail<\/a><\/strong><strong>\u00a0<\/strong><a href=\"https:\/\/www.calligaris.com\/media-prods\/3d2d\/cs5137-a.ndw\">ndw<\/a> \u00a0,\u00a0<strong><img loading=\"lazy\" decoding=\"async\" class=\"alignnone wp-image-7782\" src=\"https:\/\/arhainteriors.ee\/wp-content\/uploads\/2024\/07\/icons8-upload-32.png\" alt=\"\" width=\"18\" height=\"18\" \/>\u00a0<a href=\"https:\/\/www.calligaris.com\/media-prods\/3d2d\/cs5137-a.obj\">fail<\/a>\u00a0<\/strong><a href=\"https:\/\/www.calligaris.com\/media-prods\/3d2d\/cs5137-a.obj\">obj,<\/a>\u00a0\u00a0<strong><img loading=\"lazy\" decoding=\"async\" class=\"alignnone wp-image-7782\" src=\"https:\/\/arhainteriors.ee\/wp-content\/uploads\/2024\/07\/icons8-upload-32.png\" alt=\"\" width=\"18\" height=\"18\" \/>\u00a0<a href=\"https:\/\/www.calligaris.com\/media-prods\/imo\/H-A%205137%2001%2000.pdf\">montaa\u017eijuhend<\/a><\/strong><\/p>\n<p>ABREY diivanilauad t\u00e4iendavad sama pere laudade ja toolide kollektsiooni. Neid iseloomustab ka puitkonstruktsioon ja peen disain ning neil v\u00f5ivad olla erineva suurusega \u00fcmmargused, ruudukujulised, ovaalsed ja ristk\u00fclikukujulised puidust v\u00f5i \u00fchendatud kivikeraamikast, erineva v\u00e4rvi ja viimistlusega. Ideaalne eluruumidesse v\u00f5i sobitada koos diivanitega v\u00f5i \u00fche v\u00f5i mitme Abrey tugitooliga.<\/p>\n<p>&nbsp;<\/p>\n","protected":false},"featured_media":5532,"template":"","meta":{"_gspb_post_css":""},"product_brand":[266],"product_cat":[173,233],"product_tag":[],"class_list":{"0":"post-5343","1":"product","2":"type-product","3":"status-publish","4":"has-post-thumbnail","6":"product_brand-calligaris","7":"product_cat-lauad","8":"product_cat-soogilauad","10":"first","11":"instock","12":"taxable","13":"shipping-taxable","14":"purchasable","15":"product-type-simple"},"ct_brands":[{"id":266,"name":"Calligaris","slug":"calligaris"}],"_links":{"self":[{"href":"https:\/\/arhainteriors.ee\/en\/wp-json\/wp\/v2\/product\/5343","targetHints":{"allow":["GET"]}}],"collection":[{"href":"https:\/\/arhainteriors.ee\/en\/wp-json\/wp\/v2\/product"}],"about":[{"href":"https:\/\/arhainteriors.ee\/en\/wp-json\/wp\/v2\/types\/product"}],"wp:featuredmedia":[{"embeddable":true,"href":"https:\/\/arhainteriors.ee\/en\/wp-json\/wp\/v2\/media\/5532"}],"wp:attachment":[{"href":"https:\/\/arhainteriors.ee\/en\/wp-json\/wp\/v2\/media?parent=5343"}],"wp:term":[{"taxonomy":"product_brand","embeddable":true,"href":"https:\/\/arhainteriors.ee\/en\/wp-json\/wp\/v2\/product_brand?post=5343"},{"taxonomy":"product_cat","embeddable":true,"href":"https:\/\/arhainteriors.ee\/en\/wp-json\/wp\/v2\/product_cat?post=5343"},{"taxonomy":"product_tag","embeddable":true,"href":"https:\/\/arhainteriors.ee\/en\/wp-json\/wp\/v2\/product_tag?post=5343"}],"curies":[{"name":"wp","href":"https:\/\/api.w.org\/{rel}","templated":true}]}}