{"id":5326,"date":"2024-06-14T13:47:23","date_gmt":"2024-06-14T13:47:23","guid":{"rendered":"https:\/\/arhainteriors.ee\/?post_type=product&#038;p=5326"},"modified":"2024-09-04T15:00:15","modified_gmt":"2024-09-04T15:00:15","slug":"cs2042-abrey-taburetid-calligaris","status":"publish","type":"product","link":"https:\/\/arhainteriors.ee\/en\/toode\/cs2042-abrey-taburetid-calligaris\/","title":{"rendered":"CS2042 ABREY \u2013 Taburetid Calligaris"},"content":{"rendered":"","protected":false},"excerpt":{"rendered":"<p><strong>Toote k\u00f5rgus:<\/strong> 89 cm \u00a0<strong>Laius:<\/strong> 55 cm \u00a0<strong>S\u00fcgavus: <\/strong>58,5 cm \u00a0<strong>Istme k\u00f5rgus: <\/strong>65\u00a0cm<\/p>\n<p><strong><img loading=\"lazy\" decoding=\"async\" class=\"alignnone wp-image-7782\" src=\"https:\/\/arhainteriors.ee\/wp-content\/uploads\/2024\/07\/icons8-upload-32.png\" alt=\"\" width=\"18\" height=\"18\" \/>\u00a0<a href=\"https:\/\/www.calligaris.com\/media-prods\/3d2d\/cs2042.dwg\">fail<\/a>\u00a0<\/strong><a href=\"https:\/\/www.calligaris.com\/media-prods\/3d2d\/cs2042.dwg\">dwg<\/a>\u00a0,\u00a0<strong><img loading=\"lazy\" decoding=\"async\" class=\"alignnone wp-image-7782\" src=\"https:\/\/arhainteriors.ee\/wp-content\/uploads\/2024\/07\/icons8-upload-32.png\" alt=\"\" width=\"18\" height=\"18\" \/>\u00a0<a href=\"https:\/\/www.calligaris.com\/media-prods\/3d2d\/cs2042.ndw\">fail<\/a><\/strong><strong>\u00a0<\/strong><a href=\"https:\/\/www.calligaris.com\/media-prods\/3d2d\/cs2042.ndw\">ndw<\/a>\u00a0\u00a0,\u00a0<strong><img loading=\"lazy\" decoding=\"async\" class=\"alignnone wp-image-7782\" src=\"https:\/\/arhainteriors.ee\/wp-content\/uploads\/2024\/07\/icons8-upload-32.png\" alt=\"\" width=\"18\" height=\"18\" \/>\u00a0<a href=\"https:\/\/www.calligaris.com\/media-prods\/3d2d\/cs2042.obj\">fail<\/a>\u00a0<\/strong><a href=\"https:\/\/www.calligaris.com\/media-prods\/3d2d\/cs2042.obj\">obj,<\/a>\u00a0\u00a0<strong><img loading=\"lazy\" decoding=\"async\" class=\"alignnone wp-image-7782\" src=\"https:\/\/arhainteriors.ee\/wp-content\/uploads\/2024\/07\/icons8-upload-32.png\" alt=\"\" width=\"18\" height=\"18\" \/>\u00a0<a href=\"https:\/\/www.calligaris.com\/media-prods\/imo\/H-A%202040%2001%2000.pdf\">montaa\u017eijuhend<\/a><\/strong><\/p>\n<p>Abrey tooteperekond koosneb mitmest erinevast peene elegantse esteetikaga istumisv\u00f5imalusest ning sisaldab kahe erineva k\u00f5rgusega toole, tugitoole ja taburete. Kutsuvalt helde ja kumera seljatoega pakuvad k\u00f5ik selle mudeli versioonid \u00fclimat mugavust.<\/p>\n<p>&nbsp;<\/p>\n","protected":false},"featured_media":5497,"template":"","meta":{"_gspb_post_css":""},"product_brand":[266],"product_cat":[268],"product_tag":[],"class_list":{"0":"post-5326","1":"product","2":"type-product","3":"status-publish","4":"has-post-thumbnail","6":"product_brand-calligaris","7":"product_cat-taburetid","9":"first","10":"instock","11":"taxable","12":"shipping-taxable","13":"purchasable","14":"product-type-simple"},"ct_brands":[{"id":266,"name":"Calligaris","slug":"calligaris"}],"_links":{"self":[{"href":"https:\/\/arhainteriors.ee\/en\/wp-json\/wp\/v2\/product\/5326","targetHints":{"allow":["GET"]}}],"collection":[{"href":"https:\/\/arhainteriors.ee\/en\/wp-json\/wp\/v2\/product"}],"about":[{"href":"https:\/\/arhainteriors.ee\/en\/wp-json\/wp\/v2\/types\/product"}],"wp:featuredmedia":[{"embeddable":true,"href":"https:\/\/arhainteriors.ee\/en\/wp-json\/wp\/v2\/media\/5497"}],"wp:attachment":[{"href":"https:\/\/arhainteriors.ee\/en\/wp-json\/wp\/v2\/media?parent=5326"}],"wp:term":[{"taxonomy":"product_brand","embeddable":true,"href":"https:\/\/arhainteriors.ee\/en\/wp-json\/wp\/v2\/product_brand?post=5326"},{"taxonomy":"product_cat","embeddable":true,"href":"https:\/\/arhainteriors.ee\/en\/wp-json\/wp\/v2\/product_cat?post=5326"},{"taxonomy":"product_tag","embeddable":true,"href":"https:\/\/arhainteriors.ee\/en\/wp-json\/wp\/v2\/product_tag?post=5326"}],"curies":[{"name":"wp","href":"https:\/\/api.w.org\/{rel}","templated":true}]}}