{"id":4559,"date":"2024-01-28T20:34:17","date_gmt":"2024-01-28T20:34:17","guid":{"rendered":"https:\/\/arhainteriors.ee\/?post_type=product&#038;p=4559"},"modified":"2024-09-04T15:52:14","modified_gmt":"2024-09-04T15:52:14","slug":"umanoff-lillealus","status":"publish","type":"product","link":"https:\/\/arhainteriors.ee\/en\/toode\/umanoff-lillealus\/","title":{"rendered":"UMANOFF lillealus"},"content":{"rendered":"","protected":false},"excerpt":{"rendered":"<p><strong>Toote k\u00f5rgus:<\/strong> 27 cm\u00a0 <strong>Toote laius:<\/strong> 27 cm<\/p>\n<p><strong><img loading=\"lazy\" decoding=\"async\" class=\"alignnone wp-image-7782\" src=\"https:\/\/arhainteriors.ee\/wp-content\/uploads\/2024\/07\/icons8-upload-32.png\" alt=\"\" width=\"18\" height=\"18\" \/>\u00a0<a href=\"https:\/\/presscloud.com\/file\/29\/292392610062921\/PFS_Umanoff_Planter.pdf\">tooteandmed<\/a><\/strong>\u00a0,\u00a0<strong><img loading=\"lazy\" decoding=\"async\" class=\"alignnone wp-image-7782\" src=\"https:\/\/arhainteriors.ee\/wp-content\/uploads\/2024\/07\/icons8-upload-32.png\" alt=\"\" width=\"18\" height=\"18\" \/>\u00a0<a href=\"https:\/\/audo.presscloud.com\/digitalshowroom\/#\/gallery\/Umanoff-Planters\">2d\/3d failid<\/a><\/strong>\u00a0 ,\u00a0<strong><img loading=\"lazy\" decoding=\"async\" class=\"alignnone wp-image-7782\" src=\"https:\/\/arhainteriors.ee\/wp-content\/uploads\/2024\/07\/icons8-upload-32.png\" alt=\"\" width=\"18\" height=\"18\" \/>\u00a0<a href=\"https:\/\/presscloud.com\/file\/65\/655477028398859\/Audo_Cph_Care_Instructions.pdf\">hooldusjuhend<\/a><\/strong><\/p>\n<p>Umanoff lillealus on saadaval kolmes erinevas suuruses ning see \u00fchendab elegantsed pulberv\u00e4rvitud terasjooned k\u00f5vera k\u00e4sit\u00f6\u00f6na punutud rotangiga loodusliku kontrasti saamiseks. Disainitud 1961. aastal hilise Arthur Umanoffi poolt, kes oli keskaja modernse meister, sobib k\u00f5rgendatud lillepott nii sise- kui ka v\u00e4listingimustes kasutamiseks.<\/p>\n","protected":false},"featured_media":4560,"template":"","meta":{"_gspb_post_css":""},"product_brand":[264],"product_cat":[258],"product_tag":[260,232,227],"class_list":{"0":"post-4559","1":"product","2":"type-product","3":"status-publish","4":"has-post-thumbnail","6":"product_brand-audo-cph","7":"product_cat-aksessuaarid","8":"product_tag-aksessuaarid","9":"product_tag-audo","10":"product_tag-lillealus","12":"first","13":"instock","14":"taxable","15":"shipping-taxable","16":"purchasable","17":"product-type-simple"},"ct_brands":[{"id":264,"name":"Audo CPH","slug":"audo-cph"}],"_links":{"self":[{"href":"https:\/\/arhainteriors.ee\/en\/wp-json\/wp\/v2\/product\/4559","targetHints":{"allow":["GET"]}}],"collection":[{"href":"https:\/\/arhainteriors.ee\/en\/wp-json\/wp\/v2\/product"}],"about":[{"href":"https:\/\/arhainteriors.ee\/en\/wp-json\/wp\/v2\/types\/product"}],"wp:featuredmedia":[{"embeddable":true,"href":"https:\/\/arhainteriors.ee\/en\/wp-json\/wp\/v2\/media\/4560"}],"wp:attachment":[{"href":"https:\/\/arhainteriors.ee\/en\/wp-json\/wp\/v2\/media?parent=4559"}],"wp:term":[{"taxonomy":"product_brand","embeddable":true,"href":"https:\/\/arhainteriors.ee\/en\/wp-json\/wp\/v2\/product_brand?post=4559"},{"taxonomy":"product_cat","embeddable":true,"href":"https:\/\/arhainteriors.ee\/en\/wp-json\/wp\/v2\/product_cat?post=4559"},{"taxonomy":"product_tag","embeddable":true,"href":"https:\/\/arhainteriors.ee\/en\/wp-json\/wp\/v2\/product_tag?post=4559"}],"curies":[{"name":"wp","href":"https:\/\/api.w.org\/{rel}","templated":true}]}}