{"id":4555,"date":"2024-01-28T20:31:29","date_gmt":"2024-01-28T20:31:29","guid":{"rendered":"https:\/\/arhainteriors.ee\/?post_type=product&#038;p=4555"},"modified":"2024-09-04T15:55:52","modified_gmt":"2024-09-04T15:55:52","slug":"umanoff-veiniriiul","status":"publish","type":"product","link":"https:\/\/arhainteriors.ee\/en\/toode\/umanoff-veiniriiul\/","title":{"rendered":"UMANOFF veiniriiul"},"content":{"rendered":"","protected":false},"excerpt":{"rendered":"<p><strong>Toote k\u00f5rgus:<\/strong> 47,5 cm\u00a0 <strong>Toote laius:<\/strong> 24 cm\u00a0\u00a0<strong>Toote s\u00fcgavus:\u00a0<\/strong>25 cm<\/p>\n<p><strong><img loading=\"lazy\" decoding=\"async\" class=\"alignnone wp-image-7782\" src=\"https:\/\/arhainteriors.ee\/wp-content\/uploads\/2024\/07\/icons8-upload-32.png\" alt=\"\" width=\"18\" height=\"18\" \/>\u00a0<a href=\"https:\/\/presscloud.com\/file\/83\/833138289347149\/PFS_Umanoff_Wine_Rack.pdf\">tooteandmed<\/a><\/strong>\u00a0,\u00a0<strong><img loading=\"lazy\" decoding=\"async\" class=\"alignnone wp-image-7782\" src=\"https:\/\/arhainteriors.ee\/wp-content\/uploads\/2024\/07\/icons8-upload-32.png\" alt=\"\" width=\"18\" height=\"18\" \/>\u00a0<a href=\"https:\/\/audo.presscloud.com\/digitalshowroom\/#\/gallery\/Umanoff-Wine-Rack\">2d\/3d failid<\/a><\/strong>\u00a0 ,\u00a0<strong><img loading=\"lazy\" decoding=\"async\" class=\"alignnone wp-image-7782\" src=\"https:\/\/arhainteriors.ee\/wp-content\/uploads\/2024\/07\/icons8-upload-32.png\" alt=\"\" width=\"18\" height=\"18\" \/>\u00a0<a href=\"https:\/\/presscloud.com\/file\/65\/655477028398859\/Audo_Cph_Care_Instructions.pdf\">hooldusjuhend<\/a><\/strong><\/p>\n<p>Arthur Umanoffi keskaja modernne veiniriiul \u00fchendab musta pulberv\u00e4rvitud terast nahaga t\u00f6\u00f6stusliku v\u00e4limuse saamiseks. Mahutades 8 pudelit, on see taasv\u00e4lja antud disain ideaalne veinikeldritesse v\u00f5i iseseisvaks riiuliks k\u00f6\u00f6gis v\u00f5i s\u00f6\u00f6gitoas, et hoida pudelid k\u00e4eulatuses. Ajatu disain toimib ka skulpturaalse elemendina.<\/p>\n","protected":false},"featured_media":4556,"template":"","meta":{"_gspb_post_css":""},"product_brand":[264],"product_cat":[258],"product_tag":[260,232,263],"class_list":{"0":"post-4555","1":"product","2":"type-product","3":"status-publish","4":"has-post-thumbnail","6":"product_brand-audo-cph","7":"product_cat-aksessuaarid","8":"product_tag-aksessuaarid","9":"product_tag-audo","10":"product_tag-veiniriiul","12":"first","13":"instock","14":"taxable","15":"shipping-taxable","16":"purchasable","17":"product-type-simple"},"ct_brands":[{"id":264,"name":"Audo CPH","slug":"audo-cph"}],"_links":{"self":[{"href":"https:\/\/arhainteriors.ee\/en\/wp-json\/wp\/v2\/product\/4555","targetHints":{"allow":["GET"]}}],"collection":[{"href":"https:\/\/arhainteriors.ee\/en\/wp-json\/wp\/v2\/product"}],"about":[{"href":"https:\/\/arhainteriors.ee\/en\/wp-json\/wp\/v2\/types\/product"}],"wp:featuredmedia":[{"embeddable":true,"href":"https:\/\/arhainteriors.ee\/en\/wp-json\/wp\/v2\/media\/4556"}],"wp:attachment":[{"href":"https:\/\/arhainteriors.ee\/en\/wp-json\/wp\/v2\/media?parent=4555"}],"wp:term":[{"taxonomy":"product_brand","embeddable":true,"href":"https:\/\/arhainteriors.ee\/en\/wp-json\/wp\/v2\/product_brand?post=4555"},{"taxonomy":"product_cat","embeddable":true,"href":"https:\/\/arhainteriors.ee\/en\/wp-json\/wp\/v2\/product_cat?post=4555"},{"taxonomy":"product_tag","embeddable":true,"href":"https:\/\/arhainteriors.ee\/en\/wp-json\/wp\/v2\/product_tag?post=4555"}],"curies":[{"name":"wp","href":"https:\/\/api.w.org\/{rel}","templated":true}]}}