{"id":4539,"date":"2024-01-28T20:20:41","date_gmt":"2024-01-28T20:20:41","guid":{"rendered":"https:\/\/arhainteriors.ee\/?post_type=product&#038;p=4539"},"modified":"2024-09-04T16:21:27","modified_gmt":"2024-09-04T16:21:27","slug":"houkime-vaip","status":"publish","type":"product","link":"https:\/\/arhainteriors.ee\/en\/toode\/houkime-vaip\/","title":{"rendered":"HOUKIME vaip"},"content":{"rendered":"","protected":false},"excerpt":{"rendered":"<p><strong>Toote k\u00f5rgus:<\/strong> 200 cm\u00a0 <strong>Toote laius:<\/strong> 300 cm<\/p>\n<p><strong><img loading=\"lazy\" decoding=\"async\" class=\"alignnone wp-image-7782\" src=\"https:\/\/arhainteriors.ee\/wp-content\/uploads\/2024\/07\/icons8-upload-32.png\" alt=\"\" width=\"18\" height=\"18\" \/>\u00a0<a href=\"https:\/\/presscloud.com\/file\/75\/754754978899280\/PFS_Houkime_Rug.pdf\">tooteandmed<\/a><\/strong>\u00a0,\u00a0<strong><img loading=\"lazy\" decoding=\"async\" class=\"alignnone wp-image-7782\" src=\"https:\/\/arhainteriors.ee\/wp-content\/uploads\/2024\/07\/icons8-upload-32.png\" alt=\"\" width=\"18\" height=\"18\" \/>\u00a0<a href=\"https:\/\/audo.presscloud.com\/digitalshowroom\/#\/gallery\/Houkime-Rug\">2d\/3d failid<\/a><\/strong>\u00a0 ,\u00a0<strong><img loading=\"lazy\" decoding=\"async\" class=\"alignnone wp-image-7782\" src=\"https:\/\/arhainteriors.ee\/wp-content\/uploads\/2024\/07\/icons8-upload-32.png\" alt=\"\" width=\"18\" height=\"18\" \/>\u00a0<a href=\"https:\/\/presscloud.com\/file\/65\/655477028398859\/Audo_Cph_Care_Instructions.pdf\">hooldusjuhend<\/a><\/strong><\/p>\n<p>Nina Bruuni kujundatud Houkime vaip on oma v\u00e4ljenduselt klassikaline, kootud karedas mustris pehmest puuvillast ja tencelist taktiilse viimistluse saavutamiseks. Ajatu v\u00e4rv t\u00e4hendab, et see sobib igasuguse sisekujundusega, lisades elegantsi ja soojust nii suurtesse kui ka v\u00e4ikestesse ruumidesse.<\/p>\n","protected":false},"featured_media":4540,"template":"","meta":{"_gspb_post_css":""},"product_brand":[264],"product_cat":[258],"product_tag":[260,232,261],"class_list":{"0":"post-4539","1":"product","2":"type-product","3":"status-publish","4":"has-post-thumbnail","6":"product_brand-audo-cph","7":"product_cat-aksessuaarid","8":"product_tag-aksessuaarid","9":"product_tag-audo","10":"product_tag-vaip","12":"first","13":"instock","14":"taxable","15":"shipping-taxable","16":"purchasable","17":"product-type-simple"},"ct_brands":[{"id":264,"name":"Audo CPH","slug":"audo-cph"}],"_links":{"self":[{"href":"https:\/\/arhainteriors.ee\/en\/wp-json\/wp\/v2\/product\/4539","targetHints":{"allow":["GET"]}}],"collection":[{"href":"https:\/\/arhainteriors.ee\/en\/wp-json\/wp\/v2\/product"}],"about":[{"href":"https:\/\/arhainteriors.ee\/en\/wp-json\/wp\/v2\/types\/product"}],"wp:featuredmedia":[{"embeddable":true,"href":"https:\/\/arhainteriors.ee\/en\/wp-json\/wp\/v2\/media\/4540"}],"wp:attachment":[{"href":"https:\/\/arhainteriors.ee\/en\/wp-json\/wp\/v2\/media?parent=4539"}],"wp:term":[{"taxonomy":"product_brand","embeddable":true,"href":"https:\/\/arhainteriors.ee\/en\/wp-json\/wp\/v2\/product_brand?post=4539"},{"taxonomy":"product_cat","embeddable":true,"href":"https:\/\/arhainteriors.ee\/en\/wp-json\/wp\/v2\/product_cat?post=4539"},{"taxonomy":"product_tag","embeddable":true,"href":"https:\/\/arhainteriors.ee\/en\/wp-json\/wp\/v2\/product_tag?post=4539"}],"curies":[{"name":"wp","href":"https:\/\/api.w.org\/{rel}","templated":true}]}}