{"id":4528,"date":"2024-01-28T20:08:30","date_gmt":"2024-01-28T20:08:30","guid":{"rendered":"https:\/\/arhainteriors.ee\/?post_type=product&#038;p=4528"},"modified":"2024-09-04T16:33:38","modified_gmt":"2024-09-04T16:33:38","slug":"jwda-porandavalgusti","status":"publish","type":"product","link":"https:\/\/arhainteriors.ee\/en\/toode\/jwda-porandavalgusti\/","title":{"rendered":"JWDA p\u00f5randavalgusti"},"content":{"rendered":"","protected":false},"excerpt":{"rendered":"<p><strong>Toote k\u00f5rgus:<\/strong> 150 cm\u00a0 <strong>Toote laius:<\/strong> 39 cm<\/p>\n<p><strong><img loading=\"lazy\" decoding=\"async\" class=\"alignnone wp-image-7782\" src=\"https:\/\/arhainteriors.ee\/wp-content\/uploads\/2024\/07\/icons8-upload-32.png\" alt=\"\" width=\"18\" height=\"18\" \/>\u00a0<a href=\"https:\/\/presscloud.com\/file\/35\/354215729794150\/PFS_JWDA_Floor_Lamp.pdf\">tooteandmed<\/a><\/strong>\u00a0,\u00a0<strong><img loading=\"lazy\" decoding=\"async\" class=\"alignnone wp-image-7782\" src=\"https:\/\/arhainteriors.ee\/wp-content\/uploads\/2024\/07\/icons8-upload-32.png\" alt=\"\" width=\"18\" height=\"18\" \/>\u00a0<a href=\"https:\/\/audo.presscloud.com\/digitalshowroom\/#\/gallery\/JWDA-Floor-Lamp\">2d\/3d failid<\/a><\/strong>\u00a0 ,\u00a0<strong><img loading=\"lazy\" decoding=\"async\" class=\"alignnone wp-image-7782\" src=\"https:\/\/arhainteriors.ee\/wp-content\/uploads\/2024\/07\/icons8-upload-32.png\" alt=\"\" width=\"18\" height=\"18\" \/>\u00a0<a href=\"https:\/\/presscloud.com\/file\/65\/655477028398859\/Audo_Cph_Care_Instructions.pdf\">hooldusjuhend<\/a><\/strong><\/p>\n<p>JWDA p\u00f5randalamp on osa kollektsioonist, mis on inspireeritud traditsioonilistest \u00f5lilampidest. Valmistatud vastandlikest materjalidest, elegantne ja julge disain on \u00f5ppetund peensustest ja geomeetria uurimisest. Elliptiline opaalklaasist varjund, \u00f5huke metallist varre ja marmorist ristk\u00fclikukujuline alus koos summutusl\u00fclitiga moodustavad selle ajatu lisanduse kaasaegsetesse ruumidesse.<\/p>\n","protected":false},"featured_media":4529,"template":"","meta":{"_gspb_post_css":""},"product_brand":[264],"product_cat":[186,183],"product_tag":[232,196,189],"class_list":{"0":"post-4528","1":"product","2":"type-product","3":"status-publish","4":"has-post-thumbnail","6":"product_brand-audo-cph","7":"product_cat-porandavalgustid","8":"product_cat-valgustid","9":"product_tag-audo","10":"product_tag-porandavalgusti","11":"product_tag-valgustid","13":"first","14":"instock","15":"taxable","16":"shipping-taxable","17":"purchasable","18":"product-type-simple"},"ct_brands":[{"id":264,"name":"Audo CPH","slug":"audo-cph"}],"_links":{"self":[{"href":"https:\/\/arhainteriors.ee\/en\/wp-json\/wp\/v2\/product\/4528","targetHints":{"allow":["GET"]}}],"collection":[{"href":"https:\/\/arhainteriors.ee\/en\/wp-json\/wp\/v2\/product"}],"about":[{"href":"https:\/\/arhainteriors.ee\/en\/wp-json\/wp\/v2\/types\/product"}],"wp:featuredmedia":[{"embeddable":true,"href":"https:\/\/arhainteriors.ee\/en\/wp-json\/wp\/v2\/media\/4529"}],"wp:attachment":[{"href":"https:\/\/arhainteriors.ee\/en\/wp-json\/wp\/v2\/media?parent=4528"}],"wp:term":[{"taxonomy":"product_brand","embeddable":true,"href":"https:\/\/arhainteriors.ee\/en\/wp-json\/wp\/v2\/product_brand?post=4528"},{"taxonomy":"product_cat","embeddable":true,"href":"https:\/\/arhainteriors.ee\/en\/wp-json\/wp\/v2\/product_cat?post=4528"},{"taxonomy":"product_tag","embeddable":true,"href":"https:\/\/arhainteriors.ee\/en\/wp-json\/wp\/v2\/product_tag?post=4528"}],"curies":[{"name":"wp","href":"https:\/\/api.w.org\/{rel}","templated":true}]}}