{"id":4521,"date":"2024-01-28T20:02:52","date_gmt":"2024-01-28T20:02:52","guid":{"rendered":"https:\/\/arhainteriors.ee\/?post_type=product&#038;p=4521"},"modified":"2024-09-04T16:40:01","modified_gmt":"2024-09-04T16:40:01","slug":"collector-seinavalgusti","status":"publish","type":"product","link":"https:\/\/arhainteriors.ee\/en\/toode\/collector-seinavalgusti\/","title":{"rendered":"COLLECTOR seinavalgusti"},"content":{"rendered":"","protected":false},"excerpt":{"rendered":"<p><strong>Toote k\u00f5rgus:<\/strong> 25 cm\u00a0 <strong>Toote laius:<\/strong> 10,5 cm<\/p>\n<p><strong><img loading=\"lazy\" decoding=\"async\" class=\"alignnone wp-image-7782\" src=\"https:\/\/arhainteriors.ee\/wp-content\/uploads\/2024\/07\/icons8-upload-32.png\" alt=\"\" width=\"18\" height=\"18\" \/>\u00a0<a href=\"https:\/\/presscloud.com\/file\/96\/964120834064229\/PFS_Collector_Wall_Lamp.pdf\">tooteandmed<\/a><\/strong>\u00a0,\u00a0<strong><img loading=\"lazy\" decoding=\"async\" class=\"alignnone wp-image-7782\" src=\"https:\/\/arhainteriors.ee\/wp-content\/uploads\/2024\/07\/icons8-upload-32.png\" alt=\"\" width=\"18\" height=\"18\" \/>\u00a0<a href=\"https:\/\/audo.presscloud.com\/digitalshowroom\/#\/gallery\/Collector-Wall-Lamp\">2d\/3d failid<\/a><\/strong>\u00a0 ,\u00a0<strong><img loading=\"lazy\" decoding=\"async\" class=\"alignnone wp-image-7782\" src=\"https:\/\/arhainteriors.ee\/wp-content\/uploads\/2024\/07\/icons8-upload-32.png\" alt=\"\" width=\"18\" height=\"18\" \/>\u00a0<a href=\"https:\/\/presscloud.com\/file\/65\/655477028398859\/Audo_Cph_Care_Instructions.pdf\">hooldusjuhend<\/a><\/strong><\/p>\n<p>Rootsi disainer Alf Svensson l\u00f5i 1950. aastatel valgustite kollektsiooni nimega Collector. Seina kinnitatud lamp on \u00fcks kolmest disainist, mida iseloomustab tugev messingist \u00e4\u00e4r, mis hoiab koonilist metallvarjundit, millest valgus kiirgub kahte suunda. Varjundi v\u00e4ikesed perforatsioonid v\u00f5imaldavad valgusel l\u00e4bi paista. Nimi viitab kollektsiooni kogutavusele, tuues esile parimat keskmise sajandi valgustidisaini.<\/p>\n","protected":false},"featured_media":4522,"template":"","meta":{"_gspb_post_css":""},"product_brand":[264],"product_cat":[185,183],"product_tag":[232,199,189],"class_list":{"0":"post-4521","1":"product","2":"type-product","3":"status-publish","4":"has-post-thumbnail","6":"product_brand-audo-cph","7":"product_cat-seinavalgustid","8":"product_cat-valgustid","9":"product_tag-audo","10":"product_tag-seinavalgusti","11":"product_tag-valgustid","13":"first","14":"instock","15":"taxable","16":"shipping-taxable","17":"purchasable","18":"product-type-simple"},"ct_brands":[{"id":264,"name":"Audo CPH","slug":"audo-cph"}],"_links":{"self":[{"href":"https:\/\/arhainteriors.ee\/en\/wp-json\/wp\/v2\/product\/4521","targetHints":{"allow":["GET"]}}],"collection":[{"href":"https:\/\/arhainteriors.ee\/en\/wp-json\/wp\/v2\/product"}],"about":[{"href":"https:\/\/arhainteriors.ee\/en\/wp-json\/wp\/v2\/types\/product"}],"wp:featuredmedia":[{"embeddable":true,"href":"https:\/\/arhainteriors.ee\/en\/wp-json\/wp\/v2\/media\/4522"}],"wp:attachment":[{"href":"https:\/\/arhainteriors.ee\/en\/wp-json\/wp\/v2\/media?parent=4521"}],"wp:term":[{"taxonomy":"product_brand","embeddable":true,"href":"https:\/\/arhainteriors.ee\/en\/wp-json\/wp\/v2\/product_brand?post=4521"},{"taxonomy":"product_cat","embeddable":true,"href":"https:\/\/arhainteriors.ee\/en\/wp-json\/wp\/v2\/product_cat?post=4521"},{"taxonomy":"product_tag","embeddable":true,"href":"https:\/\/arhainteriors.ee\/en\/wp-json\/wp\/v2\/product_tag?post=4521"}],"curies":[{"name":"wp","href":"https:\/\/api.w.org\/{rel}","templated":true}]}}