{"id":4515,"date":"2024-01-28T19:58:39","date_gmt":"2024-01-28T19:58:39","guid":{"rendered":"https:\/\/arhainteriors.ee\/?post_type=product&#038;p=4515"},"modified":"2024-09-04T16:44:28","modified_gmt":"2024-09-04T16:44:28","slug":"cast-sconce-seinavalgusti","status":"publish","type":"product","link":"https:\/\/arhainteriors.ee\/en\/toode\/cast-sconce-seinavalgusti\/","title":{"rendered":"CAST SCONCE seinavalgusti"},"content":{"rendered":"","protected":false},"excerpt":{"rendered":"<p><strong>Toote k\u00f5rgus:<\/strong> 19 cm\u00a0 <strong>Toote laius:<\/strong> 12 cm<\/p>\n<p><strong><img loading=\"lazy\" decoding=\"async\" class=\"alignnone wp-image-7782\" src=\"https:\/\/arhainteriors.ee\/wp-content\/uploads\/2024\/07\/icons8-upload-32.png\" alt=\"\" width=\"18\" height=\"18\" \/>\u00a0<a href=\"https:\/\/presscloud.com\/file\/55\/559656745742721\/PFS_Cast_Sconce_Lamp.pdf\">tooteandmed<\/a><\/strong>\u00a0,\u00a0<strong><img loading=\"lazy\" decoding=\"async\" class=\"alignnone wp-image-7782\" src=\"https:\/\/arhainteriors.ee\/wp-content\/uploads\/2024\/07\/icons8-upload-32.png\" alt=\"\" width=\"18\" height=\"18\" \/>\u00a0<a href=\"https:\/\/audo.presscloud.com\/digitalshowroom\/#\/gallery\/Cast-Sconce-Lamp\">2d\/3d failid<\/a><\/strong>\u00a0 ,\u00a0<strong><img loading=\"lazy\" decoding=\"async\" class=\"alignnone wp-image-7782\" src=\"https:\/\/arhainteriors.ee\/wp-content\/uploads\/2024\/07\/icons8-upload-32.png\" alt=\"\" width=\"18\" height=\"18\" \/>\u00a0<a href=\"https:\/\/presscloud.com\/file\/65\/655477028398859\/Audo_Cph_Care_Instructions.pdf\">hooldusjuhend<\/a><\/strong><\/p>\n<p>Cast Sconce seinavalgusti \u00fchendab kolmnurkse, lineaarse ja \u00fcmarad elemendid keeruka siluetiga. Eesm\u00e4rgip\u00e4rane ja kohalolekuga, selle geomeetriline vorm lisab ruumi \u00f5hkkonnale nii sisse- kui ka v\u00e4ljal\u00fclitatuna. LED-valgust juhib n\u00f6\u00f6ri peal olev summutusl\u00fcliti. Kaunis t\u00e4iendus samast kollektsioonist p\u00e4rit ripatsitele, selle erip\u00e4ra t\u00e4hendab, et see ripub mugavalt ka \u00fcksi, tuues pehme, peegeldusvaba valguse elu-, t\u00f6\u00f6- ja \u00e4riruumidesse.<\/p>\n","protected":false},"featured_media":4516,"template":"","meta":{"_gspb_post_css":""},"product_brand":[264],"product_cat":[185,183],"product_tag":[232,199,189],"class_list":{"0":"post-4515","1":"product","2":"type-product","3":"status-publish","4":"has-post-thumbnail","6":"product_brand-audo-cph","7":"product_cat-seinavalgustid","8":"product_cat-valgustid","9":"product_tag-audo","10":"product_tag-seinavalgusti","11":"product_tag-valgustid","13":"first","14":"instock","15":"taxable","16":"shipping-taxable","17":"purchasable","18":"product-type-simple"},"ct_brands":[{"id":264,"name":"Audo CPH","slug":"audo-cph"}],"_links":{"self":[{"href":"https:\/\/arhainteriors.ee\/en\/wp-json\/wp\/v2\/product\/4515","targetHints":{"allow":["GET"]}}],"collection":[{"href":"https:\/\/arhainteriors.ee\/en\/wp-json\/wp\/v2\/product"}],"about":[{"href":"https:\/\/arhainteriors.ee\/en\/wp-json\/wp\/v2\/types\/product"}],"wp:featuredmedia":[{"embeddable":true,"href":"https:\/\/arhainteriors.ee\/en\/wp-json\/wp\/v2\/media\/4516"}],"wp:attachment":[{"href":"https:\/\/arhainteriors.ee\/en\/wp-json\/wp\/v2\/media?parent=4515"}],"wp:term":[{"taxonomy":"product_brand","embeddable":true,"href":"https:\/\/arhainteriors.ee\/en\/wp-json\/wp\/v2\/product_brand?post=4515"},{"taxonomy":"product_cat","embeddable":true,"href":"https:\/\/arhainteriors.ee\/en\/wp-json\/wp\/v2\/product_cat?post=4515"},{"taxonomy":"product_tag","embeddable":true,"href":"https:\/\/arhainteriors.ee\/en\/wp-json\/wp\/v2\/product_tag?post=4515"}],"curies":[{"name":"wp","href":"https:\/\/api.w.org\/{rel}","templated":true}]}}