{"id":4512,"date":"2024-01-28T19:52:04","date_gmt":"2024-01-28T19:52:04","guid":{"rendered":"https:\/\/arhainteriors.ee\/?post_type=product&#038;p=4512"},"modified":"2024-09-04T17:12:11","modified_gmt":"2024-09-04T17:12:11","slug":"tr-bulb-seinavalgusti","status":"publish","type":"product","link":"https:\/\/arhainteriors.ee\/en\/toode\/tr-bulb-seinavalgusti\/","title":{"rendered":"TR BULB seinavalgusti"},"content":{"rendered":"","protected":false},"excerpt":{"rendered":"<p><strong>Toote k\u00f5rgus:<\/strong> 22 cm\u00a0 <strong>Toote laius:<\/strong> 16 cm<\/p>\n<p><strong><img loading=\"lazy\" decoding=\"async\" class=\"alignnone wp-image-7782\" src=\"https:\/\/arhainteriors.ee\/wp-content\/uploads\/2024\/07\/icons8-upload-32.png\" alt=\"\" width=\"18\" height=\"18\" \/>\u00a0<a href=\"https:\/\/presscloud.com\/file\/42\/420145225650419\/PFS_TR_Bulb_Ceiling_Wall_Lamp.pdf\">tooteandmed<\/a><\/strong>\u00a0,\u00a0<strong><img loading=\"lazy\" decoding=\"async\" class=\"alignnone wp-image-7782\" src=\"https:\/\/arhainteriors.ee\/wp-content\/uploads\/2024\/07\/icons8-upload-32.png\" alt=\"\" width=\"18\" height=\"18\" \/>\u00a0<a href=\"https:\/\/audo.presscloud.com\/digitalshowroom\/#\/gallery\/TR-Collection\">2d\/3d failid<\/a><\/strong>\u00a0 ,\u00a0<strong><img loading=\"lazy\" decoding=\"async\" class=\"alignnone wp-image-7782\" src=\"https:\/\/arhainteriors.ee\/wp-content\/uploads\/2024\/07\/icons8-upload-32.png\" alt=\"\" width=\"18\" height=\"18\" \/>\u00a0<a href=\"https:\/\/presscloud.com\/file\/65\/655477028398859\/Audo_Cph_Care_Instructions.pdf\">hooldusjuhend<\/a><\/strong><\/p>\n<p>TR Bulb seinavalgusti on nutikas lahendus kaasaegsele linnakeskkonnale, inspireeritud viisist, kuidas inimesed muutuvad \u00fcha enam linnanomaadideks, liikudes linnade ja riikide vahel, et j\u00e4rgida karj\u00e4\u00e4ri ja elamiskogemusi. See on Audo ja Tim Rundle&#8217;i esimene koost\u00f6\u00f6 ning TR Bulb on loodud olema \u00fchest korterist teise kergesti kaasav\u00f5etav &#8211; paigaldatav lihtsalt, kruvides selle maailma erinevate lagedes ripuvate pistikupesadesse, elektrioskuste vajaduseta.<\/p>\n","protected":false},"featured_media":4513,"template":"","meta":{"_gspb_post_css":""},"product_brand":[264],"product_cat":[185,183],"product_tag":[232,199,189],"class_list":{"0":"post-4512","1":"product","2":"type-product","3":"status-publish","4":"has-post-thumbnail","6":"product_brand-audo-cph","7":"product_cat-seinavalgustid","8":"product_cat-valgustid","9":"product_tag-audo","10":"product_tag-seinavalgusti","11":"product_tag-valgustid","13":"first","14":"instock","15":"taxable","16":"shipping-taxable","17":"purchasable","18":"product-type-simple"},"ct_brands":[{"id":264,"name":"Audo CPH","slug":"audo-cph"}],"_links":{"self":[{"href":"https:\/\/arhainteriors.ee\/en\/wp-json\/wp\/v2\/product\/4512","targetHints":{"allow":["GET"]}}],"collection":[{"href":"https:\/\/arhainteriors.ee\/en\/wp-json\/wp\/v2\/product"}],"about":[{"href":"https:\/\/arhainteriors.ee\/en\/wp-json\/wp\/v2\/types\/product"}],"wp:featuredmedia":[{"embeddable":true,"href":"https:\/\/arhainteriors.ee\/en\/wp-json\/wp\/v2\/media\/4513"}],"wp:attachment":[{"href":"https:\/\/arhainteriors.ee\/en\/wp-json\/wp\/v2\/media?parent=4512"}],"wp:term":[{"taxonomy":"product_brand","embeddable":true,"href":"https:\/\/arhainteriors.ee\/en\/wp-json\/wp\/v2\/product_brand?post=4512"},{"taxonomy":"product_cat","embeddable":true,"href":"https:\/\/arhainteriors.ee\/en\/wp-json\/wp\/v2\/product_cat?post=4512"},{"taxonomy":"product_tag","embeddable":true,"href":"https:\/\/arhainteriors.ee\/en\/wp-json\/wp\/v2\/product_tag?post=4512"}],"curies":[{"name":"wp","href":"https:\/\/api.w.org\/{rel}","templated":true}]}}