{"id":4509,"date":"2024-01-28T19:48:32","date_gmt":"2024-01-28T19:48:32","guid":{"rendered":"https:\/\/arhainteriors.ee\/?post_type=product&#038;p=4509"},"modified":"2024-09-04T17:20:14","modified_gmt":"2024-09-04T17:20:14","slug":"hashira-seinavalgusti","status":"publish","type":"product","link":"https:\/\/arhainteriors.ee\/en\/toode\/hashira-seinavalgusti\/","title":{"rendered":"HASHIRA seinavalgusti"},"content":{"rendered":"","protected":false},"excerpt":{"rendered":"<p><strong>Toote k\u00f5rgus:<\/strong> 30 cm\u00a0 <strong>Toote laius:<\/strong> 10 cm<\/p>\n<p><strong><img loading=\"lazy\" decoding=\"async\" class=\"alignnone wp-image-7782\" src=\"https:\/\/arhainteriors.ee\/wp-content\/uploads\/2024\/07\/icons8-upload-32.png\" alt=\"\" width=\"18\" height=\"18\" \/>\u00a0<a href=\"https:\/\/presscloud.com\/file\/33\/336864736508501\/PFS_Hashira_Wall_Lamp.pdf\">tooteandmed<\/a><\/strong>\u00a0,\u00a0<strong><img loading=\"lazy\" decoding=\"async\" class=\"alignnone wp-image-7782\" src=\"https:\/\/arhainteriors.ee\/wp-content\/uploads\/2024\/07\/icons8-upload-32.png\" alt=\"\" width=\"18\" height=\"18\" \/>\u00a0<a href=\"https:\/\/audo.presscloud.com\/digitalshowroom\/#\/gallery\/Hashira-Wall-Lamp\">2d\/3d failid<\/a><\/strong>\u00a0 ,\u00a0<strong><img loading=\"lazy\" decoding=\"async\" class=\"alignnone wp-image-7782\" src=\"https:\/\/arhainteriors.ee\/wp-content\/uploads\/2024\/07\/icons8-upload-32.png\" alt=\"\" width=\"18\" height=\"18\" \/>\u00a0<a href=\"https:\/\/presscloud.com\/file\/65\/655477028398859\/Audo_Cph_Care_Instructions.pdf\">hooldusjuhend<\/a><\/strong><\/p>\n<p>Hashira kollektsioon on kaasaegne, P\u00f5hjamaade t\u00f5lgendus traditsioonilisest Jaapani riisipaberlaternast. Norm Architectsi poolt Audo jaoks loodud kollektsiooni seinavalgusti tasakaalustab t\u00e4iuslikult esteetikat ja proportsioone, lihtsust ja iseloomu. L\u00e4bipaistev kangasvarjund &#8211; saadaval valge linase ja toore lina variandis &#8211; toimib hajutina, suunates valgust mitmetesse suundadesse ja luues hubase, peegeldusvaba \u00f5hkkonna. Taktiilne kangas lisab ka k\u00e4egakatsutavat veetlust, mis suurendab sisekujunduse pehmust. Ambientset valgust ruumis levitades n\u00e4eb see v\u00e4lja sama elegantne nii \u00fcksi paigaldatuna seinale kui ka paarina voodi v\u00f5i diivani kohal.<\/p>\n","protected":false},"featured_media":4510,"template":"","meta":{"_gspb_post_css":""},"product_brand":[264],"product_cat":[185,183],"product_tag":[232,199,189],"class_list":{"0":"post-4509","1":"product","2":"type-product","3":"status-publish","4":"has-post-thumbnail","6":"product_brand-audo-cph","7":"product_cat-seinavalgustid","8":"product_cat-valgustid","9":"product_tag-audo","10":"product_tag-seinavalgusti","11":"product_tag-valgustid","13":"first","14":"instock","15":"taxable","16":"shipping-taxable","17":"purchasable","18":"product-type-simple"},"ct_brands":[{"id":264,"name":"Audo CPH","slug":"audo-cph"}],"_links":{"self":[{"href":"https:\/\/arhainteriors.ee\/en\/wp-json\/wp\/v2\/product\/4509","targetHints":{"allow":["GET"]}}],"collection":[{"href":"https:\/\/arhainteriors.ee\/en\/wp-json\/wp\/v2\/product"}],"about":[{"href":"https:\/\/arhainteriors.ee\/en\/wp-json\/wp\/v2\/types\/product"}],"wp:featuredmedia":[{"embeddable":true,"href":"https:\/\/arhainteriors.ee\/en\/wp-json\/wp\/v2\/media\/4510"}],"wp:attachment":[{"href":"https:\/\/arhainteriors.ee\/en\/wp-json\/wp\/v2\/media?parent=4509"}],"wp:term":[{"taxonomy":"product_brand","embeddable":true,"href":"https:\/\/arhainteriors.ee\/en\/wp-json\/wp\/v2\/product_brand?post=4509"},{"taxonomy":"product_cat","embeddable":true,"href":"https:\/\/arhainteriors.ee\/en\/wp-json\/wp\/v2\/product_cat?post=4509"},{"taxonomy":"product_tag","embeddable":true,"href":"https:\/\/arhainteriors.ee\/en\/wp-json\/wp\/v2\/product_tag?post=4509"}],"curies":[{"name":"wp","href":"https:\/\/api.w.org\/{rel}","templated":true}]}}