{"id":4491,"date":"2024-01-28T19:31:00","date_gmt":"2024-01-28T19:31:00","guid":{"rendered":"https:\/\/arhainteriors.ee\/?post_type=product&#038;p=4491"},"modified":"2024-09-04T17:40:55","modified_gmt":"2024-09-04T17:40:55","slug":"hashira-laualamp-3","status":"publish","type":"product","link":"https:\/\/arhainteriors.ee\/en\/toode\/hashira-laualamp-3\/","title":{"rendered":"HASHIRA laualamp"},"content":{"rendered":"","protected":false},"excerpt":{"rendered":"<p><strong>Toote k\u00f5rgus:<\/strong> 23,5 cm\u00a0 <strong>Toote laius:<\/strong> 10 cm<\/p>\n<p><strong><img loading=\"lazy\" decoding=\"async\" class=\"alignnone wp-image-7782\" src=\"https:\/\/arhainteriors.ee\/wp-content\/uploads\/2024\/07\/icons8-upload-32.png\" alt=\"\" width=\"18\" height=\"18\" \/>\u00a0<a href=\"https:\/\/presscloud.com\/file\/62\/627722779898688\/PFS_Hashira_Table_Lamp,_Portable.pdf\">tooteandmed<\/a><\/strong>\u00a0,\u00a0<strong><img loading=\"lazy\" decoding=\"async\" class=\"alignnone wp-image-7782\" src=\"https:\/\/arhainteriors.ee\/wp-content\/uploads\/2024\/07\/icons8-upload-32.png\" alt=\"\" width=\"18\" height=\"18\" \/>\u00a0<a href=\"https:\/\/audo.presscloud.com\/digitalshowroom\/#\/gallery\/Hashira-Table-Lamp---Portable\">2d\/3d failid<\/a><\/strong>\u00a0 ,\u00a0<strong><img loading=\"lazy\" decoding=\"async\" class=\"alignnone wp-image-7782\" src=\"https:\/\/arhainteriors.ee\/wp-content\/uploads\/2024\/07\/icons8-upload-32.png\" alt=\"\" width=\"18\" height=\"18\" \/>\u00a0<a href=\"https:\/\/presscloud.com\/file\/65\/655477028398859\/Audo_Cph_Care_Instructions.pdf\">hooldusjuhend<\/a><\/strong><\/p>\n<p>Hashira kollektsioon, mille on Audo jaoks disaininud Norm Architects, ammutab inspiratsiooni Jaapani paberlaternatest. Kaasaskantav meeleolu t\u00f5stva disaini iteratsioon pakub liikvel olles \u00fcmbritsevat valgust, tuues soojuse ja peene taktiilsuse siseruumidesse ja v\u00e4lja. V\u00e4ikese m\u00f5\u00f5tmega, kuid suure m\u00f5juga, on tal vabadus ja paindlikkus liikuda kuhu iganes soovite. Varustatud varjatud USB-laadijapesaga allosas, pakub lamp t\u00e4islaetuna 10 tundi reguleeritavat valgust.<\/p>\n","protected":false},"featured_media":4492,"template":"","meta":{"_gspb_post_css":""},"product_brand":[264],"product_cat":[191,183],"product_tag":[232,192,189],"class_list":{"0":"post-4491","1":"product","2":"type-product","3":"status-publish","4":"has-post-thumbnail","6":"product_brand-audo-cph","7":"product_cat-laualambid","8":"product_cat-valgustid","9":"product_tag-audo","10":"product_tag-laualamp","11":"product_tag-valgustid","13":"first","14":"instock","15":"taxable","16":"shipping-taxable","17":"purchasable","18":"product-type-simple"},"ct_brands":[{"id":264,"name":"Audo CPH","slug":"audo-cph"}],"_links":{"self":[{"href":"https:\/\/arhainteriors.ee\/en\/wp-json\/wp\/v2\/product\/4491","targetHints":{"allow":["GET"]}}],"collection":[{"href":"https:\/\/arhainteriors.ee\/en\/wp-json\/wp\/v2\/product"}],"about":[{"href":"https:\/\/arhainteriors.ee\/en\/wp-json\/wp\/v2\/types\/product"}],"wp:featuredmedia":[{"embeddable":true,"href":"https:\/\/arhainteriors.ee\/en\/wp-json\/wp\/v2\/media\/4492"}],"wp:attachment":[{"href":"https:\/\/arhainteriors.ee\/en\/wp-json\/wp\/v2\/media?parent=4491"}],"wp:term":[{"taxonomy":"product_brand","embeddable":true,"href":"https:\/\/arhainteriors.ee\/en\/wp-json\/wp\/v2\/product_brand?post=4491"},{"taxonomy":"product_cat","embeddable":true,"href":"https:\/\/arhainteriors.ee\/en\/wp-json\/wp\/v2\/product_cat?post=4491"},{"taxonomy":"product_tag","embeddable":true,"href":"https:\/\/arhainteriors.ee\/en\/wp-json\/wp\/v2\/product_tag?post=4491"}],"curies":[{"name":"wp","href":"https:\/\/api.w.org\/{rel}","templated":true}]}}