{"id":4487,"date":"2024-01-28T19:28:16","date_gmt":"2024-01-28T19:28:16","guid":{"rendered":"https:\/\/arhainteriors.ee\/?post_type=product&#038;p=4487"},"modified":"2024-09-04T17:49:53","modified_gmt":"2024-09-04T17:49:53","slug":"column-laualamp","status":"publish","type":"product","link":"https:\/\/arhainteriors.ee\/en\/toode\/column-laualamp\/","title":{"rendered":"COLUMN laualamp"},"content":{"rendered":"","protected":false},"excerpt":{"rendered":"<p><strong>Toote k\u00f5rgus:<\/strong> 17,5 cm\u00a0 <strong>Toote laius:<\/strong> 12 cm<\/p>\n<p><strong><img loading=\"lazy\" decoding=\"async\" class=\"alignnone wp-image-7782\" src=\"https:\/\/arhainteriors.ee\/wp-content\/uploads\/2024\/07\/icons8-upload-32.png\" alt=\"\" width=\"18\" height=\"18\" \/>\u00a0<a href=\"https:\/\/presscloud.com\/file\/18\/180432100199217\/PFS_Column_Table_Lamp,_Portable.pdf\">tooteandmed<\/a><\/strong>\u00a0,\u00a0<strong><img loading=\"lazy\" decoding=\"async\" class=\"alignnone wp-image-7782\" src=\"https:\/\/arhainteriors.ee\/wp-content\/uploads\/2024\/07\/icons8-upload-32.png\" alt=\"\" width=\"18\" height=\"18\" \/>\u00a0<a href=\"https:\/\/audo.presscloud.com\/digitalshowroom\/#\/gallery\/Column-Table-Lamp---Portable\">2d\/3d failid<\/a><\/strong>\u00a0 ,\u00a0<strong><img loading=\"lazy\" decoding=\"async\" class=\"alignnone wp-image-7782\" src=\"https:\/\/arhainteriors.ee\/wp-content\/uploads\/2024\/07\/icons8-upload-32.png\" alt=\"\" width=\"18\" height=\"18\" \/>\u00a0<a href=\"https:\/\/presscloud.com\/file\/65\/655477028398859\/Audo_Cph_Care_Instructions.pdf\">hooldusjuhend<\/a><\/strong><\/p>\n<p>T\u00f6\u00f6tades patareitoitel, tagab v\u00e4ikesem\u00f5\u00f5tmeline laualamp \u00fclima vabaduse ja paindlikkuse, pakkudes kutsetegevat s\u00e4ra \u2013 reguleeritav kolmele seadistusele \u2013 nii siseruumides kui ka v\u00e4ljas. Juhtmevaba disain laeb l\u00e4bi varjatud USB-pesa oma aluses ja on samuti \u00fchilduv Audo laadimisalusega, mis elustab mitu seadet \u00fche korraga. Kerge ja vastupidav, kauni viimistlusega anodeeritud v\u00f5i harjatud alumiiniumis, on see disain, mida soovite kasutada k\u00f5ikjal oma lemmikkohtades.<\/p>\n","protected":false},"featured_media":4488,"template":"","meta":{"_gspb_post_css":""},"product_brand":[264],"product_cat":[191,183],"product_tag":[232,192,257],"class_list":{"0":"post-4487","1":"product","2":"type-product","3":"status-publish","4":"has-post-thumbnail","6":"product_brand-audo-cph","7":"product_cat-laualambid","8":"product_cat-valgustid","9":"product_tag-audo","10":"product_tag-laualamp","11":"product_tag-valgusti","13":"first","14":"instock","15":"taxable","16":"shipping-taxable","17":"purchasable","18":"product-type-simple"},"ct_brands":[{"id":264,"name":"Audo CPH","slug":"audo-cph"}],"_links":{"self":[{"href":"https:\/\/arhainteriors.ee\/en\/wp-json\/wp\/v2\/product\/4487","targetHints":{"allow":["GET"]}}],"collection":[{"href":"https:\/\/arhainteriors.ee\/en\/wp-json\/wp\/v2\/product"}],"about":[{"href":"https:\/\/arhainteriors.ee\/en\/wp-json\/wp\/v2\/types\/product"}],"wp:featuredmedia":[{"embeddable":true,"href":"https:\/\/arhainteriors.ee\/en\/wp-json\/wp\/v2\/media\/4488"}],"wp:attachment":[{"href":"https:\/\/arhainteriors.ee\/en\/wp-json\/wp\/v2\/media?parent=4487"}],"wp:term":[{"taxonomy":"product_brand","embeddable":true,"href":"https:\/\/arhainteriors.ee\/en\/wp-json\/wp\/v2\/product_brand?post=4487"},{"taxonomy":"product_cat","embeddable":true,"href":"https:\/\/arhainteriors.ee\/en\/wp-json\/wp\/v2\/product_cat?post=4487"},{"taxonomy":"product_tag","embeddable":true,"href":"https:\/\/arhainteriors.ee\/en\/wp-json\/wp\/v2\/product_tag?post=4487"}],"curies":[{"name":"wp","href":"https:\/\/api.w.org\/{rel}","templated":true}]}}