{"id":4479,"date":"2024-01-28T19:18:27","date_gmt":"2024-01-28T19:18:27","guid":{"rendered":"https:\/\/arhainteriors.ee\/?post_type=product&#038;p=4479"},"modified":"2024-09-04T17:55:18","modified_gmt":"2024-09-04T17:55:18","slug":"carrie-laualamp","status":"publish","type":"product","link":"https:\/\/arhainteriors.ee\/en\/toode\/carrie-laualamp\/","title":{"rendered":"CARRIE laualamp"},"content":{"rendered":"","protected":false},"excerpt":{"rendered":"<p><strong>Toote k\u00f5rgus:<\/strong> 24,5 cm\u00a0 <strong>Toote laius:<\/strong> 13,5 cm<\/p>\n<p><strong><img loading=\"lazy\" decoding=\"async\" class=\"alignnone wp-image-7782\" src=\"https:\/\/arhainteriors.ee\/wp-content\/uploads\/2024\/07\/icons8-upload-32.png\" alt=\"\" width=\"18\" height=\"18\" \/>\u00a0<a href=\"https:\/\/presscloud.com\/file\/47\/474022465338827\/PFS_Carrie_Table_Lamp.pdf\">tooteandmed<\/a><\/strong>\u00a0,\u00a0<strong><img loading=\"lazy\" decoding=\"async\" class=\"alignnone wp-image-7782\" src=\"https:\/\/arhainteriors.ee\/wp-content\/uploads\/2024\/07\/icons8-upload-32.png\" alt=\"\" width=\"18\" height=\"18\" \/>\u00a0<a href=\"https:\/\/audo.presscloud.com\/digitalshowroom\/#\/gallery\/Carrie-Table-Lamp\">2d\/3d failid<\/a><\/strong>\u00a0 ,\u00a0<strong><img loading=\"lazy\" decoding=\"async\" class=\"alignnone wp-image-7782\" src=\"https:\/\/arhainteriors.ee\/wp-content\/uploads\/2024\/07\/icons8-upload-32.png\" alt=\"\" width=\"18\" height=\"18\" \/>\u00a0<a href=\"https:\/\/presscloud.com\/file\/65\/655477028398859\/Audo_Cph_Care_Instructions.pdf\">hooldusjuhend<\/a><\/strong><\/p>\n<p>Pealtpoolt pehme, kuid vastupidava nahaga seotud (ainult pronksist messingist) kandega, kannab kaasaskantav Carrie LED-lamp oma korvilaadse aluse sees sooja valgusorbi. T\u00e4islaetuna pakub lamp kuni k\u00fcmme tundi valgust, liikudes m\u00fchedalt laualt terrassile v\u00f5i raamaturiiulilt kirjutuslauale, valgustades pimedust oma elegantse s\u00e4raga. Juhtmevaba disain laeb l\u00e4bi varjatud magnet\u00fchenduse ja USB-kaabli. Kaabel laeb standardse USB-laadijapistikuga. Tuleb ilma laadijapistikuta.<\/p>\n","protected":false},"featured_media":4480,"template":"","meta":{"_gspb_post_css":""},"product_brand":[264],"product_cat":[191,183],"product_tag":[232,192,189],"class_list":{"0":"post-4479","1":"product","2":"type-product","3":"status-publish","4":"has-post-thumbnail","6":"product_brand-audo-cph","7":"product_cat-laualambid","8":"product_cat-valgustid","9":"product_tag-audo","10":"product_tag-laualamp","11":"product_tag-valgustid","13":"first","14":"instock","15":"taxable","16":"shipping-taxable","17":"purchasable","18":"product-type-simple"},"ct_brands":[{"id":264,"name":"Audo CPH","slug":"audo-cph"}],"_links":{"self":[{"href":"https:\/\/arhainteriors.ee\/en\/wp-json\/wp\/v2\/product\/4479","targetHints":{"allow":["GET"]}}],"collection":[{"href":"https:\/\/arhainteriors.ee\/en\/wp-json\/wp\/v2\/product"}],"about":[{"href":"https:\/\/arhainteriors.ee\/en\/wp-json\/wp\/v2\/types\/product"}],"wp:featuredmedia":[{"embeddable":true,"href":"https:\/\/arhainteriors.ee\/en\/wp-json\/wp\/v2\/media\/4480"}],"wp:attachment":[{"href":"https:\/\/arhainteriors.ee\/en\/wp-json\/wp\/v2\/media?parent=4479"}],"wp:term":[{"taxonomy":"product_brand","embeddable":true,"href":"https:\/\/arhainteriors.ee\/en\/wp-json\/wp\/v2\/product_brand?post=4479"},{"taxonomy":"product_cat","embeddable":true,"href":"https:\/\/arhainteriors.ee\/en\/wp-json\/wp\/v2\/product_cat?post=4479"},{"taxonomy":"product_tag","embeddable":true,"href":"https:\/\/arhainteriors.ee\/en\/wp-json\/wp\/v2\/product_tag?post=4479"}],"curies":[{"name":"wp","href":"https:\/\/api.w.org\/{rel}","templated":true}]}}