{"id":4467,"date":"2024-01-28T19:04:38","date_gmt":"2024-01-28T19:04:38","guid":{"rendered":"https:\/\/arhainteriors.ee\/?post_type=product&#038;p=4467"},"modified":"2024-09-04T17:58:32","modified_gmt":"2024-09-04T17:58:32","slug":"reverse-laualamp","status":"publish","type":"product","link":"https:\/\/arhainteriors.ee\/en\/toode\/reverse-laualamp\/","title":{"rendered":"REVERSE laualamp"},"content":{"rendered":"","protected":false},"excerpt":{"rendered":"<p><strong>Toote k\u00f5rgus:<\/strong> 30 cm\u00a0 <strong>Toote laius:<\/strong> 24 cm<\/p>\n<p><strong><img loading=\"lazy\" decoding=\"async\" class=\"alignnone wp-image-7782\" src=\"https:\/\/arhainteriors.ee\/wp-content\/uploads\/2024\/07\/icons8-upload-32.png\" alt=\"\" width=\"18\" height=\"18\" \/>\u00a0<a href=\"https:\/\/presscloud.com\/file\/54\/542371366901219\/PFS_Reverse_Table_Lamp.pdf\">tooteandmed<\/a><\/strong>\u00a0,\u00a0<strong><img loading=\"lazy\" decoding=\"async\" class=\"alignnone wp-image-7782\" src=\"https:\/\/arhainteriors.ee\/wp-content\/uploads\/2024\/07\/icons8-upload-32.png\" alt=\"\" width=\"18\" height=\"18\" \/>\u00a0<a href=\"https:\/\/audo.presscloud.com\/digitalshowroom\/#\/gallery\/Reverse-Table-Lamp\">2d\/3d failid<\/a><\/strong>\u00a0 ,\u00a0<strong><img loading=\"lazy\" decoding=\"async\" class=\"alignnone wp-image-7782\" src=\"https:\/\/arhainteriors.ee\/wp-content\/uploads\/2024\/07\/icons8-upload-32.png\" alt=\"\" width=\"18\" height=\"18\" \/>\u00a0<a href=\"https:\/\/presscloud.com\/file\/65\/655477028398859\/Audo_Cph_Care_Instructions.pdf\">hooldusjuhend<\/a><\/strong><\/p>\n<p>Taani disainer Aleksandar Lazic, kes otsis lihtsaid ja nutikaid lahendusi igasuguses ruumis, p\u00f6\u00f6rdus Reverse Lampi loomisel Itaalia marmorist laudade poole 1970. aastatest. Geomeetriliste piirangute poolt loodud struktuurim\u00e4ngust inspireerituna m\u00e4\u00e4ratlevad kooniline travertiinist alus ja kumer, pronksist alumiiniumist varjund lambi t\u00e4iuslikult tasakaalustatud v\u00e4ljendust.<\/p>\n","protected":false},"featured_media":4468,"template":"","meta":{"_gspb_post_css":""},"product_brand":[264],"product_cat":[191,183],"product_tag":[232,192,189],"class_list":{"0":"post-4467","1":"product","2":"type-product","3":"status-publish","4":"has-post-thumbnail","6":"product_brand-audo-cph","7":"product_cat-laualambid","8":"product_cat-valgustid","9":"product_tag-audo","10":"product_tag-laualamp","11":"product_tag-valgustid","13":"first","14":"instock","15":"taxable","16":"shipping-taxable","17":"purchasable","18":"product-type-simple"},"ct_brands":[{"id":264,"name":"Audo CPH","slug":"audo-cph"}],"_links":{"self":[{"href":"https:\/\/arhainteriors.ee\/en\/wp-json\/wp\/v2\/product\/4467","targetHints":{"allow":["GET"]}}],"collection":[{"href":"https:\/\/arhainteriors.ee\/en\/wp-json\/wp\/v2\/product"}],"about":[{"href":"https:\/\/arhainteriors.ee\/en\/wp-json\/wp\/v2\/types\/product"}],"wp:featuredmedia":[{"embeddable":true,"href":"https:\/\/arhainteriors.ee\/en\/wp-json\/wp\/v2\/media\/4468"}],"wp:attachment":[{"href":"https:\/\/arhainteriors.ee\/en\/wp-json\/wp\/v2\/media?parent=4467"}],"wp:term":[{"taxonomy":"product_brand","embeddable":true,"href":"https:\/\/arhainteriors.ee\/en\/wp-json\/wp\/v2\/product_brand?post=4467"},{"taxonomy":"product_cat","embeddable":true,"href":"https:\/\/arhainteriors.ee\/en\/wp-json\/wp\/v2\/product_cat?post=4467"},{"taxonomy":"product_tag","embeddable":true,"href":"https:\/\/arhainteriors.ee\/en\/wp-json\/wp\/v2\/product_tag?post=4467"}],"curies":[{"name":"wp","href":"https:\/\/api.w.org\/{rel}","templated":true}]}}