{"id":4463,"date":"2024-01-28T19:00:49","date_gmt":"2024-01-28T19:00:49","guid":{"rendered":"https:\/\/arhainteriors.ee\/?post_type=product&#038;p=4463"},"modified":"2024-09-04T18:00:35","modified_gmt":"2024-09-04T18:00:35","slug":"torso-laualamp-2","status":"publish","type":"product","link":"https:\/\/arhainteriors.ee\/en\/toode\/torso-laualamp-2\/","title":{"rendered":"TORSO laualamp"},"content":{"rendered":"","protected":false},"excerpt":{"rendered":"<p><strong>Toote k\u00f5rgus:<\/strong> 57 cm\u00a0 <strong>Toote laius:<\/strong> 35 cm<\/p>\n<p><strong><img loading=\"lazy\" decoding=\"async\" class=\"alignnone wp-image-7782\" src=\"https:\/\/arhainteriors.ee\/wp-content\/uploads\/2024\/07\/icons8-upload-32.png\" alt=\"\" width=\"18\" height=\"18\" \/>\u00a0<a href=\"https:\/\/presscloud.com\/file\/50\/501496747799163\/PFS_Torso_Table_Lamp_57.pdf\">tooteandmed<\/a><\/strong>\u00a0,\u00a0<strong><img loading=\"lazy\" decoding=\"async\" class=\"alignnone wp-image-7782\" src=\"https:\/\/arhainteriors.ee\/wp-content\/uploads\/2024\/07\/icons8-upload-32.png\" alt=\"\" width=\"18\" height=\"18\" \/>\u00a0<a href=\"https:\/\/audo.presscloud.com\/digitalshowroom\/#\/gallery\/Torso-Table-Lamp---57\">2d\/3d failid<\/a><\/strong>\u00a0 ,\u00a0<strong><img loading=\"lazy\" decoding=\"async\" class=\"alignnone wp-image-7782\" src=\"https:\/\/arhainteriors.ee\/wp-content\/uploads\/2024\/07\/icons8-upload-32.png\" alt=\"\" width=\"18\" height=\"18\" \/>\u00a0<a href=\"https:\/\/presscloud.com\/file\/65\/655477028398859\/Audo_Cph_Care_Instructions.pdf\">hooldusjuhend<\/a><\/strong><\/p>\n<p>Kr\u00f8yer-S\u00e6tter-Lasseni disainitud Torso laualambi juures, millel on ajatu v\u00e4limus, mis sobib igasse keskkonda. Piklik alus \u2014 valatud musta glasuuriga kivikeraamikast ja pikendatud tagasihoidliku, kuid skulpturaalse ilme saamiseks \u2014 hoiab katsutavat linast varjundit, mis hajutab valgust ja loob kohe \u00f5hkkonna. Messingist puudutusdimmer v\u00f5imaldab isikup\u00e4rastatud seadistust.<\/p>\n","protected":false},"featured_media":4464,"template":"","meta":{"_gspb_post_css":""},"product_brand":[264],"product_cat":[191,183],"product_tag":[232,192,189],"class_list":{"0":"post-4463","1":"product","2":"type-product","3":"status-publish","4":"has-post-thumbnail","6":"product_brand-audo-cph","7":"product_cat-laualambid","8":"product_cat-valgustid","9":"product_tag-audo","10":"product_tag-laualamp","11":"product_tag-valgustid","13":"first","14":"instock","15":"taxable","16":"shipping-taxable","17":"purchasable","18":"product-type-simple"},"ct_brands":[{"id":264,"name":"Audo CPH","slug":"audo-cph"}],"_links":{"self":[{"href":"https:\/\/arhainteriors.ee\/en\/wp-json\/wp\/v2\/product\/4463","targetHints":{"allow":["GET"]}}],"collection":[{"href":"https:\/\/arhainteriors.ee\/en\/wp-json\/wp\/v2\/product"}],"about":[{"href":"https:\/\/arhainteriors.ee\/en\/wp-json\/wp\/v2\/types\/product"}],"wp:featuredmedia":[{"embeddable":true,"href":"https:\/\/arhainteriors.ee\/en\/wp-json\/wp\/v2\/media\/4464"}],"wp:attachment":[{"href":"https:\/\/arhainteriors.ee\/en\/wp-json\/wp\/v2\/media?parent=4463"}],"wp:term":[{"taxonomy":"product_brand","embeddable":true,"href":"https:\/\/arhainteriors.ee\/en\/wp-json\/wp\/v2\/product_brand?post=4463"},{"taxonomy":"product_cat","embeddable":true,"href":"https:\/\/arhainteriors.ee\/en\/wp-json\/wp\/v2\/product_cat?post=4463"},{"taxonomy":"product_tag","embeddable":true,"href":"https:\/\/arhainteriors.ee\/en\/wp-json\/wp\/v2\/product_tag?post=4463"}],"curies":[{"name":"wp","href":"https:\/\/api.w.org\/{rel}","templated":true}]}}