{"id":4443,"date":"2024-01-28T18:35:06","date_gmt":"2024-01-28T18:35:06","guid":{"rendered":"https:\/\/arhainteriors.ee\/?post_type=product&#038;p=4443"},"modified":"2024-09-04T18:08:45","modified_gmt":"2024-09-04T18:08:45","slug":"dancing-rippvalgusti","status":"publish","type":"product","link":"https:\/\/arhainteriors.ee\/en\/toode\/dancing-rippvalgusti\/","title":{"rendered":"DANCING rippvalgusti"},"content":{"rendered":"","protected":false},"excerpt":{"rendered":"<p><strong>Toote k\u00f5rgus:<\/strong> 58 cm\u00a0 <strong>Toote laius:<\/strong> 95 cm<\/p>\n<p><strong><img loading=\"lazy\" decoding=\"async\" class=\"alignnone wp-image-7782\" src=\"https:\/\/arhainteriors.ee\/wp-content\/uploads\/2024\/07\/icons8-upload-32.png\" alt=\"\" width=\"18\" height=\"18\" \/>\u00a0<a href=\"https:\/\/presscloud.com\/file\/60\/603606475693748\/PFS_Dancing_Pendant.pdf\">tooteandmed<\/a><\/strong>\u00a0,\u00a0<strong><img loading=\"lazy\" decoding=\"async\" class=\"alignnone wp-image-7782\" src=\"https:\/\/arhainteriors.ee\/wp-content\/uploads\/2024\/07\/icons8-upload-32.png\" alt=\"\" width=\"18\" height=\"18\" \/>\u00a0<a href=\"https:\/\/audo.presscloud.com\/digitalshowroom\/#\/gallery\/Dancing-Pendant\">2d\/3d failid<\/a><\/strong>\u00a0 ,\u00a0<strong><img loading=\"lazy\" decoding=\"async\" class=\"alignnone wp-image-7782\" src=\"https:\/\/arhainteriors.ee\/wp-content\/uploads\/2024\/07\/icons8-upload-32.png\" alt=\"\" width=\"18\" height=\"18\" \/>\u00a0<a href=\"https:\/\/presscloud.com\/file\/65\/655477028398859\/Audo_Cph_Care_Instructions.pdf\">hooldusjuhend<\/a><\/strong><\/p>\n<p>Disain on lugu jutustamise kunstiks vastavalt Kopenhaagenis asuvale duo Iskos-Berlinile, ja nende Dancing Pendant Audo Copenhageni jaoks paneb selle p\u00f5him\u00f5tte praktikasse. \u00dclima osavusega, kuid m\u00e4ngulise keerdk\u00e4iguga v\u00f5tab see ekspressiivne deklaratsioonlamp oma disaini vihjed tantsija voltseelikust, mis on p\u00fc\u00fctud keerutamise keskel lehvima \u2014 idee, mis kasvab ja leiab oma l\u00f5pliku vormi, t\u00e4pne ja korrastatud, kuid samas pehme ja vedel. See j\u00e4tkusuutlik lamp on valmistatud katsutavast pol\u00fcestervildist, ringlussev\u00f5etavast materjalist, mis on valmistatud kasutatud plastpudelitest.<\/p>\n","protected":false},"featured_media":4444,"template":"","meta":{"_gspb_post_css":""},"product_brand":[264],"product_cat":[184,183],"product_tag":[232,194,189],"class_list":{"0":"post-4443","1":"product","2":"type-product","3":"status-publish","4":"has-post-thumbnail","6":"product_brand-audo-cph","7":"product_cat-rippvalgustid","8":"product_cat-valgustid","9":"product_tag-audo","10":"product_tag-rippvalgusti","11":"product_tag-valgustid","13":"first","14":"instock","15":"taxable","16":"shipping-taxable","17":"purchasable","18":"product-type-simple"},"ct_brands":[{"id":264,"name":"Audo CPH","slug":"audo-cph"}],"_links":{"self":[{"href":"https:\/\/arhainteriors.ee\/en\/wp-json\/wp\/v2\/product\/4443","targetHints":{"allow":["GET"]}}],"collection":[{"href":"https:\/\/arhainteriors.ee\/en\/wp-json\/wp\/v2\/product"}],"about":[{"href":"https:\/\/arhainteriors.ee\/en\/wp-json\/wp\/v2\/types\/product"}],"wp:featuredmedia":[{"embeddable":true,"href":"https:\/\/arhainteriors.ee\/en\/wp-json\/wp\/v2\/media\/4444"}],"wp:attachment":[{"href":"https:\/\/arhainteriors.ee\/en\/wp-json\/wp\/v2\/media?parent=4443"}],"wp:term":[{"taxonomy":"product_brand","embeddable":true,"href":"https:\/\/arhainteriors.ee\/en\/wp-json\/wp\/v2\/product_brand?post=4443"},{"taxonomy":"product_cat","embeddable":true,"href":"https:\/\/arhainteriors.ee\/en\/wp-json\/wp\/v2\/product_cat?post=4443"},{"taxonomy":"product_tag","embeddable":true,"href":"https:\/\/arhainteriors.ee\/en\/wp-json\/wp\/v2\/product_tag?post=4443"}],"curies":[{"name":"wp","href":"https:\/\/api.w.org\/{rel}","templated":true}]}}