{"id":4435,"date":"2024-01-28T18:27:20","date_gmt":"2024-01-28T18:27:20","guid":{"rendered":"https:\/\/arhainteriors.ee\/?post_type=product&#038;p=4435"},"modified":"2024-09-04T18:11:47","modified_gmt":"2024-09-04T18:11:47","slug":"resonant-rippvalgusti","status":"publish","type":"product","link":"https:\/\/arhainteriors.ee\/en\/toode\/resonant-rippvalgusti\/","title":{"rendered":"RESONANT rippvalgusti"},"content":{"rendered":"","protected":false},"excerpt":{"rendered":"<p><strong>Toote k\u00f5rgus:<\/strong> 27 cm\u00a0 <strong>Toote laius:<\/strong> 53 cm<\/p>\n<p><strong><img loading=\"lazy\" decoding=\"async\" class=\"alignnone wp-image-7782\" src=\"https:\/\/arhainteriors.ee\/wp-content\/uploads\/2024\/07\/icons8-upload-32.png\" alt=\"\" width=\"18\" height=\"18\" \/>\u00a0<a href=\"https:\/\/presscloud.com\/file\/82\/824776850451678\/PFS_Resonant_Pendant.pdf\">tooteandmed<\/a><\/strong>\u00a0,\u00a0<strong><img loading=\"lazy\" decoding=\"async\" class=\"alignnone wp-image-7782\" src=\"https:\/\/arhainteriors.ee\/wp-content\/uploads\/2024\/07\/icons8-upload-32.png\" alt=\"\" width=\"18\" height=\"18\" \/>\u00a0<a href=\"https:\/\/audo.presscloud.com\/digitalshowroom\/#\/gallery\/Resonant-Pendant\">2d\/3d failid<\/a><\/strong>\u00a0 ,\u00a0<strong><img loading=\"lazy\" decoding=\"async\" class=\"alignnone wp-image-7782\" src=\"https:\/\/arhainteriors.ee\/wp-content\/uploads\/2024\/07\/icons8-upload-32.png\" alt=\"\" width=\"18\" height=\"18\" \/>\u00a0<a href=\"https:\/\/presscloud.com\/file\/65\/655477028398859\/Audo_Cph_Care_Instructions.pdf\">hooldusjuhend<\/a><\/strong><\/p>\n<p>Disainitud 1950. aastatel Alf Svenssoni ja Yngvar Sandstr\u00f6mi poolt, on Resonant t\u00e4naseni sama asjakohane kui kunagi varem. See keskpaiga ripatslamp on l\u00f6\u00f6v ja samal ajal lihtne, vormitud poleeritud messingist nelja kontsentrilise varjundiga, mis suunavad pimestamiseta valgust allapoole. Sobib h\u00e4sti igasse ruumi, selle nimi viitab visuaalsele koostoimele valguse ja heli vahel, peegeldudes l\u00e4ikival pinnal ja kajastudes \u00fcle toa.<\/p>\n","protected":false},"featured_media":4436,"template":"","meta":{"_gspb_post_css":""},"product_brand":[264],"product_cat":[184,183],"product_tag":[232,194,189],"class_list":{"0":"post-4435","1":"product","2":"type-product","3":"status-publish","4":"has-post-thumbnail","6":"product_brand-audo-cph","7":"product_cat-rippvalgustid","8":"product_cat-valgustid","9":"product_tag-audo","10":"product_tag-rippvalgusti","11":"product_tag-valgustid","13":"first","14":"instock","15":"taxable","16":"shipping-taxable","17":"purchasable","18":"product-type-simple"},"ct_brands":[{"id":264,"name":"Audo CPH","slug":"audo-cph"}],"_links":{"self":[{"href":"https:\/\/arhainteriors.ee\/en\/wp-json\/wp\/v2\/product\/4435","targetHints":{"allow":["GET"]}}],"collection":[{"href":"https:\/\/arhainteriors.ee\/en\/wp-json\/wp\/v2\/product"}],"about":[{"href":"https:\/\/arhainteriors.ee\/en\/wp-json\/wp\/v2\/types\/product"}],"wp:featuredmedia":[{"embeddable":true,"href":"https:\/\/arhainteriors.ee\/en\/wp-json\/wp\/v2\/media\/4436"}],"wp:attachment":[{"href":"https:\/\/arhainteriors.ee\/en\/wp-json\/wp\/v2\/media?parent=4435"}],"wp:term":[{"taxonomy":"product_brand","embeddable":true,"href":"https:\/\/arhainteriors.ee\/en\/wp-json\/wp\/v2\/product_brand?post=4435"},{"taxonomy":"product_cat","embeddable":true,"href":"https:\/\/arhainteriors.ee\/en\/wp-json\/wp\/v2\/product_cat?post=4435"},{"taxonomy":"product_tag","embeddable":true,"href":"https:\/\/arhainteriors.ee\/en\/wp-json\/wp\/v2\/product_tag?post=4435"}],"curies":[{"name":"wp","href":"https:\/\/api.w.org\/{rel}","templated":true}]}}