{"id":4430,"date":"2024-01-28T18:24:06","date_gmt":"2024-01-28T18:24:06","guid":{"rendered":"https:\/\/arhainteriors.ee\/?post_type=product&#038;p=4430"},"modified":"2024-09-04T18:21:31","modified_gmt":"2024-09-04T18:21:31","slug":"collector-chandelier-5-rippvalgusti","status":"publish","type":"product","link":"https:\/\/arhainteriors.ee\/en\/toode\/collector-chandelier-5-rippvalgusti\/","title":{"rendered":"COLLECTOR CHANDELIER 5 rippvalgusti"},"content":{"rendered":"","protected":false},"excerpt":{"rendered":"<p><strong>Toote k\u00f5rgus:<\/strong> 26 cm\u00a0 <strong>Toote laius:<\/strong> 66,5 cm<\/p>\n<p><strong><img loading=\"lazy\" decoding=\"async\" class=\"alignnone wp-image-7782\" src=\"https:\/\/arhainteriors.ee\/wp-content\/uploads\/2024\/07\/icons8-upload-32.png\" alt=\"\" width=\"18\" height=\"18\" \/>\u00a0<a href=\"https:\/\/presscloud.com\/file\/61\/619826491960433\/PFS_Collector_Chandelier.pdf\">tooteandmed<\/a><\/strong>\u00a0,\u00a0<strong><img loading=\"lazy\" decoding=\"async\" class=\"alignnone wp-image-7782\" src=\"https:\/\/arhainteriors.ee\/wp-content\/uploads\/2024\/07\/icons8-upload-32.png\" alt=\"\" width=\"18\" height=\"18\" \/>\u00a0<a href=\"https:\/\/audo.presscloud.com\/digitalshowroom\/#\/gallery\/Collector-Chandelier\">2d\/3d failid<\/a><\/strong>\u00a0 ,\u00a0<strong><img loading=\"lazy\" decoding=\"async\" class=\"alignnone wp-image-7782\" src=\"https:\/\/arhainteriors.ee\/wp-content\/uploads\/2024\/07\/icons8-upload-32.png\" alt=\"\" width=\"18\" height=\"18\" \/>\u00a0<a href=\"https:\/\/presscloud.com\/file\/65\/655477028398859\/Audo_Cph_Care_Instructions.pdf\">hooldusjuhend<\/a><\/strong><\/p>\n<p>\u00dcks kolmest 1950. aastatel Rootsi disaineri Alf Svenssoni loodud valgustist, Chandelier 5 esindab pilkup\u00fc\u00fcdvat keskpaiga esteetikat. Selle massiivse messingist riba hoiab k\u00fcmme geomeetrilist metallist varjundit, mis suunavad valgust nii \u00fcles kui ka alla. Varjundites olevad v\u00e4ikesed avad v\u00f5imaldavad lisavalgusel l\u00e4bi paista. Selle ajatu v\u00e4limus, mis on iseloomulik sellele, mil ajal see Skandinaavia Modernistliku perioodi jaoks disainitud oli, sobib igasse keskkonda, muutes selle v\u00f5rdselt koduselt nii avalikus kui ka eraruumis esilet\u00f5stva valgustina.<\/p>\n","protected":false},"featured_media":4432,"template":"","meta":{"_gspb_post_css":""},"product_brand":[264],"product_cat":[184,183],"product_tag":[232,194,189],"class_list":{"0":"post-4430","1":"product","2":"type-product","3":"status-publish","4":"has-post-thumbnail","6":"product_brand-audo-cph","7":"product_cat-rippvalgustid","8":"product_cat-valgustid","9":"product_tag-audo","10":"product_tag-rippvalgusti","11":"product_tag-valgustid","13":"first","14":"instock","15":"taxable","16":"shipping-taxable","17":"purchasable","18":"product-type-simple"},"ct_brands":[{"id":264,"name":"Audo CPH","slug":"audo-cph"}],"_links":{"self":[{"href":"https:\/\/arhainteriors.ee\/en\/wp-json\/wp\/v2\/product\/4430","targetHints":{"allow":["GET"]}}],"collection":[{"href":"https:\/\/arhainteriors.ee\/en\/wp-json\/wp\/v2\/product"}],"about":[{"href":"https:\/\/arhainteriors.ee\/en\/wp-json\/wp\/v2\/types\/product"}],"wp:featuredmedia":[{"embeddable":true,"href":"https:\/\/arhainteriors.ee\/en\/wp-json\/wp\/v2\/media\/4432"}],"wp:attachment":[{"href":"https:\/\/arhainteriors.ee\/en\/wp-json\/wp\/v2\/media?parent=4430"}],"wp:term":[{"taxonomy":"product_brand","embeddable":true,"href":"https:\/\/arhainteriors.ee\/en\/wp-json\/wp\/v2\/product_brand?post=4430"},{"taxonomy":"product_cat","embeddable":true,"href":"https:\/\/arhainteriors.ee\/en\/wp-json\/wp\/v2\/product_cat?post=4430"},{"taxonomy":"product_tag","embeddable":true,"href":"https:\/\/arhainteriors.ee\/en\/wp-json\/wp\/v2\/product_tag?post=4430"}],"curies":[{"name":"wp","href":"https:\/\/api.w.org\/{rel}","templated":true}]}}