{"id":4423,"date":"2024-01-28T18:10:43","date_gmt":"2024-01-28T18:10:43","guid":{"rendered":"https:\/\/arhainteriors.ee\/?post_type=product&#038;p=4423"},"modified":"2024-09-04T18:25:28","modified_gmt":"2024-09-04T18:25:28","slug":"jwda-rippvalgusti-metallik","status":"publish","type":"product","link":"https:\/\/arhainteriors.ee\/en\/toode\/jwda-rippvalgusti-metallik\/","title":{"rendered":"JWDA rippvalgusti, metallik"},"content":{"rendered":"","protected":false},"excerpt":{"rendered":"<p><strong>Toote k\u00f5rgus:<\/strong> 33,5 cm\u00a0 <strong>Toote laius:<\/strong> 23 cm<\/p>\n<p><strong><img loading=\"lazy\" decoding=\"async\" class=\"alignnone wp-image-7782\" src=\"https:\/\/arhainteriors.ee\/wp-content\/uploads\/2024\/07\/icons8-upload-32.png\" alt=\"\" width=\"18\" height=\"18\" \/>\u00a0<a href=\"https:\/\/presscloud.com\/file\/13\/131210045012273\/PFS_JWDA_Pendant.pdf\">tooteandmed<\/a><\/strong>\u00a0,\u00a0<strong><img loading=\"lazy\" decoding=\"async\" class=\"alignnone wp-image-7782\" src=\"https:\/\/arhainteriors.ee\/wp-content\/uploads\/2024\/07\/icons8-upload-32.png\" alt=\"\" width=\"18\" height=\"18\" \/>\u00a0<a href=\"https:\/\/audo.presscloud.com\/digitalshowroom\/#\/gallery\/JWDA\">2d\/3d failid<\/a><\/strong>\u00a0 ,\u00a0<strong><img loading=\"lazy\" decoding=\"async\" class=\"alignnone wp-image-7782\" src=\"https:\/\/arhainteriors.ee\/wp-content\/uploads\/2024\/07\/icons8-upload-32.png\" alt=\"\" width=\"18\" height=\"18\" \/>\u00a0<a href=\"https:\/\/presscloud.com\/file\/65\/655477028398859\/Audo_Cph_Care_Instructions.pdf\">hooldusjuhend<\/a><\/strong><\/p>\n<p>JWDA rippvalgusti on kollektsiooni lampide osa, mis on inspireeritud traditsioonilistest \u00f5lilampidest. Lamp on valmistatud ausatest materjalidest, mille elegantsust t\u00e4iustab selle disaini peensus. Lihtsustatud ja v\u00e4hendatud oma olemuseni, on JWDA minimalistlik lamp, kuid tugeva iseloomuga. Selle \u00fcmarus v\u00e4ljendab soojust ja s\u00f5bralikkust. Lamp esindab uurimust betooni t\u00f6mbi iseloomu, \u00f5rna klaasi ja peenestatud messingi kontrastides. Ebatavaliselt ripatslambi jaoks on JWDA-l l\u00fcliti oma aluses, praktiline funktsioon, mis teeb sellest ideaalse ripatslambi s\u00f6\u00f6gilaua v\u00f5i kontorilaua kohale riputamiseks.<\/p>\n","protected":false},"featured_media":4424,"template":"","meta":{"_gspb_post_css":""},"product_brand":[264],"product_cat":[184,183],"product_tag":[232,194,189],"class_list":{"0":"post-4423","1":"product","2":"type-product","3":"status-publish","4":"has-post-thumbnail","6":"product_brand-audo-cph","7":"product_cat-rippvalgustid","8":"product_cat-valgustid","9":"product_tag-audo","10":"product_tag-rippvalgusti","11":"product_tag-valgustid","13":"first","14":"instock","15":"taxable","16":"shipping-taxable","17":"purchasable","18":"product-type-simple"},"ct_brands":[{"id":264,"name":"Audo CPH","slug":"audo-cph"}],"_links":{"self":[{"href":"https:\/\/arhainteriors.ee\/en\/wp-json\/wp\/v2\/product\/4423","targetHints":{"allow":["GET"]}}],"collection":[{"href":"https:\/\/arhainteriors.ee\/en\/wp-json\/wp\/v2\/product"}],"about":[{"href":"https:\/\/arhainteriors.ee\/en\/wp-json\/wp\/v2\/types\/product"}],"wp:featuredmedia":[{"embeddable":true,"href":"https:\/\/arhainteriors.ee\/en\/wp-json\/wp\/v2\/media\/4424"}],"wp:attachment":[{"href":"https:\/\/arhainteriors.ee\/en\/wp-json\/wp\/v2\/media?parent=4423"}],"wp:term":[{"taxonomy":"product_brand","embeddable":true,"href":"https:\/\/arhainteriors.ee\/en\/wp-json\/wp\/v2\/product_brand?post=4423"},{"taxonomy":"product_cat","embeddable":true,"href":"https:\/\/arhainteriors.ee\/en\/wp-json\/wp\/v2\/product_cat?post=4423"},{"taxonomy":"product_tag","embeddable":true,"href":"https:\/\/arhainteriors.ee\/en\/wp-json\/wp\/v2\/product_tag?post=4423"}],"curies":[{"name":"wp","href":"https:\/\/api.w.org\/{rel}","templated":true}]}}