{"id":4407,"date":"2024-01-28T17:53:19","date_gmt":"2024-01-28T17:53:19","guid":{"rendered":"https:\/\/arhainteriors.ee\/?post_type=product&#038;p=4407"},"modified":"2024-09-04T18:39:24","modified_gmt":"2024-09-04T18:39:24","slug":"norm-seinapeegel","status":"publish","type":"product","link":"https:\/\/arhainteriors.ee\/en\/toode\/norm-seinapeegel\/","title":{"rendered":"NORM seinapeegel"},"content":{"rendered":"","protected":false},"excerpt":{"rendered":"<p><strong>Toote k\u00f5rgus:<\/strong> 50 cm\u00a0 <strong>Toote laius:<\/strong> 70 cm<\/p>\n<p><strong><img loading=\"lazy\" decoding=\"async\" class=\"alignnone wp-image-7782\" src=\"https:\/\/arhainteriors.ee\/wp-content\/uploads\/2024\/07\/icons8-upload-32.png\" alt=\"\" width=\"18\" height=\"18\" \/>\u00a0<a href=\"https:\/\/presscloud.com\/file\/87\/873016761025489\/PFS_Norm_Mirror.pdf\">tooteandmed<\/a><\/strong>\u00a0,\u00a0<strong><img loading=\"lazy\" decoding=\"async\" class=\"alignnone wp-image-7782\" src=\"https:\/\/arhainteriors.ee\/wp-content\/uploads\/2024\/07\/icons8-upload-32.png\" alt=\"\" width=\"18\" height=\"18\" \/>\u00a0<a href=\"https:\/\/audo.presscloud.com\/digitalshowroom\/#\/gallery\/Norm-Mirror-Rectangular\">2d\/3d failid<\/a><\/strong>\u00a0 ,\u00a0<strong><img loading=\"lazy\" decoding=\"async\" class=\"alignnone wp-image-7782\" src=\"https:\/\/arhainteriors.ee\/wp-content\/uploads\/2024\/07\/icons8-upload-32.png\" alt=\"\" width=\"18\" height=\"18\" \/>\u00a0<a href=\"https:\/\/presscloud.com\/file\/65\/655477028398859\/Audo_Cph_Care_Instructions.pdf\">hooldusjuhend<\/a><\/strong><\/p>\n<p>Ristk\u00fclikukujuline peegel &#8211; Statement Bath Collection Floor Mirror v\u00e4ljan\u00e4gemise ja tunde kannab edasi kompaktsem, tualetilaadne Bath Mirror. Muidugi sobib elegantne kuju suurep\u00e4raselt nii vannituppa kui ka esikusse v\u00f5i magamistuppa, kas seina peale monteerituna v\u00f5i kapi v\u00f5i laua peal asetsevana. Saadaval on must ja valge ning see on heldelt suur, et anda teile vajalik perspektiiv, samal ajal visuaalselt laiendades teie ruumi.<\/p>\n","protected":false},"featured_media":4408,"template":"","meta":{"_gspb_post_css":""},"product_brand":[264],"product_cat":[215],"product_tag":[232,218],"class_list":{"0":"post-4407","1":"product","2":"type-product","3":"status-publish","4":"has-post-thumbnail","6":"product_brand-audo-cph","7":"product_cat-peeglid","8":"product_tag-audo","9":"product_tag-peeglid","11":"first","12":"instock","13":"taxable","14":"shipping-taxable","15":"purchasable","16":"product-type-simple"},"ct_brands":[{"id":264,"name":"Audo CPH","slug":"audo-cph"}],"_links":{"self":[{"href":"https:\/\/arhainteriors.ee\/en\/wp-json\/wp\/v2\/product\/4407","targetHints":{"allow":["GET"]}}],"collection":[{"href":"https:\/\/arhainteriors.ee\/en\/wp-json\/wp\/v2\/product"}],"about":[{"href":"https:\/\/arhainteriors.ee\/en\/wp-json\/wp\/v2\/types\/product"}],"wp:featuredmedia":[{"embeddable":true,"href":"https:\/\/arhainteriors.ee\/en\/wp-json\/wp\/v2\/media\/4408"}],"wp:attachment":[{"href":"https:\/\/arhainteriors.ee\/en\/wp-json\/wp\/v2\/media?parent=4407"}],"wp:term":[{"taxonomy":"product_brand","embeddable":true,"href":"https:\/\/arhainteriors.ee\/en\/wp-json\/wp\/v2\/product_brand?post=4407"},{"taxonomy":"product_cat","embeddable":true,"href":"https:\/\/arhainteriors.ee\/en\/wp-json\/wp\/v2\/product_cat?post=4407"},{"taxonomy":"product_tag","embeddable":true,"href":"https:\/\/arhainteriors.ee\/en\/wp-json\/wp\/v2\/product_tag?post=4407"}],"curies":[{"name":"wp","href":"https:\/\/api.w.org\/{rel}","templated":true}]}}