{"id":4405,"date":"2024-01-28T17:51:10","date_gmt":"2024-01-28T17:51:10","guid":{"rendered":"https:\/\/arhainteriors.ee\/?post_type=product&#038;p=4405"},"modified":"2024-09-04T18:43:33","modified_gmt":"2024-09-04T18:43:33","slug":"pepe-marmorpeegel-2","status":"publish","type":"product","link":"https:\/\/arhainteriors.ee\/en\/toode\/pepe-marmorpeegel-2\/","title":{"rendered":"PEPE marmorpeegel"},"content":{"rendered":"","protected":false},"excerpt":{"rendered":"<p><strong>Toote k\u00f5rgus:<\/strong> 25 cm\u00a0 <strong>Toote laius:<\/strong> 3 cm<\/p>\n<p><strong><img loading=\"lazy\" decoding=\"async\" class=\"alignnone wp-image-7782\" src=\"https:\/\/arhainteriors.ee\/wp-content\/uploads\/2024\/07\/icons8-upload-32.png\" alt=\"\" width=\"18\" height=\"18\" \/>\u00a0<a href=\"https:\/\/presscloud.com\/file\/74\/746568247899575\/PFS_Pepe_Marble_Mirror_Wall.pdf\">tooteandmed<\/a><\/strong>\u00a0,\u00a0<strong><img loading=\"lazy\" decoding=\"async\" class=\"alignnone wp-image-7782\" src=\"https:\/\/arhainteriors.ee\/wp-content\/uploads\/2024\/07\/icons8-upload-32.png\" alt=\"\" width=\"18\" height=\"18\" \/>\u00a0<a href=\"https:\/\/audo.presscloud.com\/digitalshowroom\/#\/gallery\/Pepe-Marble-Mirror\">2d\/3d failid<\/a><\/strong>\u00a0 ,\u00a0<strong><img loading=\"lazy\" decoding=\"async\" class=\"alignnone wp-image-7782\" src=\"https:\/\/arhainteriors.ee\/wp-content\/uploads\/2024\/07\/icons8-upload-32.png\" alt=\"\" width=\"18\" height=\"18\" \/>\u00a0<a href=\"https:\/\/presscloud.com\/file\/65\/655477028398859\/Audo_Cph_Care_Instructions.pdf\">hooldusjuhend<\/a><\/strong><\/p>\n<p>Pepe marmorpeegel, mille on kavandanud Milanos asuv stuudio Studiopepe, on elegantne uurimus funktsionaalsuse ja esteetika kattumisest. Pepe oli varem saadaval ainult seisva peeglina ja n\u00fc\u00fcd on saadaval ka seinale kinnitatud versioon. See muudab selle ideaalseks v\u00e4ikeste ruumide jaoks ning kohtades, kus te ei soovi esemeid liigutatavaks, nagu restorani vannitoad v\u00f5i hotellitoad. Peegli \u00fcks k\u00fclg pakub tavalist peegeldust, samas kui teine n\u00e4itab 300% suurendust; t\u00e4iuslik peegel enesehoolduseks.<\/p>\n","protected":false},"featured_media":4406,"template":"","meta":{"_gspb_post_css":""},"product_brand":[264],"product_cat":[215],"product_tag":[232,218],"class_list":{"0":"post-4405","1":"product","2":"type-product","3":"status-publish","4":"has-post-thumbnail","6":"product_brand-audo-cph","7":"product_cat-peeglid","8":"product_tag-audo","9":"product_tag-peeglid","11":"first","12":"instock","13":"taxable","14":"shipping-taxable","15":"purchasable","16":"product-type-simple"},"ct_brands":[{"id":264,"name":"Audo CPH","slug":"audo-cph"}],"_links":{"self":[{"href":"https:\/\/arhainteriors.ee\/en\/wp-json\/wp\/v2\/product\/4405","targetHints":{"allow":["GET"]}}],"collection":[{"href":"https:\/\/arhainteriors.ee\/en\/wp-json\/wp\/v2\/product"}],"about":[{"href":"https:\/\/arhainteriors.ee\/en\/wp-json\/wp\/v2\/types\/product"}],"wp:featuredmedia":[{"embeddable":true,"href":"https:\/\/arhainteriors.ee\/en\/wp-json\/wp\/v2\/media\/4406"}],"wp:attachment":[{"href":"https:\/\/arhainteriors.ee\/en\/wp-json\/wp\/v2\/media?parent=4405"}],"wp:term":[{"taxonomy":"product_brand","embeddable":true,"href":"https:\/\/arhainteriors.ee\/en\/wp-json\/wp\/v2\/product_brand?post=4405"},{"taxonomy":"product_cat","embeddable":true,"href":"https:\/\/arhainteriors.ee\/en\/wp-json\/wp\/v2\/product_cat?post=4405"},{"taxonomy":"product_tag","embeddable":true,"href":"https:\/\/arhainteriors.ee\/en\/wp-json\/wp\/v2\/product_tag?post=4405"}],"curies":[{"name":"wp","href":"https:\/\/api.w.org\/{rel}","templated":true}]}}