{"id":4395,"date":"2024-01-28T16:31:04","date_gmt":"2024-01-28T16:31:04","guid":{"rendered":"https:\/\/arhainteriors.ee\/?post_type=product&#038;p=4395"},"modified":"2024-09-04T18:50:49","modified_gmt":"2024-09-04T18:50:49","slug":"nimbus-peegel-o60cm","status":"publish","type":"product","link":"https:\/\/arhainteriors.ee\/en\/toode\/nimbus-peegel-o60cm\/","title":{"rendered":"NIMBUS peegel, \u00d860cm"},"content":{"rendered":"","protected":false},"excerpt":{"rendered":"<p><strong><img loading=\"lazy\" decoding=\"async\" class=\"alignnone wp-image-7782\" src=\"https:\/\/arhainteriors.ee\/wp-content\/uploads\/2024\/07\/icons8-upload-32.png\" alt=\"\" width=\"18\" height=\"18\" \/>\u00a0<a href=\"https:\/\/presscloud.com\/file\/91\/913939816395808\/PFS_Nimbus_Mirror.pdf\">tooteandmed<\/a><\/strong>\u00a0,\u00a0<strong><img loading=\"lazy\" decoding=\"async\" class=\"alignnone wp-image-7782\" src=\"https:\/\/arhainteriors.ee\/wp-content\/uploads\/2024\/07\/icons8-upload-32.png\" alt=\"\" width=\"18\" height=\"18\" \/>\u00a0<a href=\"https:\/\/audo.presscloud.com\/digitalshowroom\/#\/gallery\/Nimbus-Mirror-%25C3%2598110\">2d\/3d failid<\/a><\/strong><a href=\"https:\/\/audo.presscloud.com\/digitalshowroom\/#\/gallery\/Nimbus-Mirror-%25C3%2598110\">\u00a0<\/a> ,\u00a0<strong><img loading=\"lazy\" decoding=\"async\" class=\"alignnone wp-image-7782\" src=\"https:\/\/arhainteriors.ee\/wp-content\/uploads\/2024\/07\/icons8-upload-32.png\" alt=\"\" width=\"18\" height=\"18\" \/>\u00a0<a href=\"https:\/\/presscloud.com\/file\/65\/655477028398859\/Audo_Cph_Care_Instructions.pdf\">hooldusjuhend<\/a><\/strong><\/p>\n<p>Nimbus Mirror muudab esilekutsuvaks negatiivse ruumi, mis \u00fcmbritseb selle valgust peegeldavat klaasi. Kompaktne disain on loodud spetsiaalselt v\u00e4iksemate ruumide jaoks, kartmata suurep\u00e4rase disaini ilu ja funktsiooni ning igap\u00e4evase peegelduse vajadust &#8211; t\u00e4iesti s\u00f5na-s\u00f5nalt. Poleeritud v\u00f5i pronks messingist peegel m\u00e4\u00e4ratleb ruumi oma rahustava ja keeruka kujuga.<\/p>\n","protected":false},"featured_media":4396,"template":"","meta":{"_gspb_post_css":""},"product_brand":[264],"product_cat":[215],"product_tag":[232,255,218],"class_list":{"0":"post-4395","1":"product","2":"type-product","3":"status-publish","4":"has-post-thumbnail","6":"product_brand-audo-cph","7":"product_cat-peeglid","8":"product_tag-audo","9":"product_tag-nimbus","10":"product_tag-peeglid","12":"first","13":"instock","14":"taxable","15":"shipping-taxable","16":"purchasable","17":"product-type-simple"},"ct_brands":[{"id":264,"name":"Audo CPH","slug":"audo-cph"}],"_links":{"self":[{"href":"https:\/\/arhainteriors.ee\/en\/wp-json\/wp\/v2\/product\/4395","targetHints":{"allow":["GET"]}}],"collection":[{"href":"https:\/\/arhainteriors.ee\/en\/wp-json\/wp\/v2\/product"}],"about":[{"href":"https:\/\/arhainteriors.ee\/en\/wp-json\/wp\/v2\/types\/product"}],"wp:featuredmedia":[{"embeddable":true,"href":"https:\/\/arhainteriors.ee\/en\/wp-json\/wp\/v2\/media\/4396"}],"wp:attachment":[{"href":"https:\/\/arhainteriors.ee\/en\/wp-json\/wp\/v2\/media?parent=4395"}],"wp:term":[{"taxonomy":"product_brand","embeddable":true,"href":"https:\/\/arhainteriors.ee\/en\/wp-json\/wp\/v2\/product_brand?post=4395"},{"taxonomy":"product_cat","embeddable":true,"href":"https:\/\/arhainteriors.ee\/en\/wp-json\/wp\/v2\/product_cat?post=4395"},{"taxonomy":"product_tag","embeddable":true,"href":"https:\/\/arhainteriors.ee\/en\/wp-json\/wp\/v2\/product_tag?post=4395"}],"curies":[{"name":"wp","href":"https:\/\/api.w.org\/{rel}","templated":true}]}}