{"id":4393,"date":"2024-01-28T16:28:55","date_gmt":"2024-01-28T16:28:55","guid":{"rendered":"https:\/\/arhainteriors.ee\/?post_type=product&#038;p=4393"},"modified":"2024-09-04T18:52:36","modified_gmt":"2024-09-04T18:52:36","slug":"nimbus-peegel-o110cm","status":"publish","type":"product","link":"https:\/\/arhainteriors.ee\/en\/toode\/nimbus-peegel-o110cm\/","title":{"rendered":"NIMBUS peegel, \u00d8110cm"},"content":{"rendered":"","protected":false},"excerpt":{"rendered":"<p><strong><img loading=\"lazy\" decoding=\"async\" class=\"alignnone wp-image-7782\" src=\"https:\/\/arhainteriors.ee\/wp-content\/uploads\/2024\/07\/icons8-upload-32.png\" alt=\"\" width=\"18\" height=\"18\" \/>\u00a0<a href=\"https:\/\/presscloud.com\/file\/91\/913939816395808\/PFS_Nimbus_Mirror.pdf\">tooteandmed<\/a><\/strong>\u00a0,\u00a0<strong><img loading=\"lazy\" decoding=\"async\" class=\"alignnone wp-image-7782\" src=\"https:\/\/arhainteriors.ee\/wp-content\/uploads\/2024\/07\/icons8-upload-32.png\" alt=\"\" width=\"18\" height=\"18\" \/><a href=\"https:\/\/audo.presscloud.com\/digitalshowroom\/#\/gallery\/Nimbus-Mirror-%25C3%2598110\">\u00a02d\/3d failid<\/a><\/strong>\u00a0 ,\u00a0<strong><img loading=\"lazy\" decoding=\"async\" class=\"alignnone wp-image-7782\" src=\"https:\/\/arhainteriors.ee\/wp-content\/uploads\/2024\/07\/icons8-upload-32.png\" alt=\"\" width=\"18\" height=\"18\" \/>\u00a0<a href=\"https:\/\/presscloud.com\/file\/65\/655477028398859\/Audo_Cph_Care_Instructions.pdf\">hooldusjuhend<\/a><\/strong><\/p>\n<p>Otsides viisi, kuidas pilti v\u00f5i maali raamitakse, uuris Kopenhaagenis asuv disainistuudio kr\u00f8yer-s\u00e6tter-lassen, kuidas terve raam saaks \u00fcmbritseda peeglit, kahjustamata klaasi ilu ja peegeldust. Tulemuseks on Nimbus, v\u00e4rskendavalt lihtne peegel pronksist v\u00f5i poleeritud messingist ja valgust peegeldavast klaasist, mis m\u00e4\u00e4ratleb ruumi rahustava ja keeruka \u00fcmarakuju abil.<\/p>\n","protected":false},"featured_media":4394,"template":"","meta":{"_gspb_post_css":""},"product_brand":[264],"product_cat":[215],"product_tag":[232,218],"class_list":{"0":"post-4393","1":"product","2":"type-product","3":"status-publish","4":"has-post-thumbnail","6":"product_brand-audo-cph","7":"product_cat-peeglid","8":"product_tag-audo","9":"product_tag-peeglid","11":"first","12":"instock","13":"taxable","14":"shipping-taxable","15":"purchasable","16":"product-type-simple"},"ct_brands":[{"id":264,"name":"Audo CPH","slug":"audo-cph"}],"_links":{"self":[{"href":"https:\/\/arhainteriors.ee\/en\/wp-json\/wp\/v2\/product\/4393","targetHints":{"allow":["GET"]}}],"collection":[{"href":"https:\/\/arhainteriors.ee\/en\/wp-json\/wp\/v2\/product"}],"about":[{"href":"https:\/\/arhainteriors.ee\/en\/wp-json\/wp\/v2\/types\/product"}],"wp:featuredmedia":[{"embeddable":true,"href":"https:\/\/arhainteriors.ee\/en\/wp-json\/wp\/v2\/media\/4394"}],"wp:attachment":[{"href":"https:\/\/arhainteriors.ee\/en\/wp-json\/wp\/v2\/media?parent=4393"}],"wp:term":[{"taxonomy":"product_brand","embeddable":true,"href":"https:\/\/arhainteriors.ee\/en\/wp-json\/wp\/v2\/product_brand?post=4393"},{"taxonomy":"product_cat","embeddable":true,"href":"https:\/\/arhainteriors.ee\/en\/wp-json\/wp\/v2\/product_cat?post=4393"},{"taxonomy":"product_tag","embeddable":true,"href":"https:\/\/arhainteriors.ee\/en\/wp-json\/wp\/v2\/product_tag?post=4393"}],"curies":[{"name":"wp","href":"https:\/\/api.w.org\/{rel}","templated":true}]}}