{"id":4391,"date":"2024-01-28T16:23:51","date_gmt":"2024-01-28T16:23:51","guid":{"rendered":"https:\/\/arhainteriors.ee\/?post_type=product&#038;p=4391"},"modified":"2024-09-04T18:54:31","modified_gmt":"2024-09-04T18:54:31","slug":"offset-diivan-3-kohaline","status":"publish","type":"product","link":"https:\/\/arhainteriors.ee\/en\/toode\/offset-diivan-3-kohaline\/","title":{"rendered":"OFFSET diivan, 3-kohaline"},"content":{"rendered":"","protected":false},"excerpt":{"rendered":"<p><strong>Toote k\u00f5rgus:<\/strong> 59 cm\u00a0 <strong>Toote laius:<\/strong> 228 cm<\/p>\n<p><strong><img loading=\"lazy\" decoding=\"async\" class=\"alignnone wp-image-7782\" src=\"https:\/\/arhainteriors.ee\/wp-content\/uploads\/2024\/07\/icons8-upload-32.png\" alt=\"\" width=\"18\" height=\"18\" \/>\u00a0<a href=\"https:\/\/presscloud.com\/file\/16\/162214366424281\/PFS_Offset_Sofa.pdf\">tooteandmed<\/a><\/strong>\u00a0,\u00a0<strong><img loading=\"lazy\" decoding=\"async\" class=\"alignnone wp-image-7782\" src=\"https:\/\/arhainteriors.ee\/wp-content\/uploads\/2024\/07\/icons8-upload-32.png\" alt=\"\" width=\"18\" height=\"18\" \/>\u00a0<a href=\"https:\/\/audo.presscloud.com\/digitalshowroom\/#\/gallery\/Offset\">2d\/3d failid<\/a><\/strong>\u00a0 ,\u00a0<strong><img loading=\"lazy\" decoding=\"async\" class=\"alignnone wp-image-7782\" src=\"https:\/\/arhainteriors.ee\/wp-content\/uploads\/2024\/07\/icons8-upload-32.png\" alt=\"\" width=\"18\" height=\"18\" \/>\u00a0<a href=\"https:\/\/presscloud.com\/file\/65\/655477028398859\/Audo_Cph_Care_Instructions.pdf\">hooldusjuhend<\/a><\/strong><\/p>\n<p>Offset on Norm Architectsi uurimist\u00f6\u00f6 tulemus teemal &#8216;tasakaal&#8217;. Stuudio soovis luua diivanit v\u00f5imalikult lihtsal viisil, samal ajal omades hulka paradokse: muutes selle massiivseks, kuid habrase v\u00e4limusega, arhitektuurseks, kuid kutsuvaks ja koduseks.<\/p>\n<p>Norm Architects soovis luua diivanit, mis haaraks endasse hulga paradokse: muutes selle massiivseks, kuid habrase v\u00e4limusega, arhitektuurseks, kuid kutsuvaks ja koduseks mugavuse poolest.<\/p>\n","protected":false},"featured_media":4392,"template":"","meta":{"_gspb_post_css":""},"product_brand":[264],"product_cat":[244,243],"product_tag":[246,232,245],"class_list":{"0":"post-4391","1":"product","2":"type-product","3":"status-publish","4":"has-post-thumbnail","6":"product_brand-audo-cph","7":"product_cat-3-kohalised","8":"product_cat-diivanid","9":"product_tag-3-kohalised","10":"product_tag-audo","11":"product_tag-diivanid","13":"first","14":"instock","15":"taxable","16":"shipping-taxable","17":"purchasable","18":"product-type-simple"},"ct_brands":[{"id":264,"name":"Audo CPH","slug":"audo-cph"}],"_links":{"self":[{"href":"https:\/\/arhainteriors.ee\/en\/wp-json\/wp\/v2\/product\/4391","targetHints":{"allow":["GET"]}}],"collection":[{"href":"https:\/\/arhainteriors.ee\/en\/wp-json\/wp\/v2\/product"}],"about":[{"href":"https:\/\/arhainteriors.ee\/en\/wp-json\/wp\/v2\/types\/product"}],"wp:featuredmedia":[{"embeddable":true,"href":"https:\/\/arhainteriors.ee\/en\/wp-json\/wp\/v2\/media\/4392"}],"wp:attachment":[{"href":"https:\/\/arhainteriors.ee\/en\/wp-json\/wp\/v2\/media?parent=4391"}],"wp:term":[{"taxonomy":"product_brand","embeddable":true,"href":"https:\/\/arhainteriors.ee\/en\/wp-json\/wp\/v2\/product_brand?post=4391"},{"taxonomy":"product_cat","embeddable":true,"href":"https:\/\/arhainteriors.ee\/en\/wp-json\/wp\/v2\/product_cat?post=4391"},{"taxonomy":"product_tag","embeddable":true,"href":"https:\/\/arhainteriors.ee\/en\/wp-json\/wp\/v2\/product_tag?post=4391"}],"curies":[{"name":"wp","href":"https:\/\/api.w.org\/{rel}","templated":true}]}}