{"id":4387,"date":"2024-01-28T16:21:07","date_gmt":"2024-01-28T16:21:07","guid":{"rendered":"https:\/\/arhainteriors.ee\/?post_type=product&#038;p=4387"},"modified":"2024-01-31T17:32:11","modified_gmt":"2024-01-31T17:32:11","slug":"offset-diivan-2-kohaline","status":"publish","type":"product","link":"https:\/\/arhainteriors.ee\/en\/toode\/offset-diivan-2-kohaline\/","title":{"rendered":"OFFSET diivan, 2-kohaline"},"content":{"rendered":"","protected":false},"excerpt":{"rendered":"<p>Offset on Norm Architectsi uurimist\u00f6\u00f6 tulemus teemal &#8216;tasakaal&#8217;. Stuudio soovis luua diivanit v\u00f5imalikult lihtsal viisil, samal ajal omades hulka paradokse: muutes selle massiivseks, kuid habrase v\u00e4limusega, arhitektuurseks, kuid kutsuvaks ja koduseks.<\/p>\n<p>Norm Architects soovis luua diivanit, mis haaraks endasse hulga paradokse: muutes selle massiivseks, kuid habrase v\u00e4limusega, arhitektuurseks, kuid kutsuvaks ja koduseks mugavuse poolest.<\/p>\n","protected":false},"featured_media":4388,"template":"","meta":{"_gspb_post_css":""},"product_brand":[264],"product_cat":[247,243],"product_tag":[248,232,245],"class_list":{"0":"post-4387","1":"product","2":"type-product","3":"status-publish","4":"has-post-thumbnail","6":"product_brand-audo-cph","7":"product_cat-2-kohalised","8":"product_cat-diivanid","9":"product_tag-2-kohalised","10":"product_tag-audo","11":"product_tag-diivanid","13":"first","14":"instock","15":"taxable","16":"shipping-taxable","17":"purchasable","18":"product-type-simple"},"ct_brands":[{"id":264,"name":"Audo CPH","slug":"audo-cph"}],"_links":{"self":[{"href":"https:\/\/arhainteriors.ee\/en\/wp-json\/wp\/v2\/product\/4387","targetHints":{"allow":["GET"]}}],"collection":[{"href":"https:\/\/arhainteriors.ee\/en\/wp-json\/wp\/v2\/product"}],"about":[{"href":"https:\/\/arhainteriors.ee\/en\/wp-json\/wp\/v2\/types\/product"}],"wp:featuredmedia":[{"embeddable":true,"href":"https:\/\/arhainteriors.ee\/en\/wp-json\/wp\/v2\/media\/4388"}],"wp:attachment":[{"href":"https:\/\/arhainteriors.ee\/en\/wp-json\/wp\/v2\/media?parent=4387"}],"wp:term":[{"taxonomy":"product_brand","embeddable":true,"href":"https:\/\/arhainteriors.ee\/en\/wp-json\/wp\/v2\/product_brand?post=4387"},{"taxonomy":"product_cat","embeddable":true,"href":"https:\/\/arhainteriors.ee\/en\/wp-json\/wp\/v2\/product_cat?post=4387"},{"taxonomy":"product_tag","embeddable":true,"href":"https:\/\/arhainteriors.ee\/en\/wp-json\/wp\/v2\/product_tag?post=4387"}],"curies":[{"name":"wp","href":"https:\/\/api.w.org\/{rel}","templated":true}]}}